{"id":59341,"date":"2024-05-31T18:19:27","date_gmt":"2024-05-31T11:19:27","guid":{"rendered":"https:\/\/mouldking.store\/shop\/custom-92189-magic-book-with-749-pieces\/"},"modified":"2024-05-31T18:19:27","modified_gmt":"2024-05-31T11:19:27","slug":"custom-92189-magic-book-with-749-pieces","status":"publish","type":"product","link":"https:\/\/mouldking.store\/es\/shop\/custom-92189-magic-book-with-749-pieces\/","title":{"rendered":"Libro m\u00e1gico personalizado 92189 con 749 piezas"},"content":{"rendered":"<div>\u2705Custom 92189 Magic Book<\/p>\n<p>\u2705A magic book is a fictional or fantasy-themed book that possesses supernatural or mystical properties, often playing a central role in stories of adventure, mystery, or fantasy.&nbsp;<\/p>\n<p>\ud83d\udeab \u00a1IMPORTANTE!<\/p>\n<p>Product Name: Magic Book<\/p>\n<p>Categor\u00eda: Creador<\/p>\n<p>This Kit Contains: Custom 92189&nbsp;<\/p>\n<p>749 pcs Good Quality Bricks<\/p>\n<p>Instrucciones manuales<\/p>\n<p>\ud83d\udcccNaturaleza del protagonista<\/p>\n<p>Introducing our proud collection named \u201cMagic Book\u201d you should not miss.<\/p>\n<p>Magic book is a captivating and versatile narrative device that adds an element of mystery, wonder, and excitement to stories of fantasy, adventure, and the supernatural. With its mystical powers, ancient lore, and potential for both good and evil, the magic book continues to captivate the imagination of readers and storytellers alike.<\/p><\/div>","protected":false},"excerpt":{"rendered":"<p>Marca: Personalizado<br \/>\nG\u00e9nero: Unisex<br \/>\nRango de edad: &gt; 6 a\u00f1os<br \/>\nModel Number: 92189<br \/>\nClasificaci\u00f3n: Ensamblaje<br \/>\nForma de bloque de pl\u00e1stico: Ladrillos autoblocantes<br \/>\nMaterial: Pl\u00e1stico<br \/>\nTipo de pl\u00e1stico: ABS<br \/>\nBricks Blocks: 749 +<br \/>\nSin caja original<br \/>\nEl producto no incluye PEGATINA ni Piezas IMPRESAS. Todas las piezas impresas se reemplazar\u00e1n por piezas est\u00e1ndar y no se incluir\u00e1n en los accesorios de terceros.<\/p>","protected":false},"featured_media":59340,"comment_status":"open","ping_status":"closed","template":"","meta":{"_acf_changed":false},"product_cat":[1365,371],"product_tag":[1411,11072,8452,13228,8858],"class_list":["product","first","instock","shipping-taxable","purchasable","product-type-simple"],"acf":[],"_links":{"self":[{"href":"https:\/\/mouldking.store\/es\/wp-json\/wp\/v2\/product\/59341","targetHints":{"allow":["GET"]}}],"collection":[{"href":"https:\/\/mouldking.store\/es\/wp-json\/wp\/v2\/product"}],"about":[{"href":"https:\/\/mouldking.store\/es\/wp-json\/wp\/v2\/types\/product"}],"replies":[{"embeddable":true,"href":"https:\/\/mouldking.store\/es\/wp-json\/wp\/v2\/comments?post=59341"}],"wp:featuredmedia":[{"embeddable":true,"href":"https:\/\/mouldking.store\/es\/wp-json\/wp\/v2\/media\/59340"}],"wp:attachment":[{"href":"https:\/\/mouldking.store\/es\/wp-json\/wp\/v2\/media?parent=59341"}],"wp:term":[{"taxonomy":"product_cat","embeddable":true,"href":"https:\/\/mouldking.store\/es\/wp-json\/wp\/v2\/product_cat?post=59341"},{"taxonomy":"product_tag","embeddable":true,"href":"https:\/\/mouldking.store\/es\/wp-json\/wp\/v2\/product_tag?post=59341"}],"curies":[{"name":"wp","href":"https:\/\/api.w.org\/{rel}","templated":true}]}}