{"id":59382,"date":"2024-06-04T17:48:45","date_gmt":"2024-06-04T10:48:45","guid":{"rendered":"https:\/\/mouldking.store\/shop\/custom-11001-the-words-of-azure-flowers-with-1853-pieces\/"},"modified":"2024-06-04T17:48:59","modified_gmt":"2024-06-04T10:48:59","slug":"custom-11001-the-words-of-azure-flowers-with-1853-pieces","status":"publish","type":"product","link":"https:\/\/mouldking.store\/es\/shop\/custom-11001-the-words-of-azure-flowers-with-1853-pieces\/","title":{"rendered":"Custom 11001 Las Palabras De Las Flores Azules con 1853 Piezas"},"content":{"rendered":"<div>\u2705Custom 11001 The Words Of Azure Flowers<\/p>\n<p>\u2705&#8221;Azure Flowers&#8221; is a phrase rich with potential meanings and associations. Whether symbolizing peace, inspiration, or mystery, these blue blossoms capture the imagination and add a touch of ethereal beauty to any context in which they appear.&nbsp;<\/p>\n<p>\ud83d\udeab \u00a1IMPORTANTE!<\/p>\n<p>Product Name: The Words Of Azure Flowers<\/p>\n<p>Categor\u00eda: Creador<\/p>\n<p>This Kit Contains: Custom 11001<\/p>\n<p>1853 pcs Good Quality Bricks<\/p>\n<p>Size:&nbsp; 7.8 \u00d7 7.8 \u00d7 12.7 cm<\/p>\n<p>Instrucciones manuales<\/p>\n<p>\ud83d\udcccNaturaleza del protagonista<\/p>\n<p>Introducing our proud collection named \u201cThe Words Of Azure Flowers\u201d you should not miss.<\/p>\n<p>Together, &#8220;The Words of Azure Flowers&#8221; might suggest messages or poems inspired by or associated with the beauty and tranquility of blue flowers. It evokes imagery of nature and serenity, suggesting a calming and peaceful theme.<\/p><\/div>","protected":false},"excerpt":{"rendered":"<p>Marca: Personalizado<br \/>\nG\u00e9nero: Unisex<br \/>\nRango de edad: &gt; 14 a\u00f1os<br \/>\nN\u00famero de modelo: 11001<br \/>\nClasificaci\u00f3n: Ensamblaje<br \/>\nForma de bloque de pl\u00e1stico: Ladrillos autoblocantes<br \/>\nMaterial: Pl\u00e1stico<br \/>\nTipo de pl\u00e1stico: ABS<br \/>\nBricks Blocks: 1853 +<br \/>\nSin caja original<br \/>\nEl producto no incluye PEGATINA ni Piezas IMPRESAS. Todas las piezas impresas se reemplazar\u00e1n por piezas est\u00e1ndar y no se incluir\u00e1n en los accesorios de terceros.<\/p>","protected":false},"featured_media":59381,"comment_status":"open","ping_status":"closed","template":"","meta":{"_acf_changed":false},"product_cat":[1365,371],"product_tag":[6899,11072,8452,11601,11106,13415],"class_list":["product","first","instock","shipping-taxable","purchasable","product-type-simple"],"acf":[],"_links":{"self":[{"href":"https:\/\/mouldking.store\/es\/wp-json\/wp\/v2\/product\/59382","targetHints":{"allow":["GET"]}}],"collection":[{"href":"https:\/\/mouldking.store\/es\/wp-json\/wp\/v2\/product"}],"about":[{"href":"https:\/\/mouldking.store\/es\/wp-json\/wp\/v2\/types\/product"}],"replies":[{"embeddable":true,"href":"https:\/\/mouldking.store\/es\/wp-json\/wp\/v2\/comments?post=59382"}],"wp:featuredmedia":[{"embeddable":true,"href":"https:\/\/mouldking.store\/es\/wp-json\/wp\/v2\/media\/59381"}],"wp:attachment":[{"href":"https:\/\/mouldking.store\/es\/wp-json\/wp\/v2\/media?parent=59382"}],"wp:term":[{"taxonomy":"product_cat","embeddable":true,"href":"https:\/\/mouldking.store\/es\/wp-json\/wp\/v2\/product_cat?post=59382"},{"taxonomy":"product_tag","embeddable":true,"href":"https:\/\/mouldking.store\/es\/wp-json\/wp\/v2\/product_tag?post=59382"}],"curies":[{"name":"wp","href":"https:\/\/api.w.org\/{rel}","templated":true}]}}