{"id":59406,"date":"2024-06-04T18:09:34","date_gmt":"2024-06-04T11:09:34","guid":{"rendered":"https:\/\/mouldking.store\/shop\/jiqing-jq10003-grocery-store-with-2225-pieces\/"},"modified":"2024-06-04T18:09:43","modified_gmt":"2024-06-04T11:09:43","slug":"jiqing-jq10003-grocery-store-with-2225-pieces","status":"publish","type":"product","link":"https:\/\/mouldking.store\/es\/shop\/jiqing-jq10003-grocery-store-with-2225-pieces\/","title":{"rendered":"JiQing JQ10003 Grocery Store with 2225 Pieces"},"content":{"rendered":"<div>\u2705 JiQing JQ10003 Grocery Store<\/p>\n<p>\u2705A grocery store is a retail establishment that primarily sells food and other household items. It is an essential part of everyday life, providing a wide range of products that cater to the needs of the community.<\/p>\n<p>\ud83d\udeab \u00a1IMPORTANTE!<\/p>\n<p>Product Name: Grocery Store<\/p>\n<p>Categor\u00eda: Edificio Modular<\/p>\n<p>This Kit Contains: Grocery Store<\/p>\n<p>2225 pcs Good Quality Bricks<\/p>\n<p>Size: 19.5 \u00d7 19.5 \u00d7 27 cm<\/p>\n<p>Instrucciones manuales<\/p>\n<p>\ud83d\udcccNaturaleza del protagonista<\/p>\n<p>Introducing our proud collection named \u201cGrocery Store\u201d you should not miss.<\/p>\n<p>A grocery store is more than just a place to buy food; it\u2019s a community hub that supports daily life with a diverse range of products and services. From fresh produce and meats to household items and personal care products, grocery stores are designed to meet the varied needs of their customers while providing a convenient and enjoyable shopping experience.<\/p><\/div>","protected":false},"excerpt":{"rendered":"<p>Brand: JiQing<br \/>\nG\u00e9nero: Unisex<br \/>\nRango de edad: &gt; 8 a\u00f1os<br \/>\nModel Number: JQ10003<br \/>\nClasificaci\u00f3n: Ensamblaje<br \/>\nForma de bloque de pl\u00e1stico: Ladrillos autoblocantes<br \/>\nMaterial: Pl\u00e1stico<br \/>\nTipo de pl\u00e1stico: ABS<br \/>\nBricks Blocks: 2225 +<br \/>\nSin caja original<br \/>\nEl producto no incluye PEGATINA ni Piezas IMPRESAS. Todas las piezas impresas se reemplazar\u00e1n por piezas est\u00e1ndar y no se incluir\u00e1n en los accesorios de terceros.<\/p>","protected":false},"featured_media":59405,"comment_status":"open","ping_status":"closed","template":"","meta":{"_acf_changed":false},"product_cat":[1395,1502,390],"product_tag":[11244,4883,13420,12866,12336,5679,392,1693],"class_list":["product","first","instock","shipping-taxable","purchasable","product-type-simple"],"acf":[],"_links":{"self":[{"href":"https:\/\/mouldking.store\/es\/wp-json\/wp\/v2\/product\/59406","targetHints":{"allow":["GET"]}}],"collection":[{"href":"https:\/\/mouldking.store\/es\/wp-json\/wp\/v2\/product"}],"about":[{"href":"https:\/\/mouldking.store\/es\/wp-json\/wp\/v2\/types\/product"}],"replies":[{"embeddable":true,"href":"https:\/\/mouldking.store\/es\/wp-json\/wp\/v2\/comments?post=59406"}],"wp:featuredmedia":[{"embeddable":true,"href":"https:\/\/mouldking.store\/es\/wp-json\/wp\/v2\/media\/59405"}],"wp:attachment":[{"href":"https:\/\/mouldking.store\/es\/wp-json\/wp\/v2\/media?parent=59406"}],"wp:term":[{"taxonomy":"product_cat","embeddable":true,"href":"https:\/\/mouldking.store\/es\/wp-json\/wp\/v2\/product_cat?post=59406"},{"taxonomy":"product_tag","embeddable":true,"href":"https:\/\/mouldking.store\/es\/wp-json\/wp\/v2\/product_tag?post=59406"}],"curies":[{"name":"wp","href":"https:\/\/api.w.org\/{rel}","templated":true}]}}