{"id":59423,"date":"2024-06-04T18:25:30","date_gmt":"2024-06-04T11:25:30","guid":{"rendered":"https:\/\/mouldking.store\/shop\/jiqing-jq10002-market-street-with-1456-pieces\/"},"modified":"2024-06-04T18:25:47","modified_gmt":"2024-06-04T11:25:47","slug":"jiqing-jq10002-market-street-with-1456-pieces","status":"publish","type":"product","link":"https:\/\/mouldking.store\/es\/shop\/jiqing-jq10002-market-street-with-1456-pieces\/","title":{"rendered":"JiQing JQ10002 Market Street with 1456 Pieces"},"content":{"rendered":"<div>\u2705JiQing JQ10002 Market Street<\/p>\n<p>\u2705&#8221;Market Street&#8221; is a term commonly used to refer to a central thoroughfare or commercial district within a city or town where various shops, vendors, and businesses are located. Market streets are often bustling with activity and serve as vibrant hubs of economic and social interaction.&nbsp;<\/p>\n<p>\ud83d\udeab \u00a1IMPORTANTE!<\/p>\n<p>Product Name: Market Street<\/p>\n<p>Categor\u00eda: Edificio Modular<\/p>\n<p>This Kit Contains: JiQing JQ10002<\/p>\n<p>1456 pcs Good Quality Bricks<\/p>\n<p>Size: 19 \u00d7 14.5 \u00d7 27 cm<\/p>\n<p>Instrucciones manuales<\/p>\n<p>\ud83d\udcccNaturaleza del protagonista<\/p>\n<p>Introducing our proud collection named \u201cMarket Street\u201d you should not miss.<\/p>\n<p>Market Streets are dynamic and diverse urban environments that serve as important economic, social, and cultural centers within cities and towns. With their bustling activity, eclectic mix of shops, and vibrant atmosphere, Market Streets offer a unique and memorable experience for locals and visitors alike.<\/p><\/div>","protected":false},"excerpt":{"rendered":"<p>Brand: JiQing<br \/>\nG\u00e9nero: Unisex<br \/>\nRango de edad: &gt; 6 a\u00f1os<br \/>\nModel Number: JQ10002<br \/>\nClasificaci\u00f3n: Ensamblaje<br \/>\nForma de bloque de pl\u00e1stico: Ladrillos autoblocantes<br \/>\nMaterial: Pl\u00e1stico<br \/>\nTipo de pl\u00e1stico: ABS<br \/>\nBricks Blocks: 1456 +<br \/>\nSin caja original<br \/>\nEl producto no incluye PEGATINA ni Piezas IMPRESAS. Todas las piezas impresas se reemplazar\u00e1n por piezas est\u00e1ndar y no se incluir\u00e1n en los accesorios de terceros.<\/p>","protected":false},"featured_media":59422,"comment_status":"open","ping_status":"closed","template":"","meta":{"_acf_changed":false},"product_cat":[1395,1502,390],"product_tag":[11244,4883,3450,1089,5679,392,3012],"class_list":["product","first","instock","shipping-taxable","purchasable","product-type-simple"],"acf":[],"_links":{"self":[{"href":"https:\/\/mouldking.store\/es\/wp-json\/wp\/v2\/product\/59423","targetHints":{"allow":["GET"]}}],"collection":[{"href":"https:\/\/mouldking.store\/es\/wp-json\/wp\/v2\/product"}],"about":[{"href":"https:\/\/mouldking.store\/es\/wp-json\/wp\/v2\/types\/product"}],"replies":[{"embeddable":true,"href":"https:\/\/mouldking.store\/es\/wp-json\/wp\/v2\/comments?post=59423"}],"wp:featuredmedia":[{"embeddable":true,"href":"https:\/\/mouldking.store\/es\/wp-json\/wp\/v2\/media\/59422"}],"wp:attachment":[{"href":"https:\/\/mouldking.store\/es\/wp-json\/wp\/v2\/media?parent=59423"}],"wp:term":[{"taxonomy":"product_cat","embeddable":true,"href":"https:\/\/mouldking.store\/es\/wp-json\/wp\/v2\/product_cat?post=59423"},{"taxonomy":"product_tag","embeddable":true,"href":"https:\/\/mouldking.store\/es\/wp-json\/wp\/v2\/product_tag?post=59423"}],"curies":[{"name":"wp","href":"https:\/\/api.w.org\/{rel}","templated":true}]}}