{"id":59444,"date":"2024-06-04T18:31:41","date_gmt":"2024-06-04T11:31:41","guid":{"rendered":"https:\/\/mouldking.store\/shop\/mould-king-20030-ev2-all-terrain-tracked-vehicle-with-1046-pieces\/"},"modified":"2024-06-04T18:31:57","modified_gmt":"2024-06-04T11:31:57","slug":"mould-king-20030-ev2-all-terrain-tracked-vehicle-with-1046-pieces","status":"publish","type":"product","link":"https:\/\/mouldking.store\/es\/shop\/mould-king-20030-ev2-all-terrain-tracked-vehicle-with-1046-pieces\/","title":{"rendered":"Veh\u00edculo todoterreno de orugas MOULD KING 20030 EV2 con 1046 piezas"},"content":{"rendered":"<div>\u2705MouldKing 20030 EV2 All Terrain Tracked Vehicle&nbsp;<\/p>\n<p>\u2705The EV2 All Terrain Tracked Vehicle is designed to traverse a variety of rugged environments, providing superior mobility where wheeled vehicles cannot go. This makes it ideal for off-road adventures, search and rescue operations, military applications, and more.<\/p>\n<p>\ud83d\udeab \u00a1IMPORTANTE!<\/p>\n<p>Product Name: EV2 All Terrain Tracked Vehicle&nbsp;<\/p>\n<p>Categor\u00eda: Militar<\/p>\n<p>This Kit Contains: MouldKing 20030<\/p>\n<p>1046 pcs Good Quality Bricks<\/p>\n<p>Size: 30 \u00d7 14 \u00d7 15 cm<\/p>\n<p>Instrucciones manuales<\/p>\n<p>\ud83d\udcccNaturaleza del protagonista<\/p>\n<p>Introducing our proud collection named \u201cEV2 All Terrain Tracked Vehicle \u201d you should not miss.<\/p>\n<p>Material: Lightweight, high-strength materials like aluminum or carbon fiber to reduce weight while maintaining durability.<br \/>Design: Aerodynamic and compact design for maneuverability and storage.<br \/>Safety Features: Roll cage, seat belts, airbags, and emergency locator beacons.<br \/>Communication Systems: Long-range radios, satellite communication, and onboard diagnostics.<\/div>","protected":false},"excerpt":{"rendered":"<p>Marca: MOLD KING<br \/>\nG\u00e9nero: Unisex<br \/>\nRango de edad: &gt; 14 a\u00f1os<br \/>\nModel Number: 20030<br \/>\nClasificaci\u00f3n: Ensamblaje<br \/>\nForma de bloque de pl\u00e1stico: Ladrillos autoblocantes<br \/>\nMaterial: Pl\u00e1stico<br \/>\nTipo de pl\u00e1stico: ABS<br \/>\nBricks Blocks: 1046 +<br \/>\nSin caja original<br \/>\nEl producto no incluye PEGATINA ni Piezas IMPRESAS. Todas las piezas impresas se reemplazar\u00e1n por piezas est\u00e1ndar y no se incluir\u00e1n en los accesorios de terceros.<\/p>","protected":false},"featured_media":59443,"comment_status":"open","ping_status":"closed","template":"","meta":{"_acf_changed":false},"product_cat":[1384,1350,1357,372,364],"product_tag":[11220,13424,374,485,389,11373,13425,2803],"class_list":["product","first","instock","shipping-taxable","purchasable","product-type-simple"],"acf":[],"_links":{"self":[{"href":"https:\/\/mouldking.store\/es\/wp-json\/wp\/v2\/product\/59444","targetHints":{"allow":["GET"]}}],"collection":[{"href":"https:\/\/mouldking.store\/es\/wp-json\/wp\/v2\/product"}],"about":[{"href":"https:\/\/mouldking.store\/es\/wp-json\/wp\/v2\/types\/product"}],"replies":[{"embeddable":true,"href":"https:\/\/mouldking.store\/es\/wp-json\/wp\/v2\/comments?post=59444"}],"wp:featuredmedia":[{"embeddable":true,"href":"https:\/\/mouldking.store\/es\/wp-json\/wp\/v2\/media\/59443"}],"wp:attachment":[{"href":"https:\/\/mouldking.store\/es\/wp-json\/wp\/v2\/media?parent=59444"}],"wp:term":[{"taxonomy":"product_cat","embeddable":true,"href":"https:\/\/mouldking.store\/es\/wp-json\/wp\/v2\/product_cat?post=59444"},{"taxonomy":"product_tag","embeddable":true,"href":"https:\/\/mouldking.store\/es\/wp-json\/wp\/v2\/product_tag?post=59444"}],"curies":[{"name":"wp","href":"https:\/\/api.w.org\/{rel}","templated":true}]}}