{"id":59590,"date":"2024-06-10T18:39:07","date_gmt":"2024-06-10T11:39:07","guid":{"rendered":"https:\/\/mouldking.store\/shop\/mould-king-27061-apollo-ie-mini-car-with-325-pieces\/"},"modified":"2024-06-10T18:39:14","modified_gmt":"2024-06-10T11:39:14","slug":"mould-king-27061-apollo-ie-mini-car-with-325-pieces","status":"publish","type":"product","link":"https:\/\/mouldking.store\/es\/shop\/mould-king-27061-apollo-ie-mini-car-with-325-pieces\/","title":{"rendered":"MOULD KING 27061 Apollo IE Mini Car with 325 Pieces"},"content":{"rendered":"<div>\u2705Mould King 27061 Apollo IE Mini Car<\/p>\n<p>\u2705 The Apollo Intensa Emozione (IE) is anything but &#8220;mini&#8221; \u2013 it&#8217;s a hypercar that commands attention with its striking design and blistering performance. Crafted by Apollo Automobili, a boutique manufacturer known for pushing the boundaries of automotive engineering, the IE is a masterpiece of carbon fiber construction and aerodynamic precision.&nbsp;<\/p>\n<p>\ud83d\udeab \u00a1IMPORTANTE!<\/p>\n<p>Product Name: Apollo IE Mini Car<\/p>\n<p>Categor\u00eda: T\u00e9cnica<\/p>\n<p>This Kit Contains: Mould King 27061<\/p>\n<p>325&nbsp; pcs Good Quality Bricks<\/p>\n<p>Size: 17.8 \u00d7 8.2 \u00d7 4.8 cm<\/p>\n<p>Instrucciones manuales<\/p>\n<p>\ud83d\udcccNaturaleza del protagonista<\/p>\n<p>Introducing our proud collection named \u201cApollo IE Mini Car\u201d you should not miss.<\/p>\n<p>Its aggressive stance and dramatic lines are complemented by a naturally aspirated V12 engine that produces over 780 horsepower, propelling the car from 0 to 60 mph in just 2.7 seconds. With a top speed exceeding 208 mph, the IE offers a visceral driving experience that few cars can match. Each IE is meticulously hand-built to the highest standards, with a focus on craftsmanship and attention to detail. Limited to a production run of only 10 units, the Apollo IE is a rare and exclusive hypercar that represents the pinnacle of automotive performance and artistry.<\/p><\/div>","protected":false},"excerpt":{"rendered":"<p>Marca: MOLD KING<br \/>\nG\u00e9nero: Unisex<br \/>\nRango de edad: &gt; 6 a\u00f1os<br \/>\nModel Number: 27061<br \/>\nClasificaci\u00f3n: Ensamblaje<br \/>\nForma de bloque de pl\u00e1stico: Ladrillos autoblocantes<br \/>\nMaterial: Pl\u00e1stico<br \/>\nTipo de pl\u00e1stico: ABS<br \/>\nBricks Blocks: 325 +<br \/>\nSin caja original<br \/>\nEl producto no incluye PEGATINA ni Piezas IMPRESAS. Todas las piezas impresas se reemplazar\u00e1n por piezas est\u00e1ndar y no se incluir\u00e1n en los accesorios de terceros.<\/p>","protected":false},"featured_media":59589,"comment_status":"open","ping_status":"closed","template":"","meta":{"_acf_changed":false},"product_cat":[1360,1357,364,1875],"product_tag":[5173,457,389],"class_list":["product","first","instock","shipping-taxable","purchasable","product-type-simple"],"acf":[],"_links":{"self":[{"href":"https:\/\/mouldking.store\/es\/wp-json\/wp\/v2\/product\/59590","targetHints":{"allow":["GET"]}}],"collection":[{"href":"https:\/\/mouldking.store\/es\/wp-json\/wp\/v2\/product"}],"about":[{"href":"https:\/\/mouldking.store\/es\/wp-json\/wp\/v2\/types\/product"}],"replies":[{"embeddable":true,"href":"https:\/\/mouldking.store\/es\/wp-json\/wp\/v2\/comments?post=59590"}],"wp:featuredmedia":[{"embeddable":true,"href":"https:\/\/mouldking.store\/es\/wp-json\/wp\/v2\/media\/59589"}],"wp:attachment":[{"href":"https:\/\/mouldking.store\/es\/wp-json\/wp\/v2\/media?parent=59590"}],"wp:term":[{"taxonomy":"product_cat","embeddable":true,"href":"https:\/\/mouldking.store\/es\/wp-json\/wp\/v2\/product_cat?post=59590"},{"taxonomy":"product_tag","embeddable":true,"href":"https:\/\/mouldking.store\/es\/wp-json\/wp\/v2\/product_tag?post=59590"}],"curies":[{"name":"wp","href":"https:\/\/api.w.org\/{rel}","templated":true}]}}