{"id":59602,"date":"2024-06-10T18:39:47","date_gmt":"2024-06-10T11:39:47","guid":{"rendered":"https:\/\/mouldking.store\/shop\/mould-king-27063-aston-dbs-mini-car-with-354-pieces\/"},"modified":"2024-06-10T18:39:55","modified_gmt":"2024-06-10T11:39:55","slug":"mould-king-27063-aston-dbs-mini-car-with-354-pieces","status":"publish","type":"product","link":"https:\/\/mouldking.store\/es\/shop\/mould-king-27063-aston-dbs-mini-car-with-354-pieces\/","title":{"rendered":"MOULD KING 27063 Aston DBS Mini Car with 354 Pieces"},"content":{"rendered":"<div>\u2705Mould King 27063 Aston DBS Mini Car<\/p>\n<p>\u2705 The Aston Martin DBS is a high-performance grand tourer produced by the British luxury car manufacturer Aston Martin. Positioned as a flagship model within Aston Martin&#8217;s lineup, the DBS represents the pinnacle of the brand&#8217;s engineering and design prowess. Originally introduced in 1967, the DBS nameplate was revived in 2007 with the launch of the modern DBS model.&nbsp;<\/p>\n<p>\ud83d\udeab \u00a1IMPORTANTE!<\/p>\n<p>Product Name: Aston DBS Mini Car<\/p>\n<p>Categor\u00eda: T\u00e9cnica<\/p>\n<p>This Kit Contains: Mould King 27063<\/p>\n<p>354&nbsp; pcs Good Quality Bricks<\/p>\n<p>Size: 16.4 \u00d7 7.8 \u00d7 4.9 cm<\/p>\n<p>Instrucciones manuales<\/p>\n<p>\ud83d\udcccNaturaleza del protagonista<\/p>\n<p>Introducing our proud collection named \u201cAston DBS Mini Car\u201d you should not miss.<\/p>\n<p>&nbsp;The Aston Martin DBS represents the epitome of Aston Martin&#8217;s automotive expertise, combining breathtaking performance with luxurious comfort and timeless design. As a flagship grand tourer, the DBS embodies the spirit of driving excitement and refinement, making it a coveted choice among enthusiasts and connoisseurs of fine automobiles.&nbsp;<\/p><\/div>","protected":false},"excerpt":{"rendered":"<p>Marca: MOLD KING<br \/>\nG\u00e9nero: Unisex<br \/>\nRango de edad: &gt; 6 a\u00f1os<br \/>\nModel Number: 27063<br \/>\nClasificaci\u00f3n: Ensamblaje<br \/>\nForma de bloque de pl\u00e1stico: Ladrillos autoblocantes<br \/>\nMaterial: Pl\u00e1stico<br \/>\nTipo de pl\u00e1stico: ABS<br \/>\nBricks Blocks: 354 +<br \/>\nSin caja original<br \/>\nEl producto no incluye PEGATINA ni Piezas IMPRESAS. Todas las piezas impresas se reemplazar\u00e1n por piezas est\u00e1ndar y no se incluir\u00e1n en los accesorios de terceros.<\/p>","protected":false},"featured_media":59601,"comment_status":"open","ping_status":"closed","template":"","meta":{"_acf_changed":false},"product_cat":[1360,1357,364,1875],"product_tag":[11108,457,479,389],"class_list":["product","first","instock","shipping-taxable","purchasable","product-type-simple"],"acf":[],"_links":{"self":[{"href":"https:\/\/mouldking.store\/es\/wp-json\/wp\/v2\/product\/59602","targetHints":{"allow":["GET"]}}],"collection":[{"href":"https:\/\/mouldking.store\/es\/wp-json\/wp\/v2\/product"}],"about":[{"href":"https:\/\/mouldking.store\/es\/wp-json\/wp\/v2\/types\/product"}],"replies":[{"embeddable":true,"href":"https:\/\/mouldking.store\/es\/wp-json\/wp\/v2\/comments?post=59602"}],"wp:featuredmedia":[{"embeddable":true,"href":"https:\/\/mouldking.store\/es\/wp-json\/wp\/v2\/media\/59601"}],"wp:attachment":[{"href":"https:\/\/mouldking.store\/es\/wp-json\/wp\/v2\/media?parent=59602"}],"wp:term":[{"taxonomy":"product_cat","embeddable":true,"href":"https:\/\/mouldking.store\/es\/wp-json\/wp\/v2\/product_cat?post=59602"},{"taxonomy":"product_tag","embeddable":true,"href":"https:\/\/mouldking.store\/es\/wp-json\/wp\/v2\/product_tag?post=59602"}],"curies":[{"name":"wp","href":"https:\/\/api.w.org\/{rel}","templated":true}]}}