{"id":59608,"date":"2024-06-10T18:40:27","date_gmt":"2024-06-10T11:40:27","guid":{"rendered":"https:\/\/mouldking.store\/shop\/mould-king-27064-720s-gt3-mini-car-with-382-pieces\/"},"modified":"2024-06-10T18:40:36","modified_gmt":"2024-06-10T11:40:36","slug":"mould-king-27064-720s-gt3-mini-car-with-382-pieces","status":"publish","type":"product","link":"https:\/\/mouldking.store\/es\/shop\/mould-king-27064-720s-gt3-mini-car-with-382-pieces\/","title":{"rendered":"MOULD KING 27064 720S GT3 Mini Car with 382 Pieces"},"content":{"rendered":"<div>\u2705Mould King 27064 720S GT3 Mini Car<\/p>\n<p>\u2705 The McLaren 720S GT3 is a track-focused racing car developed by McLaren for competition in GT3 racing series worldwide. It is based on the road-going McLaren 720S supercar but has been extensively modified and optimized for racing performance.&nbsp;<\/p>\n<p>\ud83d\udeab \u00a1IMPORTANTE!<\/p>\n<p>Product Name: 720S GT3 Mini Car<\/p>\n<p>Categor\u00eda: T\u00e9cnica<\/p>\n<p>This Kit Contains: Mould King 27064<\/p>\n<p>382 pcs Good Quality Bricks<\/p>\n<p>Size:&nbsp; 16.6 \u00d7 7.6 \u00d7 4.8 cm<\/p>\n<p>Instrucciones manuales<\/p>\n<p>\ud83d\udcccNaturaleza del protagonista<\/p>\n<p>Introducing our proud collection named \u201c720S GT3 Mini Car\u201d you should not miss.<\/p>\n<p>&nbsp;The McLaren 720S GT3 represents the pinnacle of McLaren&#8217;s motorsport engineering expertise, combining cutting-edge technology, aerodynamic design, and race-proven performance to dominate the GT3 racing scene. With its striking appearance, blistering speed, and track-focused capabilities, the 720S GT3 continues to uphold McLaren&#8217;s legacy of racing excellence on tracks around the globe.&nbsp;<\/p><\/div>","protected":false},"excerpt":{"rendered":"<p>Marca: MOLD KING<br \/>\nG\u00e9nero: Unisex<br \/>\nRango de edad: &gt; 6 a\u00f1os<br \/>\nModel Number: 27064<br \/>\nClasificaci\u00f3n: Ensamblaje<br \/>\nForma de bloque de pl\u00e1stico: Ladrillos autoblocantes<br \/>\nMaterial: Pl\u00e1stico<br \/>\nTipo de pl\u00e1stico: ABS<br \/>\nBricks Blocks: 382 +<br \/>\nSin caja original<br \/>\nEl producto no incluye PEGATINA ni Piezas IMPRESAS. Todas las piezas impresas se reemplazar\u00e1n por piezas est\u00e1ndar y no se incluir\u00e1n en los accesorios de terceros.<\/p>","protected":false},"featured_media":59607,"comment_status":"open","ping_status":"closed","template":"","meta":{"_acf_changed":false},"product_cat":[1360,1357,364,1875],"product_tag":[1740,457,11375,479,389],"class_list":["product","first","instock","shipping-taxable","purchasable","product-type-simple"],"acf":[],"_links":{"self":[{"href":"https:\/\/mouldking.store\/es\/wp-json\/wp\/v2\/product\/59608","targetHints":{"allow":["GET"]}}],"collection":[{"href":"https:\/\/mouldking.store\/es\/wp-json\/wp\/v2\/product"}],"about":[{"href":"https:\/\/mouldking.store\/es\/wp-json\/wp\/v2\/types\/product"}],"replies":[{"embeddable":true,"href":"https:\/\/mouldking.store\/es\/wp-json\/wp\/v2\/comments?post=59608"}],"wp:featuredmedia":[{"embeddable":true,"href":"https:\/\/mouldking.store\/es\/wp-json\/wp\/v2\/media\/59607"}],"wp:attachment":[{"href":"https:\/\/mouldking.store\/es\/wp-json\/wp\/v2\/media?parent=59608"}],"wp:term":[{"taxonomy":"product_cat","embeddable":true,"href":"https:\/\/mouldking.store\/es\/wp-json\/wp\/v2\/product_cat?post=59608"},{"taxonomy":"product_tag","embeddable":true,"href":"https:\/\/mouldking.store\/es\/wp-json\/wp\/v2\/product_tag?post=59608"}],"curies":[{"name":"wp","href":"https:\/\/api.w.org\/{rel}","templated":true}]}}