{"id":59654,"date":"2024-06-11T18:19:40","date_gmt":"2024-06-11T11:19:40","guid":{"rendered":"https:\/\/mouldking.store\/shop\/dk-5017-snake-game-machine-with-800-pieces\/"},"modified":"2024-06-11T18:19:42","modified_gmt":"2024-06-11T11:19:42","slug":"dk-5017-snake-game-machine-with-800-pieces","status":"publish","type":"product","link":"https:\/\/mouldking.store\/es\/shop\/dk-5017-snake-game-machine-with-800-pieces\/","title":{"rendered":"DK 5017 Snake Game Machine with 800 Pieces"},"content":{"rendered":"<div>\u2705DK 5017 Snake Game Machine<\/p>\n<p>\u2705The game takes the core mechanics of the original Snake game and introduces a competitive multiplayer environment where players control snakes on a shared map, aiming to grow by consuming food and other players.<\/p>\n<p>\ud83d\udeab \u00a1IMPORTANTE!<\/p>\n<p>Product Name: Snake Game Machine<\/p>\n<p>Category: Game<\/p>\n<p>This Kit Contains: DK 5017<\/p>\n<p>800 pcs Good Quality Bricks<\/p>\n<p>Instrucciones manuales<\/p>\n<p>\ud83d\udcccNaturaleza del protagonista<\/p>\n<p>Introducing our proud collection named \u201cSnake Game Machine\u201d you should not miss.<\/p>\n<p>The gameplay starts with a small snake that players control using their mouse or touch inputs, directing its movement and using speed boosts when necessary. The objective is to consume food to grow longer and to strategically defeat other players by forcing them to collide with your snake. The game area is often bustling with numerous snakes of varying lengths, making the gameplay dynamic and engaging.<\/p><\/div>","protected":false},"excerpt":{"rendered":"<p>Marca: DK<br \/>\nG\u00e9nero: Unisex<br \/>\nRango de edad: &gt; 8 a\u00f1os<br \/>\nModel Number: 5017<br \/>\nClasificaci\u00f3n: Ensamblaje<br \/>\nForma de bloque de pl\u00e1stico: Ladrillos autoblocantes<br \/>\nMaterial: Pl\u00e1stico<br \/>\nTipo de pl\u00e1stico: ABS<br \/>\nBricks Blocks: 800 +<br \/>\nSin caja original<br \/>\nEl producto no incluye PEGATINA ni Piezas IMPRESAS. Todas las piezas impresas se reemplazar\u00e1n por piezas est\u00e1ndar y no se incluir\u00e1n en los accesorios de terceros.<\/p>","protected":false},"featured_media":59653,"comment_status":"open","ping_status":"closed","template":"","meta":{"_acf_changed":false},"product_cat":[1365,1769,371],"product_tag":[11072,8452,9139,7793,13432],"class_list":["product","first","instock","shipping-taxable","purchasable","product-type-simple"],"acf":[],"_links":{"self":[{"href":"https:\/\/mouldking.store\/es\/wp-json\/wp\/v2\/product\/59654","targetHints":{"allow":["GET"]}}],"collection":[{"href":"https:\/\/mouldking.store\/es\/wp-json\/wp\/v2\/product"}],"about":[{"href":"https:\/\/mouldking.store\/es\/wp-json\/wp\/v2\/types\/product"}],"replies":[{"embeddable":true,"href":"https:\/\/mouldking.store\/es\/wp-json\/wp\/v2\/comments?post=59654"}],"wp:featuredmedia":[{"embeddable":true,"href":"https:\/\/mouldking.store\/es\/wp-json\/wp\/v2\/media\/59653"}],"wp:attachment":[{"href":"https:\/\/mouldking.store\/es\/wp-json\/wp\/v2\/media?parent=59654"}],"wp:term":[{"taxonomy":"product_cat","embeddable":true,"href":"https:\/\/mouldking.store\/es\/wp-json\/wp\/v2\/product_cat?post=59654"},{"taxonomy":"product_tag","embeddable":true,"href":"https:\/\/mouldking.store\/es\/wp-json\/wp\/v2\/product_tag?post=59654"}],"curies":[{"name":"wp","href":"https:\/\/api.w.org\/{rel}","templated":true}]}}