{"id":59657,"date":"2024-06-11T18:20:02","date_gmt":"2024-06-11T11:20:02","guid":{"rendered":"https:\/\/mouldking.store\/shop\/dk-7031-dragon-and-treasure-guarding-the-witch-tower-with-927-pieces\/"},"modified":"2024-06-11T18:20:11","modified_gmt":"2024-06-11T11:20:11","slug":"dk-7031-dragon-and-treasure-guarding-the-witch-tower-with-927-pieces","status":"publish","type":"product","link":"https:\/\/mouldking.store\/es\/shop\/dk-7031-dragon-and-treasure-guarding-the-witch-tower-with-927-pieces\/","title":{"rendered":"DK 7031 Drag\u00f3n y tesoro custodiando la Torre de la Bruja con 927 piezas"},"content":{"rendered":"<div>\u2705DK 7031 Dragon and Treasure Guarding the Witch Tower<\/p>\n<p>\u2705 &#8220;Dragon and Treasure Guarding the Witch Tower&#8221; conjures an exciting image of a fantasy setting filled with adventure, danger, and mystery. In this scenario, players might find themselves in a rich narrative or a game environment where their goal is to overcome challenges to reach the witch&#8217;s tower, guarded fiercely by a dragon and brimming with hidden treasures.&nbsp;<\/p>\n<p>\ud83d\udeab \u00a1IMPORTANTE!<\/p>\n<p>Product Name: Dragon and Treasure Guarding the Witch Tower<\/p>\n<p>Categor\u00eda: Pel\u00edcula&nbsp;<\/p>\n<p>This Kit Contains: DK 7031&nbsp;<\/p>\n<p>927 piezas de ladrillos de buena calidad<\/p>\n<p>Size: 20.5 \u00d7 14.5 \u00d7 28.5 cm<\/p>\n<p>Instrucciones manuales<\/p>\n<p>\ud83d\udcccNaturaleza del protagonista<\/p>\n<p>Introducing our proud collection named \u201cDragon and Treasure Guarding the Witch Tower\u201d you should not miss.<\/p>\n<p>&nbsp;The Witch Tower stands tall and ominous at the heart of a mystical land. Surrounded by enchanted forests and treacherous terrain, it is said to be the lair of an ancient and powerful witch. Legends speak of unimaginable treasures hidden within, guarded by a fearsome dragon. The tower&#8217;s dark silhouette against the sky serves as both a beacon for adventurers seeking glory and a warning to those who fear the witch&#8217;s wrath.&nbsp;<\/p><\/div>","protected":false},"excerpt":{"rendered":"<p>Marca: DK<br \/>\nG\u00e9nero: Unisex<br \/>\nRango de edad: &gt; 8 a\u00f1os<br \/>\nModel Number: 7031<br \/>\nClasificaci\u00f3n: Ensamblaje<br \/>\nForma de bloque de pl\u00e1stico: Ladrillos autoblocantes<br \/>\nMaterial: Pl\u00e1stico<br \/>\nTipo de pl\u00e1stico: ABS<br \/>\nLadrillos Bloques: 927 +<br \/>\nSin caja original<br \/>\nEl producto no incluye PEGATINA ni Piezas IMPRESAS. Todas las piezas impresas se reemplazar\u00e1n por piezas est\u00e1ndar y no se incluir\u00e1n en los accesorios de terceros.<\/p>","protected":false},"featured_media":59656,"comment_status":"open","ping_status":"closed","template":"","meta":{"_acf_changed":false},"product_cat":[1365,371,581,1408],"product_tag":[11072,8452,1771,434,2302,12952,11163],"class_list":["product","first","instock","shipping-taxable","purchasable","product-type-simple"],"acf":[],"_links":{"self":[{"href":"https:\/\/mouldking.store\/es\/wp-json\/wp\/v2\/product\/59657","targetHints":{"allow":["GET"]}}],"collection":[{"href":"https:\/\/mouldking.store\/es\/wp-json\/wp\/v2\/product"}],"about":[{"href":"https:\/\/mouldking.store\/es\/wp-json\/wp\/v2\/types\/product"}],"replies":[{"embeddable":true,"href":"https:\/\/mouldking.store\/es\/wp-json\/wp\/v2\/comments?post=59657"}],"wp:featuredmedia":[{"embeddable":true,"href":"https:\/\/mouldking.store\/es\/wp-json\/wp\/v2\/media\/59656"}],"wp:attachment":[{"href":"https:\/\/mouldking.store\/es\/wp-json\/wp\/v2\/media?parent=59657"}],"wp:term":[{"taxonomy":"product_cat","embeddable":true,"href":"https:\/\/mouldking.store\/es\/wp-json\/wp\/v2\/product_cat?post=59657"},{"taxonomy":"product_tag","embeddable":true,"href":"https:\/\/mouldking.store\/es\/wp-json\/wp\/v2\/product_tag?post=59657"}],"curies":[{"name":"wp","href":"https:\/\/api.w.org\/{rel}","templated":true}]}}