{"id":59667,"date":"2024-06-11T18:20:57","date_gmt":"2024-06-11T11:20:57","guid":{"rendered":"https:\/\/mouldking.store\/shop\/baka-33012-purple-lamborghini-with-1064-pieces\/"},"modified":"2024-06-11T18:21:01","modified_gmt":"2024-06-11T11:21:01","slug":"baka-33012-purple-lamborghini-with-1064-pieces","status":"publish","type":"product","link":"https:\/\/mouldking.store\/es\/shop\/baka-33012-purple-lamborghini-with-1064-pieces\/","title":{"rendered":"BAKA 33012 Purple Lamborghini with 1064 Pieces"},"content":{"rendered":"<div>\u2705BAKA 33012 Purple Lamborghini&nbsp;<\/p>\n<p>\u2705 Lamborghini is an iconic Italian automotive manufacturer known for producing high-performance sports cars and luxury vehicles. Founded in 1963 by Ferruccio Lamborghini, the company has since established itself as a symbol of extravagance, innovation, and automotive excellence.&nbsp;<\/p>\n<p>\ud83d\udeab \u00a1IMPORTANTE!<\/p>\n<p>Product Name: Purple Lamborghini&nbsp;<\/p>\n<p>Categor\u00eda: T\u00e9cnica<\/p>\n<p>This Kit Contains: BAKA 33012&nbsp;<\/p>\n<p>1064 pcs Good Quality Bricks<\/p>\n<p>Instrucciones manuales<\/p>\n<p>\ud83d\udcccNaturaleza del protagonista<\/p>\n<p>Introducing our proud collection named \u201cPurple Lamborghini \u201d you should not miss.<\/p>\n<p>&nbsp;Ferruccio Lamborghini, originally a tractor manufacturer, founded Automobili Lamborghini S.p.A. with the vision of creating superior sports cars that rivalled those of established brands like Ferrari. The company&#8217;s first production car, the Lamborghini 350 GT, was unveiled in 1964, marking the beginning of Lamborghini&#8217;s legacy in the automotive industry. &nbsp; Lamborghini cars are renowned for their striking design, aggressive styling, and futuristic aesthetics. From the iconic scissor doors to the sleek, angular body lines, each Lamborghini model exudes a sense of power, speed, and sophistication.&nbsp;<\/p><\/div>","protected":false},"excerpt":{"rendered":"<p>Brand: BAKA<br \/>\nG\u00e9nero: Unisex<br \/>\nRango de edad: &gt; 6 a\u00f1os<br \/>\nModel Number: 33012<br \/>\nClasificaci\u00f3n: Ensamblaje<br \/>\nForma de bloque de pl\u00e1stico: Ladrillos autoblocantes<br \/>\nMaterial: Pl\u00e1stico<br \/>\nTipo de pl\u00e1stico: ABS<br \/>\nBricks Blocks: 1064 +<br \/>\nSin caja original<br \/>\nEl producto no incluye PEGATINA ni Piezas IMPRESAS. Todas las piezas impresas se reemplazar\u00e1n por piezas est\u00e1ndar y no se incluir\u00e1n en los accesorios de terceros.<br \/>\nPreventa<\/p>","protected":false},"featured_media":59666,"comment_status":"open","ping_status":"closed","template":"","meta":{"_acf_changed":false},"product_cat":[1360,1357,364,1875],"product_tag":[457,596,389],"class_list":["product","first","instock","shipping-taxable","purchasable","product-type-simple"],"acf":[],"_links":{"self":[{"href":"https:\/\/mouldking.store\/es\/wp-json\/wp\/v2\/product\/59667","targetHints":{"allow":["GET"]}}],"collection":[{"href":"https:\/\/mouldking.store\/es\/wp-json\/wp\/v2\/product"}],"about":[{"href":"https:\/\/mouldking.store\/es\/wp-json\/wp\/v2\/types\/product"}],"replies":[{"embeddable":true,"href":"https:\/\/mouldking.store\/es\/wp-json\/wp\/v2\/comments?post=59667"}],"wp:featuredmedia":[{"embeddable":true,"href":"https:\/\/mouldking.store\/es\/wp-json\/wp\/v2\/media\/59666"}],"wp:attachment":[{"href":"https:\/\/mouldking.store\/es\/wp-json\/wp\/v2\/media?parent=59667"}],"wp:term":[{"taxonomy":"product_cat","embeddable":true,"href":"https:\/\/mouldking.store\/es\/wp-json\/wp\/v2\/product_cat?post=59667"},{"taxonomy":"product_tag","embeddable":true,"href":"https:\/\/mouldking.store\/es\/wp-json\/wp\/v2\/product_tag?post=59667"}],"curies":[{"name":"wp","href":"https:\/\/api.w.org\/{rel}","templated":true}]}}