{"id":59684,"date":"2024-06-11T18:24:47","date_gmt":"2024-06-11T11:24:47","guid":{"rendered":"https:\/\/mouldking.store\/shop\/wangao-288006-teenage-mutant-ninja-turtles-donatello-purple-mecha-with-1854-pieces\/"},"modified":"2024-06-11T18:24:50","modified_gmt":"2024-06-11T11:24:50","slug":"wangao-288006-teenage-mutant-ninja-turtles-donatello-purple-mecha-with-1854-pieces","status":"publish","type":"product","link":"https:\/\/mouldking.store\/es\/shop\/wangao-288006-teenage-mutant-ninja-turtles-donatello-purple-mecha-with-1854-pieces\/","title":{"rendered":"Wangao 288006 Teenage Mutant Ninja Turtles Donatello Mecha morado con 1854 piezas"},"content":{"rendered":"<div>\u2705Wangao 288006 Teenage Mutant Ninja Turtles Donatello Purple Mecha<\/p>\n<p>\u2705 Donatello is one of the four Teenage Mutant Ninja Turtles, known for his intelligence, technological expertise, and mastery of the bo staff. He is named after the Italian Renaissance sculptor Donatello di Niccol\u00f2 di Betto Bardi and is characterized by his purple bandana and his role as the team&#8217;s resident inventor and engineer.&nbsp;<\/p>\n<p>\ud83d\udeab \u00a1IMPORTANTE!<\/p>\n<p>Product Name: Teenage Mutant Ninja Turtles Donatello Purple Mecha<\/p>\n<p>Categor\u00eda: Pel\u00edcula<\/p>\n<p>This Kit Contains: Wangao 288006<\/p>\n<p>1854 pcs Good Quality Bricks<\/p>\n<p>Size: 21 \u00d7 17 \u00d7 34 cm<\/p>\n<p>Instrucciones manuales<\/p>\n<p>\ud83d\udcccNaturaleza del protagonista<\/p>\n<p>Introducing our proud collection named \u201cTeenage Mutant Ninja Turtles Donatello Purple Mecha\u201d you should not miss.<\/p>\n<p>&nbsp;Donatello is the brains of the group, often depicted as the most intelligent and technologically savvy among the Turtles. He possesses a keen analytical mind and excels in science, engineering, and problem-solving. &nbsp; Donatello is a skilled inventor and mechanic, constantly tinkering with gadgets, vehicles, and weapons to aid the Turtles in their battles against their enemies, particularly the Foot Clan and their leader, the Shredder. &nbsp; Unlike his hot-headed brother Raphael or his adventurous brother Michelangelo, Donatello tends to be more calm, reserved, and contemplative. He prefers to use his intelligence and diplomacy to resolve conflicts whenever possible.&nbsp; Donatello is a master of the bo staff, a traditional martial arts weapon that he wields with precision and agility. He utilizes his staff not only for combat but also as a tool for defense, acrobatics, and creative problem-solving.&nbsp;<\/p><\/div>","protected":false},"excerpt":{"rendered":"<p>Marca: Wangao<br \/>\nG\u00e9nero: Unisex<br \/>\nRango de edad: &gt; 6 a\u00f1os<br \/>\nModel Number: 288006<br \/>\nClasificaci\u00f3n: Ensamblaje<br \/>\nForma de bloque de pl\u00e1stico: Ladrillos autoblocantes<br \/>\nMaterial: Pl\u00e1stico<br \/>\nTipo de pl\u00e1stico: ABS<br \/>\nBricks Blocks: 1854 +<br \/>\nSin caja original<br \/>\nEl producto no incluye PEGATINA ni Piezas IMPRESAS. Todas las piezas impresas se reemplazar\u00e1n por piezas est\u00e1ndar y no se incluir\u00e1n en los accesorios de terceros.<\/p>","protected":false},"featured_media":59683,"comment_status":"open","ping_status":"closed","template":"","meta":{"_acf_changed":false},"product_cat":[1365,371,581,1408],"product_tag":[11072,8452,13437,9302,434,8335,13048,13049,13243,13047,6812],"class_list":["product","first","instock","shipping-taxable","purchasable","product-type-simple"],"acf":[],"_links":{"self":[{"href":"https:\/\/mouldking.store\/es\/wp-json\/wp\/v2\/product\/59684","targetHints":{"allow":["GET"]}}],"collection":[{"href":"https:\/\/mouldking.store\/es\/wp-json\/wp\/v2\/product"}],"about":[{"href":"https:\/\/mouldking.store\/es\/wp-json\/wp\/v2\/types\/product"}],"replies":[{"embeddable":true,"href":"https:\/\/mouldking.store\/es\/wp-json\/wp\/v2\/comments?post=59684"}],"wp:featuredmedia":[{"embeddable":true,"href":"https:\/\/mouldking.store\/es\/wp-json\/wp\/v2\/media\/59683"}],"wp:attachment":[{"href":"https:\/\/mouldking.store\/es\/wp-json\/wp\/v2\/media?parent=59684"}],"wp:term":[{"taxonomy":"product_cat","embeddable":true,"href":"https:\/\/mouldking.store\/es\/wp-json\/wp\/v2\/product_cat?post=59684"},{"taxonomy":"product_tag","embeddable":true,"href":"https:\/\/mouldking.store\/es\/wp-json\/wp\/v2\/product_tag?post=59684"}],"curies":[{"name":"wp","href":"https:\/\/api.w.org\/{rel}","templated":true}]}}