{"id":59717,"date":"2024-06-11T18:29:57","date_gmt":"2024-06-11T11:29:57","guid":{"rendered":"https:\/\/mouldking.store\/shop\/j-arer-dme001-starry-night-with-1731-pieces\/"},"modified":"2024-06-11T18:30:55","modified_gmt":"2024-06-11T11:30:55","slug":"j-arer-dme001-starry-night-with-1731-pieces","status":"publish","type":"product","link":"https:\/\/mouldking.store\/es\/shop\/j-arer-dme001-starry-night-with-1731-pieces\/","title":{"rendered":"J-ARER DME001 Noche Estrellada con 1731 Piezas"},"content":{"rendered":"<div>\u2705J-ARER DME001 Starry Night<\/p>\n<p>\u2705 &#8220;Starry Night&#8221; refers to one of Vincent van Gogh&#8217;s most famous and iconic paintings, created in 1889 during his stay at the Saint-Paul-de-Mausole asylum in Saint-R\u00e9my-de-Provence, France.&nbsp;<\/p>\n<p>\ud83d\udeab \u00a1IMPORTANTE!<\/p>\n<p>Product Name: Starry Night<\/p>\n<p>Categor\u00eda: Pel\u00edcula<\/p>\n<p>This Kit Contains: J-ARER DME001<\/p>\n<p>1731 pcs Good Quality Bricks<\/p>\n<p>Size: 26 \u00d7 18 \u00d7 6 cm<\/p>\n<p>Instrucciones manuales<\/p>\n<p>\ud83d\udcccNaturaleza del protagonista<\/p>\n<p>Introducing our proud collection named \u201cStarry Night\u201d you should not miss.<\/p>\n<p>&nbsp;&#8220;Starry Night&#8221; is a masterpiece of modern art that continues to fascinate and inspire viewers with its evocative imagery, emotional depth, and timeless beauty. Van Gogh&#8217;s bold use of color and expressive brushwork capture the imagination and invite contemplation of the mysteries of the universe and the human spirit.&nbsp;<\/p><\/div>","protected":false},"excerpt":{"rendered":"<p>Brand: J-ARER<br \/>\nG\u00e9nero: Unisex<br \/>\nRango de edad: &gt; 6 a\u00f1os<br \/>\nModel Number: DME001<br \/>\nClasificaci\u00f3n: Ensamblaje<br \/>\nForma de bloque de pl\u00e1stico: Ladrillos autoblocantes<br \/>\nMaterial: Pl\u00e1stico<br \/>\nTipo de pl\u00e1stico: ABS<br \/>\nBricks Blocks: 1731 +<br \/>\nSin caja original<br \/>\nEl producto no incluye PEGATINA ni Piezas IMPRESAS. Todas las piezas impresas se reemplazar\u00e1n por piezas est\u00e1ndar y no se incluir\u00e1n en los accesorios de terceros.<\/p>","protected":false},"featured_media":59716,"comment_status":"open","ping_status":"closed","template":"","meta":{"_acf_changed":false},"product_cat":[1365,371,581,1408],"product_tag":[11072,8452,434,12938],"class_list":["product","first","instock","shipping-taxable","purchasable","product-type-simple"],"acf":[],"_links":{"self":[{"href":"https:\/\/mouldking.store\/es\/wp-json\/wp\/v2\/product\/59717","targetHints":{"allow":["GET"]}}],"collection":[{"href":"https:\/\/mouldking.store\/es\/wp-json\/wp\/v2\/product"}],"about":[{"href":"https:\/\/mouldking.store\/es\/wp-json\/wp\/v2\/types\/product"}],"replies":[{"embeddable":true,"href":"https:\/\/mouldking.store\/es\/wp-json\/wp\/v2\/comments?post=59717"}],"wp:featuredmedia":[{"embeddable":true,"href":"https:\/\/mouldking.store\/es\/wp-json\/wp\/v2\/media\/59716"}],"wp:attachment":[{"href":"https:\/\/mouldking.store\/es\/wp-json\/wp\/v2\/media?parent=59717"}],"wp:term":[{"taxonomy":"product_cat","embeddable":true,"href":"https:\/\/mouldking.store\/es\/wp-json\/wp\/v2\/product_cat?post=59717"},{"taxonomy":"product_tag","embeddable":true,"href":"https:\/\/mouldking.store\/es\/wp-json\/wp\/v2\/product_tag?post=59717"}],"curies":[{"name":"wp","href":"https:\/\/api.w.org\/{rel}","templated":true}]}}