{"id":59725,"date":"2024-06-11T18:31:18","date_gmt":"2024-06-11T11:31:18","guid":{"rendered":"https:\/\/mouldking.store\/shop\/baka-33205-shanghai-hsbc-bank-with-10423-pieces\/"},"modified":"2024-06-11T18:31:24","modified_gmt":"2024-06-11T11:31:24","slug":"baka-33205-shanghai-hsbc-bank-with-10423-pieces","status":"publish","type":"product","link":"https:\/\/mouldking.store\/es\/shop\/baka-33205-shanghai-hsbc-bank-with-10423-pieces\/","title":{"rendered":"BAKA 33205 Shanghai HSBC Bank with 10423 Pieces"},"content":{"rendered":"<div>\u2705BAKA 33205 Shanghai HSBC Bank<\/p>\n<p>\u2705 Shanghai HSBC Bank, officially known as The Hongkong and Shanghai Banking Corporation Limited, is a subsidiary of HSBC Holdings plc, one of the world&#8217;s largest banking and financial services organizations.&nbsp;<\/p>\n<p>\ud83d\udeab \u00a1IMPORTANTE!<\/p>\n<p>Product Name: Shanghai HSBC Bank<\/p>\n<p>Category: Modular Buildings<\/p>\n<p>This Kit Contains: BAKA 33205&nbsp;<\/p>\n<p>10423 pcs Good Quality Bricks<\/p>\n<p>Instrucciones manuales<\/p>\n<p>\ud83d\udcccNaturaleza del protagonista<\/p>\n<p>Introducing our proud collection named \u201cShanghai HSBC Bank\u201d you should not miss.<\/p>\n<p>HSBC traces its roots back to 1865 when it was founded in Hong Kong to facilitate trade between China, India, and Europe. The bank expanded rapidly and established branches in Shanghai in 1865, becoming one of the leading financial institutions in the region.&nbsp; Over the years, Shanghai HSBC Bank played a pivotal role in financing trade and investment in China, supporting the country&#8217;s economic development and modernization efforts. The bank continued to expand its network of branches and services to meet the growing needs of customers in Shanghai and across China.&nbsp;<\/p><\/div>","protected":false},"excerpt":{"rendered":"<p>Brand: BAKA<br \/>\nG\u00e9nero: Unisex<br \/>\nRango de edad: &gt; 6 a\u00f1os<br \/>\nModel Number: 33205<br \/>\nClasificaci\u00f3n: Ensamblaje<br \/>\nForma de bloque de pl\u00e1stico: Ladrillos autoblocantes<br \/>\nMaterial: Pl\u00e1stico<br \/>\nTipo de pl\u00e1stico: ABS<br \/>\nBricks Blocks: 10423 +<br \/>\nSin caja original<br \/>\nEl producto no incluye PEGATINA ni Piezas IMPRESAS. Todas las piezas impresas se reemplazar\u00e1n por piezas est\u00e1ndar y no se incluir\u00e1n en los accesorios de terceros.<\/p>","protected":false},"featured_media":59724,"comment_status":"open","ping_status":"closed","template":"","meta":{"_acf_changed":false},"product_cat":[1395,1502,390],"product_tag":[10041,13446,11244,4883,13445,12522,5679,392,11126],"class_list":["product","first","instock","shipping-taxable","purchasable","product-type-simple"],"acf":[],"_links":{"self":[{"href":"https:\/\/mouldking.store\/es\/wp-json\/wp\/v2\/product\/59725","targetHints":{"allow":["GET"]}}],"collection":[{"href":"https:\/\/mouldking.store\/es\/wp-json\/wp\/v2\/product"}],"about":[{"href":"https:\/\/mouldking.store\/es\/wp-json\/wp\/v2\/types\/product"}],"replies":[{"embeddable":true,"href":"https:\/\/mouldking.store\/es\/wp-json\/wp\/v2\/comments?post=59725"}],"wp:featuredmedia":[{"embeddable":true,"href":"https:\/\/mouldking.store\/es\/wp-json\/wp\/v2\/media\/59724"}],"wp:attachment":[{"href":"https:\/\/mouldking.store\/es\/wp-json\/wp\/v2\/media?parent=59725"}],"wp:term":[{"taxonomy":"product_cat","embeddable":true,"href":"https:\/\/mouldking.store\/es\/wp-json\/wp\/v2\/product_cat?post=59725"},{"taxonomy":"product_tag","embeddable":true,"href":"https:\/\/mouldking.store\/es\/wp-json\/wp\/v2\/product_tag?post=59725"}],"curies":[{"name":"wp","href":"https:\/\/api.w.org\/{rel}","templated":true}]}}