{"id":59754,"date":"2024-06-11T18:33:43","date_gmt":"2024-06-11T11:33:43","guid":{"rendered":"https:\/\/mouldking.store\/shop\/baka-33233-cathedral-of-santa-maria-del-fiore-with-6800-pieces\/"},"modified":"2024-06-11T18:33:46","modified_gmt":"2024-06-11T11:33:46","slug":"baka-33233-cathedral-of-santa-maria-del-fiore-with-6800-pieces","status":"publish","type":"product","link":"https:\/\/mouldking.store\/es\/shop\/baka-33233-cathedral-of-santa-maria-del-fiore-with-6800-pieces\/","title":{"rendered":"BAKA 33233 Cathedral of Santa Maria del Fiore with 6800 Pieces"},"content":{"rendered":"<div>\u2705BAKA 33233 Cathedral of Santa Maria del Fiore<\/p>\n<p>\u2705 The Cathedral of Santa Maria del Fiore, also known as the Duomo, is a magnificent architectural masterpiece located in the heart of Florence, Italy.&nbsp; Construction of the Cathedral of Santa Maria del Fiore began in 1296, following a design by Arnolfo di Cambio. The cathedral&#8217;s construction spanned centuries, with various architects and artists contributing to its design and decoration.&nbsp;<\/p>\n<p>\ud83d\udeab \u00a1IMPORTANTE!<\/p>\n<p>Product Name: Cathedral of Santa Maria del Fiore<\/p>\n<p>Category: Modular Buildings<\/p>\n<p>This Kit Contains: BAKA 33233<\/p>\n<p>6800&nbsp; pcs Good Quality Bricks<\/p>\n<p>Instrucciones manuales<\/p>\n<p>\ud83d\udcccNaturaleza del protagonista<\/p>\n<p>Introducing our proud collection named \u201cCathedral of Santa Maria del Fiore\u201d you should not miss.<\/p>\n<p>&nbsp;The Cathedral of Santa Maria del Fiore, with its magnificent dome, elaborate facade, and rich artistic decoration, stands as a testament to Florence&#8217;s cultural and architectural heritage. It is a symbol of the city&#8217;s Renaissance splendor and religious devotion, attracting visitors from around the world to marvel at its beauty and craftsmanship.&nbsp;<\/p><\/div>","protected":false},"excerpt":{"rendered":"<p>Brand: BAKA<br \/>\nG\u00e9nero: Unisex<br \/>\nRango de edad: &gt; 6 a\u00f1os<br \/>\nModel Number: 33233<br \/>\nClasificaci\u00f3n: Ensamblaje<br \/>\nForma de bloque de pl\u00e1stico: Ladrillos autoblocantes<br \/>\nMaterial: Pl\u00e1stico<br \/>\nTipo de pl\u00e1stico: ABS<br \/>\nBricks Blocks: 6800 +<br \/>\nSin caja original<br \/>\nEl producto no incluye PEGATINA ni Piezas IMPRESAS. Todas las piezas impresas se reemplazar\u00e1n por piezas est\u00e1ndar y no se incluir\u00e1n en los accesorios de terceros.<\/p>","protected":false},"featured_media":59753,"comment_status":"open","ping_status":"closed","template":"","meta":{"_acf_changed":false},"product_cat":[1395,1502,390],"product_tag":[11244,4883,11669,12522,5679,392,2727,13449],"class_list":["product","first","instock","shipping-taxable","purchasable","product-type-simple"],"acf":[],"_links":{"self":[{"href":"https:\/\/mouldking.store\/es\/wp-json\/wp\/v2\/product\/59754","targetHints":{"allow":["GET"]}}],"collection":[{"href":"https:\/\/mouldking.store\/es\/wp-json\/wp\/v2\/product"}],"about":[{"href":"https:\/\/mouldking.store\/es\/wp-json\/wp\/v2\/types\/product"}],"replies":[{"embeddable":true,"href":"https:\/\/mouldking.store\/es\/wp-json\/wp\/v2\/comments?post=59754"}],"wp:featuredmedia":[{"embeddable":true,"href":"https:\/\/mouldking.store\/es\/wp-json\/wp\/v2\/media\/59753"}],"wp:attachment":[{"href":"https:\/\/mouldking.store\/es\/wp-json\/wp\/v2\/media?parent=59754"}],"wp:term":[{"taxonomy":"product_cat","embeddable":true,"href":"https:\/\/mouldking.store\/es\/wp-json\/wp\/v2\/product_cat?post=59754"},{"taxonomy":"product_tag","embeddable":true,"href":"https:\/\/mouldking.store\/es\/wp-json\/wp\/v2\/product_tag?post=59754"}],"curies":[{"name":"wp","href":"https:\/\/api.w.org\/{rel}","templated":true}]}}