{"id":59772,"date":"2024-06-14T17:49:11","date_gmt":"2024-06-14T10:49:11","guid":{"rendered":"https:\/\/mouldking.store\/shop\/moc-factory-125143-little-shop-of-horrors-mushniks-shop-diorama-audrey-ii-seymour-audrey-orin-mr-mushnik-with-994-pieces\/"},"modified":"2025-12-16T20:59:05","modified_gmt":"2025-12-16T13:59:05","slug":"moc-factory-125143-little-shop-of-horrors-mushniks-shop-diorama-audrey-ii-seymour-audrey-orin-mr-mushnik-with-994-pieces","status":"publish","type":"product","link":"https:\/\/mouldking.store\/es\/shop\/moc-factory-125143-little-shop-of-horrors-mushniks-shop-diorama-audrey-ii-seymour-audrey-orin-mr-mushnik-with-994-pieces\/","title":{"rendered":"MOC Factory 125143 Diorama de la tienda de Mushnik de La Peque\u00f1a Tienda de los Horrores Audrey II Seymour Audrey Orin Mr Mushnik con 994 piezas"},"content":{"rendered":"<div>\u2705 MOC-125143 Little Shop Of Horrors Mushnik&#8217;s Shop Diorama Audrey II Seymour Audrey Orin Mr Mushnik<\/p>\n<p>\u2705 Creating a diorama of Mushnik&#8217;s Shop from &#8220;Little Shop of Horrors&#8221; is a fantastic and creative project that involves a series of meticulous steps to bring the iconic scene to life.&nbsp;<\/p>\n<p>\ud83d\udeab \u00a1IMPORTANTE!<\/p>\n<p>Product Name: Little Shop Of Horrors Mushnik&#8217;s Shop Diorama Audrey II Seymour Audrey Orin Mr Mushnik<\/p>\n<p>Categor\u00eda: Pel\u00edcula<\/p>\n<p>This Kit Contains: C10022<\/p>\n<p>994&nbsp; pcs Good Quality Bricks<\/p>\n<p>Size: 19 x 19 x 15 cm<\/p>\n<p>Weight: 0.753 kg<\/p>\n<p>Instrucciones en PDF<\/p>\n<p>\ud83d\udcccNaturaleza del protagonista<\/p>\n<p>Introducing our proud collection named \u201cLittle Shop Of Horrors Mushnik&#8217;s Shop Diorama Audrey II Seymour Audrey Orin Mr Mushnik\u201d you should not miss.<\/p>\n<p>&nbsp;Begin by sketching the layout of the shop, deciding where each element and character will be placed. Construct the shop&#8217;s structure using cardboard or foam board, painting the walls and floor to replicate the shop&#8217;s appearance from the musical or movie.&nbsp;<\/p><\/div>","protected":false},"excerpt":{"rendered":"<p>Marca: MOC Factory<br \/>\nG\u00e9nero: Unisex<br \/>\nRango de edad: &gt; 6 a\u00f1os<br \/>\nModel Number: 125143<br \/>\nClasificaci\u00f3n: Ensamblaje<br \/>\nForma de bloque de pl\u00e1stico: Ladrillos autoblocantes<br \/>\nMaterial: Pl\u00e1stico<br \/>\nTipo de pl\u00e1stico: ABS<br \/>\nBricks Blocks: 994 +<br \/>\nSin caja original<br \/>\nEl producto no incluye PEGATINA ni Piezas IMPRESAS. Todas las piezas impresas se reemplazar\u00e1n por piezas est\u00e1ndar y no se incluir\u00e1n en los accesorios de terceros.<\/p>","protected":false},"featured_media":59771,"comment_status":"open","ping_status":"closed","template":"","meta":{"_acf_changed":false},"product_cat":[1365,371,581,1408],"product_tag":[13452,11072,8452,8784,434,13451,13454,13453,1711],"class_list":["product","first","instock","shipping-taxable","purchasable","product-type-simple"],"acf":[],"_links":{"self":[{"href":"https:\/\/mouldking.store\/es\/wp-json\/wp\/v2\/product\/59772","targetHints":{"allow":["GET"]}}],"collection":[{"href":"https:\/\/mouldking.store\/es\/wp-json\/wp\/v2\/product"}],"about":[{"href":"https:\/\/mouldking.store\/es\/wp-json\/wp\/v2\/types\/product"}],"replies":[{"embeddable":true,"href":"https:\/\/mouldking.store\/es\/wp-json\/wp\/v2\/comments?post=59772"}],"wp:featuredmedia":[{"embeddable":true,"href":"https:\/\/mouldking.store\/es\/wp-json\/wp\/v2\/media\/59771"}],"wp:attachment":[{"href":"https:\/\/mouldking.store\/es\/wp-json\/wp\/v2\/media?parent=59772"}],"wp:term":[{"taxonomy":"product_cat","embeddable":true,"href":"https:\/\/mouldking.store\/es\/wp-json\/wp\/v2\/product_cat?post=59772"},{"taxonomy":"product_tag","embeddable":true,"href":"https:\/\/mouldking.store\/es\/wp-json\/wp\/v2\/product_tag?post=59772"}],"curies":[{"name":"wp","href":"https:\/\/api.w.org\/{rel}","templated":true}]}}