{"id":59784,"date":"2024-06-14T17:49:46","date_gmt":"2024-06-14T10:49:46","guid":{"rendered":"https:\/\/mouldking.store\/shop\/moc-factory-148423-alien-movies-xenomorph-with-665-pieces\/"},"modified":"2025-12-16T20:59:05","modified_gmt":"2025-12-16T13:59:05","slug":"moc-factory-148423-alien-movies-xenomorph-with-665-pieces","status":"publish","type":"product","link":"https:\/\/mouldking.store\/es\/shop\/moc-factory-148423-alien-movies-xenomorph-with-665-pieces\/","title":{"rendered":"MOC Factory 148423 Alien Movies Xenomorph con 665 piezas"},"content":{"rendered":"<div>\u2705 MOC-148423 Alien Movies Xenomorph<\/p>\n<p>\u2705 The Xenomorph, a central creature in the &#8220;Alien&#8221; franchise, is one of the most iconic and terrifying monsters in science fiction and horror cinema.&nbsp; The Xenomorph, also known as the Alien, was created by Swiss artist H.R. Giger. The creature&#8217;s design, known for its biomechanical aesthetic, combines elements of organic and mechanical features, creating a nightmarish and otherworldly appearance. The Xenomorph made its first appearance in Ridley Scott&#8217;s 1979 film &#8220;Alien,&#8221; and has since become a staple of the franchise.&nbsp;<\/p>\n<p>\ud83d\udeab \u00a1IMPORTANTE!<\/p>\n<p>Product Name: Alien Movies Xenomorph<\/p>\n<p>Categor\u00eda: Pel\u00edcula<\/p>\n<p>This Kit Contains: C10036<\/p>\n<p>665 pcs Good Quality Bricks<\/p>\n<p>Size: 24 x 20 x 24 cm<\/p>\n<p>Instrucciones en PDF<\/p>\n<p>\ud83d\udcccNaturaleza del protagonista<\/p>\n<p>Introducing our proud collection named \u201cAlien Movies Xenomorph\u201d you should not miss.<\/p>\n<p>The Xenomorph has become an enduring symbol of the &#8220;Alien&#8221; franchise and has influenced countless other works of science fiction and horror. Its terrifying design and relentless nature have made it one of the most memorable monsters in film history.<\/p><\/div>\n<div>In conclusion, the Xenomorph is a masterfully crafted creature that combines elements of horror and science fiction. Its distinctive design, complex life cycle, and role in the &#8220;Alien&#8221; franchise have cemented its place as one of the most iconic movie monsters of all time.<\/div>","protected":false},"excerpt":{"rendered":"<p>Marca: MOC Factory<br \/>\nG\u00e9nero: Unisex<br \/>\nRango de edad: &gt; 6 a\u00f1os<br \/>\nModel Number: 148423<br \/>\nClasificaci\u00f3n: Ensamblaje<br \/>\nForma de bloque de pl\u00e1stico: Ladrillos autoblocantes<br \/>\nMaterial: Pl\u00e1stico<br \/>\nTipo de pl\u00e1stico: ABS<br \/>\nBricks Blocks: 665 +<br \/>\nSin caja original<br \/>\nEl producto no incluye PEGATINA ni Piezas IMPRESAS. Todas las piezas impresas se reemplazar\u00e1n por piezas est\u00e1ndar y no se incluir\u00e1n en los accesorios de terceros.<\/p>","protected":false},"featured_media":59783,"comment_status":"open","ping_status":"closed","template":"","meta":{"_acf_changed":false},"product_cat":[1365,371,581,1408],"product_tag":[6866,11072,8452,434,13457],"class_list":["product","first","instock","shipping-taxable","purchasable","product-type-simple"],"acf":[],"_links":{"self":[{"href":"https:\/\/mouldking.store\/es\/wp-json\/wp\/v2\/product\/59784","targetHints":{"allow":["GET"]}}],"collection":[{"href":"https:\/\/mouldking.store\/es\/wp-json\/wp\/v2\/product"}],"about":[{"href":"https:\/\/mouldking.store\/es\/wp-json\/wp\/v2\/types\/product"}],"replies":[{"embeddable":true,"href":"https:\/\/mouldking.store\/es\/wp-json\/wp\/v2\/comments?post=59784"}],"wp:featuredmedia":[{"embeddable":true,"href":"https:\/\/mouldking.store\/es\/wp-json\/wp\/v2\/media\/59783"}],"wp:attachment":[{"href":"https:\/\/mouldking.store\/es\/wp-json\/wp\/v2\/media?parent=59784"}],"wp:term":[{"taxonomy":"product_cat","embeddable":true,"href":"https:\/\/mouldking.store\/es\/wp-json\/wp\/v2\/product_cat?post=59784"},{"taxonomy":"product_tag","embeddable":true,"href":"https:\/\/mouldking.store\/es\/wp-json\/wp\/v2\/product_tag?post=59784"}],"curies":[{"name":"wp","href":"https:\/\/api.w.org\/{rel}","templated":true}]}}