{"id":59830,"date":"2024-06-18T18:18:56","date_gmt":"2024-06-18T11:18:56","guid":{"rendered":"https:\/\/mouldking.store\/shop\/moc-factory-159887-vesuvius-and-pompeii-with-2533-pieces\/"},"modified":"2025-12-16T20:59:05","modified_gmt":"2025-12-16T13:59:05","slug":"moc-factory-159887-vesuvius-and-pompeii-with-2533-pieces","status":"publish","type":"product","link":"https:\/\/mouldking.store\/es\/shop\/moc-factory-159887-vesuvius-and-pompeii-with-2533-pieces\/","title":{"rendered":"MOC Factory 159887 Vesubio y Pompeya con 2533 piezas"},"content":{"rendered":"<div>\u2705 MOC-159887 Vesuvius And Pompeii<\/p>\n<p>\u2705 Mount Vesuvius is one of the most famous volcanoes in the world, primarily because of its catastrophic eruption in AD 79 that led to the destruction of the Roman cities of Pompeii and Herculaneum.&nbsp;<\/p>\n<p>\ud83d\udeab \u00a1IMPORTANTE!<\/p>\n<p>Product Name: Vesuvius And Pompeii<\/p>\n<p>Categor\u00eda: Edificio Modular&nbsp;<\/p>\n<p>This Kit Contains: C10064<\/p>\n<p>2533&nbsp; pcs Good Quality Bricks<\/p>\n<p>Size: 34 x 34 x 28 cm<\/p>\n<p>Weight: 2.031 kg<\/p>\n<p>Instrucciones en PDF<\/p>\n<p>\ud83d\udcccNaturaleza del protagonista<\/p>\n<p>Introducing our proud collection named \u201cVesuvius And Pompeii\u201d you should not miss.<\/p>\n<p>&nbsp;Mount Vesuvius and the destruction of Pompeii remain powerful reminders of nature&#8217;s ability to both create and destroy. The preserved city offers invaluable insights into the ancient world, while the volcano serves as a reminder of the ever-present threat posed by active volcanoes.&nbsp;<\/p><\/div>","protected":false},"excerpt":{"rendered":"<p>Marca: MOC Factory<br \/>\nG\u00e9nero: Unisex<br \/>\nRango de edad: &gt; 6 a\u00f1os<br \/>\nModel Number: 159887<br \/>\nClasificaci\u00f3n: Ensamblaje<br \/>\nForma de bloque de pl\u00e1stico: Ladrillos autoblocantes<br \/>\nMaterial: Pl\u00e1stico<br \/>\nTipo de pl\u00e1stico: ABS<br \/>\nBricks Blocks: 2533 +<br \/>\nSin caja original<br \/>\nEl producto no incluye PEGATINA ni Piezas IMPRESAS. Todas las piezas impresas se reemplazar\u00e1n por piezas est\u00e1ndar y no se incluir\u00e1n en los accesorios de terceros.<\/p>","protected":false},"featured_media":59829,"comment_status":"open","ping_status":"closed","template":"","meta":{"_acf_changed":false},"product_cat":[1395,1502,390],"product_tag":[4883,392,13465,13464],"class_list":["product","first","instock","shipping-taxable","purchasable","product-type-simple"],"acf":[],"_links":{"self":[{"href":"https:\/\/mouldking.store\/es\/wp-json\/wp\/v2\/product\/59830","targetHints":{"allow":["GET"]}}],"collection":[{"href":"https:\/\/mouldking.store\/es\/wp-json\/wp\/v2\/product"}],"about":[{"href":"https:\/\/mouldking.store\/es\/wp-json\/wp\/v2\/types\/product"}],"replies":[{"embeddable":true,"href":"https:\/\/mouldking.store\/es\/wp-json\/wp\/v2\/comments?post=59830"}],"wp:featuredmedia":[{"embeddable":true,"href":"https:\/\/mouldking.store\/es\/wp-json\/wp\/v2\/media\/59829"}],"wp:attachment":[{"href":"https:\/\/mouldking.store\/es\/wp-json\/wp\/v2\/media?parent=59830"}],"wp:term":[{"taxonomy":"product_cat","embeddable":true,"href":"https:\/\/mouldking.store\/es\/wp-json\/wp\/v2\/product_cat?post=59830"},{"taxonomy":"product_tag","embeddable":true,"href":"https:\/\/mouldking.store\/es\/wp-json\/wp\/v2\/product_tag?post=59830"}],"curies":[{"name":"wp","href":"https:\/\/api.w.org\/{rel}","templated":true}]}}