{"id":59853,"date":"2024-06-18T18:19:59","date_gmt":"2024-06-18T11:19:59","guid":{"rendered":"https:\/\/mouldking.store\/shop\/moc-factory-89120-the-legend-of-zelda-breath-of-the-wild-calamity-ganon-with-2286-pieces\/"},"modified":"2025-12-16T20:59:05","modified_gmt":"2025-12-16T13:59:05","slug":"moc-factory-89120-the-legend-of-zelda-breath-of-the-wild-calamity-ganon-with-2286-pieces","status":"publish","type":"product","link":"https:\/\/mouldking.store\/es\/shop\/moc-factory-89120-the-legend-of-zelda-breath-of-the-wild-calamity-ganon-with-2286-pieces\/","title":{"rendered":"MOC Factory 89120 The Legend of Zelda Breath of the Wild Calamity Ganon con 2286 piezas"},"content":{"rendered":"<div>\u2705 MOC-89120 The Legend of Zelda Breath of the Wild Calamity Ganon<\/p>\n<p>\u2705 In &#8220;The Legend of Zelda: Breath of the Wild,&#8221; Calamity Ganon serves as the primary antagonist and embodies an ancient evil threatening the kingdom of Hyrule. Unlike previous incarnations of Ganon, Calamity Ganon is depicted as a maleficent force that has taken on a monstrous form, a manifestation of pure malice and destruction. A century before the events of the game, Calamity Ganon emerged, ravaging Hyrule with his malevolent power and leaving the kingdom in ruins.&nbsp;<\/p>\n<p>\ud83d\udeab \u00a1IMPORTANTE!<\/p>\n<p>Product Name: The Legend of Zelda Breath of the Wild Calamity Ganon<\/p>\n<p>Categor\u00eda: Pel\u00edcula<\/p>\n<p>This Kit Contains: C9444<\/p>\n<p>2286 pcs Good Quality Bricks<\/p>\n<p>Size: 61.8 x 58.6 x 37 cm<\/p>\n<p>Weight: 1.15 kg<\/p>\n<p>Instrucciones en PDF<\/p>\n<p>\ud83d\udcccNaturaleza del protagonista<\/p>\n<p>Introducing our proud collection named \u201cThe Legend of Zelda Breath of the Wild Calamity Ganon\u201d you should not miss.<\/p>\n<p>&nbsp;Calamity Ganon&#8217;s return marked a significant turning point in Hyrule&#8217;s history. The kingdom attempted to combat this threat using ancient technology, the Divine Beasts, and the Guardians. However, Ganon&#8217;s malevolent influence corrupted these machines, turning them against the people of Hyrule and contributing to their downfall. Princess Zelda, possessing the sacred power of the goddess Hylia, played a crucial role in containing Ganon&#8217;s power, using her abilities to seal him within Hyrule Castle, where he remained for a century.&nbsp;<\/p><\/div>","protected":false},"excerpt":{"rendered":"<p>Marca: MOC Factory<br \/>\nG\u00e9nero: Unisex<br \/>\nRango de edad: &gt; 6 a\u00f1os<br \/>\nModel Number: 89120<br \/>\nClasificaci\u00f3n: Ensamblaje<br \/>\nForma de bloque de pl\u00e1stico: Ladrillos autoblocantes<br \/>\nMaterial: Pl\u00e1stico<br \/>\nTipo de pl\u00e1stico: ABS<br \/>\nBricks Blocks: 2286 +<br \/>\nSin caja original<br \/>\nEl producto no incluye PEGATINA ni Piezas IMPRESAS. Todas las piezas impresas se reemplazar\u00e1n por piezas est\u00e1ndar y no se incluir\u00e1n en los accesorios de terceros.<\/p>","protected":false},"featured_media":59852,"comment_status":"open","ping_status":"closed","template":"","meta":{"_acf_changed":false},"product_cat":[1365,371,581,1408],"product_tag":[13470,6122,13472,13473,11072,8452,13474,11082,11083,434,13471,5773],"class_list":["product","first","instock","shipping-taxable","purchasable","product-type-simple"],"acf":[],"_links":{"self":[{"href":"https:\/\/mouldking.store\/es\/wp-json\/wp\/v2\/product\/59853","targetHints":{"allow":["GET"]}}],"collection":[{"href":"https:\/\/mouldking.store\/es\/wp-json\/wp\/v2\/product"}],"about":[{"href":"https:\/\/mouldking.store\/es\/wp-json\/wp\/v2\/types\/product"}],"replies":[{"embeddable":true,"href":"https:\/\/mouldking.store\/es\/wp-json\/wp\/v2\/comments?post=59853"}],"wp:featuredmedia":[{"embeddable":true,"href":"https:\/\/mouldking.store\/es\/wp-json\/wp\/v2\/media\/59852"}],"wp:attachment":[{"href":"https:\/\/mouldking.store\/es\/wp-json\/wp\/v2\/media?parent=59853"}],"wp:term":[{"taxonomy":"product_cat","embeddable":true,"href":"https:\/\/mouldking.store\/es\/wp-json\/wp\/v2\/product_cat?post=59853"},{"taxonomy":"product_tag","embeddable":true,"href":"https:\/\/mouldking.store\/es\/wp-json\/wp\/v2\/product_tag?post=59853"}],"curies":[{"name":"wp","href":"https:\/\/api.w.org\/{rel}","templated":true}]}}