{"id":59894,"date":"2024-06-18T18:21:58","date_gmt":"2024-06-18T11:21:58","guid":{"rendered":"https:\/\/mouldking.store\/shop\/moc-factory-161451-star-wars-the-ghost-ultimate-playset-ship-with-4703-pieces\/"},"modified":"2025-12-16T20:59:04","modified_gmt":"2025-12-16T13:59:04","slug":"moc-factory-161451-star-wars-the-ghost-ultimate-playset-ship-with-4703-pieces","status":"publish","type":"product","link":"https:\/\/mouldking.store\/es\/shop\/moc-factory-161451-star-wars-the-ghost-ultimate-playset-ship-with-4703-pieces\/","title":{"rendered":"MOC Factory 161451 Star Wars The Ghost Ultimate Playset Ship with 4703 Pieces"},"content":{"rendered":"<div>\u2705 MOC-161451 Star Wars The Ghost Ultimate Playset Ship<\/p>\n<p>\u2705 The Ghost Ultimate Playset Ship from Star Wars is a highly detailed and interactive toy based on the starship featured in the animated series &#8220;Star Wars Rebels.&#8221;&nbsp;<\/p>\n<p>\ud83d\udeab \u00a1IMPORTANTE!<\/p>\n<p>Product Name: Star Wars The Ghost Ultimate Playset Ship<\/p>\n<p>Categor\u00eda: Guerra de las Galaxias<\/p>\n<p>This Kit Contains: C9885<\/p>\n<p>4703&nbsp; pcs Good Quality Bricks<\/p>\n<p>Size: 26 x 20 x 10 cm<\/p>\n<p>Instrucciones en PDF<\/p>\n<p>\ud83d\udcccNaturaleza del protagonista<\/p>\n<p>Introducing our proud collection named \u201cStar Wars The Ghost Ultimate Playset Ship\u201d you should not miss.<\/p>\n<p>&nbsp;The Ghost Ultimate Playset Ship stands as a testament to the creativity and craftsmanship behind Star Wars merchandise, offering fans and collectors alike a chance to engage with the beloved universe of &#8220;Star Wars Rebels&#8221; in a tangible and exciting way.&nbsp;<\/p><\/div>","protected":false},"excerpt":{"rendered":"<p>Marca: MOC Factory<br \/>\nG\u00e9nero: Unisex<br \/>\nRango de edad: &gt; 6 a\u00f1os<br \/>\nModel Number: 161451<br \/>\nClasificaci\u00f3n: Ensamblaje<br \/>\nForma de bloque de pl\u00e1stico: Ladrillos autoblocantes<br \/>\nMaterial: Pl\u00e1stico<br \/>\nTipo de pl\u00e1stico: ABS<br \/>\nBricks Blocks: 4703 +<br \/>\nSin caja original<br \/>\nEl producto no incluye PEGATINA ni Piezas IMPRESAS. Todas las piezas impresas se reemplazar\u00e1n por piezas est\u00e1ndar y no se incluir\u00e1n en los accesorios de terceros.<\/p>","protected":false},"featured_media":59893,"comment_status":"open","ping_status":"closed","template":"","meta":{"_acf_changed":false},"product_cat":[1357,6016,415,364],"product_tag":[2964,6555,13484,2276,436,389,11245],"class_list":["product","first","instock","shipping-taxable","purchasable","product-type-simple"],"acf":[],"_links":{"self":[{"href":"https:\/\/mouldking.store\/es\/wp-json\/wp\/v2\/product\/59894","targetHints":{"allow":["GET"]}}],"collection":[{"href":"https:\/\/mouldking.store\/es\/wp-json\/wp\/v2\/product"}],"about":[{"href":"https:\/\/mouldking.store\/es\/wp-json\/wp\/v2\/types\/product"}],"replies":[{"embeddable":true,"href":"https:\/\/mouldking.store\/es\/wp-json\/wp\/v2\/comments?post=59894"}],"wp:featuredmedia":[{"embeddable":true,"href":"https:\/\/mouldking.store\/es\/wp-json\/wp\/v2\/media\/59893"}],"wp:attachment":[{"href":"https:\/\/mouldking.store\/es\/wp-json\/wp\/v2\/media?parent=59894"}],"wp:term":[{"taxonomy":"product_cat","embeddable":true,"href":"https:\/\/mouldking.store\/es\/wp-json\/wp\/v2\/product_cat?post=59894"},{"taxonomy":"product_tag","embeddable":true,"href":"https:\/\/mouldking.store\/es\/wp-json\/wp\/v2\/product_tag?post=59894"}],"curies":[{"name":"wp","href":"https:\/\/api.w.org\/{rel}","templated":true}]}}