{"id":59896,"date":"2024-06-18T18:22:04","date_gmt":"2024-06-18T11:22:04","guid":{"rendered":"https:\/\/mouldking.store\/shop\/moc-factory-89117-the-legend-of-zelda-the-wind-waker-wind-waker-boat-with-535-pieces\/"},"modified":"2025-12-16T20:59:04","modified_gmt":"2025-12-16T13:59:04","slug":"moc-factory-89117-the-legend-of-zelda-the-wind-waker-wind-waker-boat-with-535-pieces","status":"publish","type":"product","link":"https:\/\/mouldking.store\/es\/shop\/moc-factory-89117-the-legend-of-zelda-the-wind-waker-wind-waker-boat-with-535-pieces\/","title":{"rendered":"MOC Factory 89117 The Legend of Zelda The Wind Waker Barco Wind Waker con 535 piezas"},"content":{"rendered":"<div>\u2705 MOC-89117 The Legend of Zelda The Wind Waker Wind Waker Boat<\/p>\n<p>\u2705 The King of Red Lions is a sailboat designed with a distinctive red hull and a lion figurehead. It has a sleek and graceful design suitable for navigating the vast expanses of the Great Sea.&nbsp; It is powered by wind, using a large sail that can be adjusted to catch different wind directions, allowing Link to navigate effectively.&nbsp;<\/p>\n<p>\ud83d\udeab \u00a1IMPORTANTE!<\/p>\n<p>Product Name: The Legend of Zelda The Wind Waker Wind Waker Boat<\/p>\n<p>Categor\u00eda: Pel\u00edcula<\/p>\n<p>This Kit Contains: C9949<\/p>\n<p>535 piezas de ladrillos de buena calidad<\/p>\n<p>Size: 25.9 x 24 x 32.3 cm<\/p>\n<p>Weight: 0.31 kg<\/p>\n<p>Instrucciones en PDF<\/p>\n<p>\ud83d\udcccNaturaleza del protagonista<\/p>\n<p>Introducing our proud collection named \u201cThe Legend of Zelda The Wind Waker Wind Waker Boat\u201d you should not miss.<\/p>\n<p>&nbsp;In &#8220;The Legend of Zelda: The Wind Waker,&#8221; the King of Red Lions serves as Link&#8217;s trusty boat companion, guiding him through the vast ocean while the Wind Waker itself acts as a magical conductor&#8217;s baton, essential for manipulating the wind and navigating the seas. Together, they form integral parts of the game&#8217;s mechanics and storyline, contributing to the unique charm and adventure of this beloved entry in the Zelda series.&nbsp;<\/p><\/div>","protected":false},"excerpt":{"rendered":"<p>Marca: MOC Factory<br \/>\nG\u00e9nero: Unisex<br \/>\nRango de edad: &gt; 6 a\u00f1os<br \/>\nModel Number: 89117<br \/>\nClasificaci\u00f3n: Ensamblaje<br \/>\nForma de bloque de pl\u00e1stico: Ladrillos autoblocantes<br \/>\nMaterial: Pl\u00e1stico<br \/>\nTipo de pl\u00e1stico: ABS<br \/>\nLadrillos Bloques: 535 +<br \/>\nSin caja original<br \/>\nEl producto no incluye PEGATINA ni Piezas IMPRESAS. Todas las piezas impresas se reemplazar\u00e1n por piezas est\u00e1ndar y no se incluir\u00e1n en los accesorios de terceros.<\/p>","protected":false},"featured_media":59895,"comment_status":"open","ping_status":"closed","template":"","meta":{"_acf_changed":false},"product_cat":[1365,371,581,1408],"product_tag":[6471,11072,8452,11082,11083,434,11274,5773],"class_list":["product","first","instock","shipping-taxable","purchasable","product-type-simple"],"acf":[],"_links":{"self":[{"href":"https:\/\/mouldking.store\/es\/wp-json\/wp\/v2\/product\/59896","targetHints":{"allow":["GET"]}}],"collection":[{"href":"https:\/\/mouldking.store\/es\/wp-json\/wp\/v2\/product"}],"about":[{"href":"https:\/\/mouldking.store\/es\/wp-json\/wp\/v2\/types\/product"}],"replies":[{"embeddable":true,"href":"https:\/\/mouldking.store\/es\/wp-json\/wp\/v2\/comments?post=59896"}],"wp:featuredmedia":[{"embeddable":true,"href":"https:\/\/mouldking.store\/es\/wp-json\/wp\/v2\/media\/59895"}],"wp:attachment":[{"href":"https:\/\/mouldking.store\/es\/wp-json\/wp\/v2\/media?parent=59896"}],"wp:term":[{"taxonomy":"product_cat","embeddable":true,"href":"https:\/\/mouldking.store\/es\/wp-json\/wp\/v2\/product_cat?post=59896"},{"taxonomy":"product_tag","embeddable":true,"href":"https:\/\/mouldking.store\/es\/wp-json\/wp\/v2\/product_tag?post=59896"}],"curies":[{"name":"wp","href":"https:\/\/api.w.org\/{rel}","templated":true}]}}