{"id":60008,"date":"2024-07-10T16:52:41","date_gmt":"2024-07-10T09:52:41","guid":{"rendered":"https:\/\/mouldking.store\/shop\/moc-factory-165091-pirate-ship-the-ruined-king-with-5854-pieces\/"},"modified":"2025-12-16T20:59:04","modified_gmt":"2025-12-16T13:59:04","slug":"moc-factory-165091-pirate-ship-the-ruined-king-with-5854-pieces","status":"publish","type":"product","link":"https:\/\/mouldking.store\/es\/shop\/moc-factory-165091-pirate-ship-the-ruined-king-with-5854-pieces\/","title":{"rendered":"MOC Factory 165091 Pirate Ship The Ruined King with 5854 Pieces"},"content":{"rendered":"<div>\u2705 MOC-165091 Pirate Ship The Ruined King<\/p>\n<p>\u2705 &#8220;The Ruined King&#8221; as a pirate ship conjures an image of a formidable and legendary vessel that strikes fear into the hearts of its enemies.&nbsp; The Ruined King boasts a large, imposing hull made from the strongest oak, reinforced with iron plates for extra durability. The wood is weathered and dark, showing signs of numerous battles and voyages across treacherous seas.&nbsp; The ship&#8217;s figurehead is a fearsome carving of a skeletal king, adorned with a tattered crown and clutching a broken scepter, symbolizing both its name and its dark legacy.&nbsp;<\/p>\n<p>\ud83d\udeab \u00a1IMPORTANTE!<\/p>\n<p>Product Name: Pirate Ship The Ruined King<\/p>\n<p>Categor\u00eda: Pel\u00edcula<\/p>\n<p>This Kit Contains: C10031<\/p>\n<p>5854 pcs Good Quality Bricks<\/p>\n<p>Size: 64 x 25 x 45 cm<\/p>\n<p>Weight: 3.68 kg<\/p>\n<p>Instrucciones en PDF<\/p>\n<p>\ud83d\udcccNaturaleza del protagonista<\/p>\n<p>Introducing our proud collection named \u201cPirate Ship The Ruined King\u201d you should not miss.<\/p>\n<p>&nbsp;The Ruined King is not just a ship but a symbol of pirate legend, combining formidable armament, a skilled and loyal crew, and an aura of dark mystique that makes it a force to be reckoned with on the high seas.&nbsp;<\/p><\/div>","protected":false},"excerpt":{"rendered":"<p>Marca: MOC Factory<br \/>\nG\u00e9nero: Unisex<br \/>\nRango de edad: &gt; 6 a\u00f1os<br \/>\nModel Number: 165091<br \/>\nClasificaci\u00f3n: Ensamblaje<br \/>\nForma de bloque de pl\u00e1stico: Ladrillos autoblocantes<br \/>\nMaterial: Pl\u00e1stico<br \/>\nTipo de pl\u00e1stico: ABS<br \/>\nBricks Blocks: 5854 +<br \/>\nSin caja original<br \/>\nEl producto no incluye PEGATINA ni Piezas IMPRESAS. Todas las piezas impresas se reemplazar\u00e1n por piezas est\u00e1ndar y no se incluir\u00e1n en los accesorios de terceros.<\/p>","protected":false},"featured_media":60007,"comment_status":"open","ping_status":"closed","template":"","meta":{"_acf_changed":false},"product_cat":[1357,371,372,390,581,6016,415,364,1408,1875],"product_tag":[9925,434,8704,2429,304,389],"class_list":["product","first","instock","shipping-taxable","purchasable","product-type-simple"],"acf":[],"_links":{"self":[{"href":"https:\/\/mouldking.store\/es\/wp-json\/wp\/v2\/product\/60008","targetHints":{"allow":["GET"]}}],"collection":[{"href":"https:\/\/mouldking.store\/es\/wp-json\/wp\/v2\/product"}],"about":[{"href":"https:\/\/mouldking.store\/es\/wp-json\/wp\/v2\/types\/product"}],"replies":[{"embeddable":true,"href":"https:\/\/mouldking.store\/es\/wp-json\/wp\/v2\/comments?post=60008"}],"wp:featuredmedia":[{"embeddable":true,"href":"https:\/\/mouldking.store\/es\/wp-json\/wp\/v2\/media\/60007"}],"wp:attachment":[{"href":"https:\/\/mouldking.store\/es\/wp-json\/wp\/v2\/media?parent=60008"}],"wp:term":[{"taxonomy":"product_cat","embeddable":true,"href":"https:\/\/mouldking.store\/es\/wp-json\/wp\/v2\/product_cat?post=60008"},{"taxonomy":"product_tag","embeddable":true,"href":"https:\/\/mouldking.store\/es\/wp-json\/wp\/v2\/product_tag?post=60008"}],"curies":[{"name":"wp","href":"https:\/\/api.w.org\/{rel}","templated":true}]}}