{"id":60068,"date":"2024-07-10T18:13:21","date_gmt":"2024-07-10T11:13:21","guid":{"rendered":"https:\/\/mouldking.store\/shop\/mould-king-10085-small-drift-bottle-mini-queen-revenger-ship-with-885-pieces\/"},"modified":"2024-07-10T18:13:27","modified_gmt":"2024-07-10T11:13:27","slug":"mould-king-10085-small-drift-bottle-mini-queen-revenger-ship-with-885-pieces","status":"publish","type":"product","link":"https:\/\/mouldking.store\/es\/shop\/mould-king-10085-small-drift-bottle-mini-queen-revenger-ship-with-885-pieces\/","title":{"rendered":"MOULD KING 10085 Small Drift Bottle Mini Queen Revenger Ship with 885 Pieces"},"content":{"rendered":"<div>\u2705MouldKing 10085 Small Drift Bottle Mini Queen Revenger Ship<\/p>\n<p>\u2705The concept of a &#8220;Small Drift Bottle Mini Queen Revenger Ship&#8221; isn&#8217;t a standard term or widely recognized phrase in maritime or model-making contexts. However, I can interpret it as potentially referring to a model ship contained within a drift bottle (commonly known as a ship in a bottle), which could be named the &#8220;Mini Queen Revenger.&#8221;&nbsp;<\/p>\n<p>\ud83d\udeab \u00a1IMPORTANTE!<\/p>\n<p>Product Name: Small Drift Bottle Mini Queen Revenger Ship<\/p>\n<p>Categor\u00eda: Pel\u00edcula<\/p>\n<p>This Kit Contains: MouldKing 10085<\/p>\n<p>885 pcs Good Quality Bricks<\/p>\n<p>Size: 31 \u00d7 10.9 \u00d7 15.5 cm<\/p>\n<p>Instrucciones manuales<\/p>\n<p>\ud83d\udcccNaturaleza del protagonista<\/p>\n<p>Introducing our proud collection named \u201cSmall Drift Bottle Mini Queen Revenger Ship\u201d you should not miss.<\/p>\n<p>&nbsp;If inspired by historical ships, the &#8220;Mini Queen Revenger&#8221; might be designed after a specific era of naval warfare, such as the Age of Sail. If fictional, it could come with a backstory involving adventures and battles on the high seas. &nbsp; Such models are prized by collectors and maritime enthusiasts for their beauty and the skill required to make them. They often serve as decorative pieces and conversation starters.&nbsp;<\/p><\/div>","protected":false},"excerpt":{"rendered":"<p>Marca: MOLD KING<br \/>\nG\u00e9nero: Unisex<br \/>\nRango de edad: &gt; 8 a\u00f1os<br \/>\nModel Number: 10085<br \/>\nClasificaci\u00f3n: Ensamblaje<br \/>\nForma de bloque de pl\u00e1stico: Ladrillos autoblocantes<br \/>\nMaterial: Pl\u00e1stico<br \/>\nTipo de pl\u00e1stico: ABS<br \/>\nBricks Blocks: 885 +<br \/>\nSin caja original<br \/>\nEl producto no incluye PEGATINA ni Piezas IMPRESAS. Todas las piezas impresas se reemplazar\u00e1n por piezas est\u00e1ndar y no se incluir\u00e1n en los accesorios de terceros.<\/p>","protected":false},"featured_media":60067,"comment_status":"open","ping_status":"closed","template":"","meta":{"_acf_changed":false},"product_cat":[1357,364],"product_tag":[13496,12378,7231,12600,304,389],"class_list":["product","first","instock","shipping-taxable","purchasable","product-type-simple"],"acf":[],"_links":{"self":[{"href":"https:\/\/mouldking.store\/es\/wp-json\/wp\/v2\/product\/60068","targetHints":{"allow":["GET"]}}],"collection":[{"href":"https:\/\/mouldking.store\/es\/wp-json\/wp\/v2\/product"}],"about":[{"href":"https:\/\/mouldking.store\/es\/wp-json\/wp\/v2\/types\/product"}],"replies":[{"embeddable":true,"href":"https:\/\/mouldking.store\/es\/wp-json\/wp\/v2\/comments?post=60068"}],"wp:featuredmedia":[{"embeddable":true,"href":"https:\/\/mouldking.store\/es\/wp-json\/wp\/v2\/media\/60067"}],"wp:attachment":[{"href":"https:\/\/mouldking.store\/es\/wp-json\/wp\/v2\/media?parent=60068"}],"wp:term":[{"taxonomy":"product_cat","embeddable":true,"href":"https:\/\/mouldking.store\/es\/wp-json\/wp\/v2\/product_cat?post=60068"},{"taxonomy":"product_tag","embeddable":true,"href":"https:\/\/mouldking.store\/es\/wp-json\/wp\/v2\/product_tag?post=60068"}],"curies":[{"name":"wp","href":"https:\/\/api.w.org\/{rel}","templated":true}]}}