{"id":60098,"date":"2024-07-12T17:55:16","date_gmt":"2024-07-12T10:55:16","guid":{"rendered":"https:\/\/mouldking.store\/shop\/mould-king-27067-mini-racing-cars-with-344-pieces\/"},"modified":"2024-07-12T17:55:22","modified_gmt":"2024-07-12T10:55:22","slug":"mould-king-27067-mini-racing-cars-with-344-pieces","status":"publish","type":"product","link":"https:\/\/mouldking.store\/es\/shop\/mould-king-27067-mini-racing-cars-with-344-pieces\/","title":{"rendered":"MOULD KING 27067 Minicoches de carreras con 344 piezas"},"content":{"rendered":"<div>\u2705Mould King 27067 Mini Racing Cars<\/p>\n<p>\u2705 A racing car, also known as a race car, is a specially designed vehicle built for competitive racing events. These cars are optimized for speed, agility, and performance on race tracks.&nbsp;<\/p>\n<p>\ud83d\udeab \u00a1IMPORTANTE!<\/p>\n<p>Product Name: Mini Racing Cars<\/p>\n<p>Categor\u00eda: T\u00e9cnica<\/p>\n<p>This Kit Contains: Mould King 27067<\/p>\n<p>344&nbsp; pcs Good Quality Bricks<\/p>\n<p>Size: 16.6 \u00d7 7.6 \u00d7 4.8 cm<\/p>\n<p>Instrucciones manuales<\/p>\n<p>\ud83d\udcccNaturaleza del protagonista<\/p>\n<p>Introducing our proud collection named \u201cini Racing Cars\u201d you should not miss.<\/p>\n<p>&nbsp;They typically feature lightweight construction, powerful engines, advanced aerodynamics, and specialized tires and brakes to handle high speeds and cornering forces. Racing cars can vary widely depending on the type of racing they are designed for, such as Formula 1, NASCAR, rally racing, or endurance racing like the 24 Hours of Le Mans.&nbsp;<\/p><\/div>","protected":false},"excerpt":{"rendered":"<p>Marca: MOLD KING<br \/>\nG\u00e9nero: Unisex<br \/>\nRango de edad: &gt; 14 a\u00f1os<br \/>\nModel Number: 27067<br \/>\nClasificaci\u00f3n: Ensamblaje<br \/>\nForma de bloque de pl\u00e1stico: Ladrillos autoblocantes<br \/>\nMaterial: Pl\u00e1stico<br \/>\nTipo de pl\u00e1stico: ABS<br \/>\nBricks Blocks: 344 +<br \/>\nSin caja original<br \/>\nEl producto no incluye PEGATINA ni Piezas IMPRESAS. Todas las piezas impresas se reemplazar\u00e1n por piezas est\u00e1ndar y no se incluir\u00e1n en los accesorios de terceros.<\/p>","protected":false},"featured_media":60097,"comment_status":"open","ping_status":"closed","template":"","meta":{"_acf_changed":false},"product_cat":[1360,1357,364],"product_tag":[10385,479,13502,710,480,389,11080],"class_list":["product","first","instock","shipping-taxable","purchasable","product-type-simple"],"acf":[],"_links":{"self":[{"href":"https:\/\/mouldking.store\/es\/wp-json\/wp\/v2\/product\/60098","targetHints":{"allow":["GET"]}}],"collection":[{"href":"https:\/\/mouldking.store\/es\/wp-json\/wp\/v2\/product"}],"about":[{"href":"https:\/\/mouldking.store\/es\/wp-json\/wp\/v2\/types\/product"}],"replies":[{"embeddable":true,"href":"https:\/\/mouldking.store\/es\/wp-json\/wp\/v2\/comments?post=60098"}],"wp:featuredmedia":[{"embeddable":true,"href":"https:\/\/mouldking.store\/es\/wp-json\/wp\/v2\/media\/60097"}],"wp:attachment":[{"href":"https:\/\/mouldking.store\/es\/wp-json\/wp\/v2\/media?parent=60098"}],"wp:term":[{"taxonomy":"product_cat","embeddable":true,"href":"https:\/\/mouldking.store\/es\/wp-json\/wp\/v2\/product_cat?post=60098"},{"taxonomy":"product_tag","embeddable":true,"href":"https:\/\/mouldking.store\/es\/wp-json\/wp\/v2\/product_tag?post=60098"}],"curies":[{"name":"wp","href":"https:\/\/api.w.org\/{rel}","templated":true}]}}