{"id":60227,"date":"2024-07-17T18:14:46","date_gmt":"2024-07-17T11:14:46","guid":{"rendered":"https:\/\/mouldking.store\/shop\/mould-king-18021-monster-climbing-vehicle-with-motor-with-1120-pieces\/"},"modified":"2024-07-17T18:14:52","modified_gmt":"2024-07-17T11:14:52","slug":"mould-king-18021-monster-climbing-vehicle-with-motor-with-1120-pieces","status":"publish","type":"product","link":"https:\/\/mouldking.store\/es\/shop\/mould-king-18021-monster-climbing-vehicle-with-motor-with-1120-pieces\/","title":{"rendered":"MOULD KING 18021 Veh\u00edculo de escalada monstruo con motor con 1120 piezas"},"content":{"rendered":"<div>\u2705MouldKing 18021 Monster Climbing Vehicle With Motor<\/p>\n<p>\u2705 The MouldKing 18021 Monster Climbing Vehicle is a popular model in the realm of remote-controlled (RC) vehicles and construction sets.&nbsp;<\/p>\n<p>\ud83d\udeab \u00a1IMPORTANTE!<\/p>\n<p>Product Name: Monster Climbing Vehicle With Motor<\/p>\n<p>Categor\u00eda: T\u00e9cnica<\/p>\n<p>This Kit Contains: MouldKing 18021&nbsp;<\/p>\n<p>1120 pcs Good Quality Bricks<\/p>\n<p>Size: 36.2 \u00d7 21.2 \u00d7 17.8 cm<\/p>\n<p>Instrucciones manuales<\/p>\n<p>\ud83d\udcccNaturaleza del protagonista<\/p>\n<p>Introducing our proud collection named \u201cMonster Climbing Vehicle With Motor\u201d you should not miss.<\/p>\n<p>&nbsp;This model offers a fun and educational experience, combining the enjoyment of building with the thrill of operating a capable RC climbing vehicle.&nbsp; This model may be challenging and engaging to build, suitable for enthusiasts who enjoy detailed and intricate construction projects.&nbsp; Building the MouldKing 18021 can enhance skills in engineering, problem-solving, and hand-eye coordination.&nbsp;<\/p><\/div>","protected":false},"excerpt":{"rendered":"<p>Marca: MOLD KING<br \/>\nG\u00e9nero: Unisex<br \/>\nRango de edad: &gt; 14 a\u00f1os<br \/>\nModel Number: 18021<br \/>\nClasificaci\u00f3n: Ensamblaje<br \/>\nForma de bloque de pl\u00e1stico: Ladrillos autoblocantes<br \/>\nMaterial: Pl\u00e1stico<br \/>\nTipo de pl\u00e1stico: ABS<br \/>\nBricks Blocks: 1120 +<br \/>\nSin caja original<br \/>\nEl producto no incluye PEGATINA ni Piezas IMPRESAS. Todas las piezas impresas se reemplazar\u00e1n por piezas est\u00e1ndar y no se incluir\u00e1n en los accesorios de terceros.<\/p>","protected":false},"featured_media":60226,"comment_status":"open","ping_status":"closed","template":"","meta":{"_acf_changed":false},"product_cat":[1384,1360,1357,364,1875],"product_tag":[13520,457,13519,468,389,11080,11396],"class_list":["product","first","instock","shipping-taxable","purchasable","product-type-simple"],"acf":[],"_links":{"self":[{"href":"https:\/\/mouldking.store\/es\/wp-json\/wp\/v2\/product\/60227","targetHints":{"allow":["GET"]}}],"collection":[{"href":"https:\/\/mouldking.store\/es\/wp-json\/wp\/v2\/product"}],"about":[{"href":"https:\/\/mouldking.store\/es\/wp-json\/wp\/v2\/types\/product"}],"replies":[{"embeddable":true,"href":"https:\/\/mouldking.store\/es\/wp-json\/wp\/v2\/comments?post=60227"}],"wp:featuredmedia":[{"embeddable":true,"href":"https:\/\/mouldking.store\/es\/wp-json\/wp\/v2\/media\/60226"}],"wp:attachment":[{"href":"https:\/\/mouldking.store\/es\/wp-json\/wp\/v2\/media?parent=60227"}],"wp:term":[{"taxonomy":"product_cat","embeddable":true,"href":"https:\/\/mouldking.store\/es\/wp-json\/wp\/v2\/product_cat?post=60227"},{"taxonomy":"product_tag","embeddable":true,"href":"https:\/\/mouldking.store\/es\/wp-json\/wp\/v2\/product_tag?post=60227"}],"curies":[{"name":"wp","href":"https:\/\/api.w.org\/{rel}","templated":true}]}}