{"id":60241,"date":"2024-07-17T18:16:11","date_gmt":"2024-07-17T11:16:11","guid":{"rendered":"https:\/\/mouldking.store\/shop\/mould-king-20031-dana-self-propelled-howitzer-with-motor-with-1923-pieces\/"},"modified":"2024-07-17T18:16:16","modified_gmt":"2024-07-17T11:16:16","slug":"mould-king-20031-dana-self-propelled-howitzer-with-motor-with-1923-pieces","status":"publish","type":"product","link":"https:\/\/mouldking.store\/es\/shop\/mould-king-20031-dana-self-propelled-howitzer-with-motor-with-1923-pieces\/","title":{"rendered":"MOULD KING 20031 DANA Self-Propelled Howitzer With Motor with 1923 Pieces"},"content":{"rendered":"<div>\u2705MouldKing 20031 DANA Self-Propelled Howitzer With Motor<\/p>\n<p>\u2705 The DANA (D\u011blo Automobiln\u00ed Nab\u00edjen\u00e9 Automaticky) self-propelled howitzer is a significant piece of military equipment designed for artillery purposes.&nbsp;<\/p>\n<p>\ud83d\udeab \u00a1IMPORTANTE!<\/p>\n<p>Product Name: DANA Self-Propelled Howitzer With Motor<\/p>\n<p>Categor\u00eda: Militar<\/p>\n<p>This Kit Contains: MouldKing 20031<\/p>\n<p>1923 pcs Good Quality Bricks<\/p>\n<p>Size: 48.1 \u00d7 14.7 \u00d7 17 cm<\/p>\n<p>Instrucciones manuales<\/p>\n<p>\ud83d\udcccNaturaleza del protagonista<\/p>\n<p>Introducing our proud collection named \u201cDANA Self-Propelled Howitzer With Motor\u201d you should not miss.<\/p>\n<p>&nbsp;The DANA self-propelled howitzer is recognized for its innovative design, combining the mobility of wheeled vehicles with the firepower of traditional tracked self-propelled guns. This makes it a versatile and valuable asset in modern artillery units.&nbsp;<\/p><\/div>","protected":false},"excerpt":{"rendered":"<p>Marca: MOLD KING<br \/>\nG\u00e9nero: Unisex<br \/>\nRango de edad: &gt; 8 a\u00f1os<br \/>\nModel Number: 20031<br \/>\nClasificaci\u00f3n: Ensamblaje<br \/>\nForma de bloque de pl\u00e1stico: Ladrillos autoblocantes<br \/>\nMaterial: Pl\u00e1stico<br \/>\nTipo de pl\u00e1stico: ABS<br \/>\nBricks Blocks: 1923 +<br \/>\nSin caja original<br \/>\nEl producto no incluye PEGATINA ni Piezas IMPRESAS. Todas las piezas impresas se reemplazar\u00e1n por piezas est\u00e1ndar y no se incluir\u00e1n en los accesorios de terceros.<\/p>","protected":false},"featured_media":60240,"comment_status":"open","ping_status":"closed","template":"","meta":{"_acf_changed":false},"product_cat":[1350,1357,372,364],"product_tag":[13521,13524,13523,374,13522,389],"class_list":["product","first","instock","shipping-taxable","purchasable","product-type-simple"],"acf":[],"_links":{"self":[{"href":"https:\/\/mouldking.store\/es\/wp-json\/wp\/v2\/product\/60241","targetHints":{"allow":["GET"]}}],"collection":[{"href":"https:\/\/mouldking.store\/es\/wp-json\/wp\/v2\/product"}],"about":[{"href":"https:\/\/mouldking.store\/es\/wp-json\/wp\/v2\/types\/product"}],"replies":[{"embeddable":true,"href":"https:\/\/mouldking.store\/es\/wp-json\/wp\/v2\/comments?post=60241"}],"wp:featuredmedia":[{"embeddable":true,"href":"https:\/\/mouldking.store\/es\/wp-json\/wp\/v2\/media\/60240"}],"wp:attachment":[{"href":"https:\/\/mouldking.store\/es\/wp-json\/wp\/v2\/media?parent=60241"}],"wp:term":[{"taxonomy":"product_cat","embeddable":true,"href":"https:\/\/mouldking.store\/es\/wp-json\/wp\/v2\/product_cat?post=60241"},{"taxonomy":"product_tag","embeddable":true,"href":"https:\/\/mouldking.store\/es\/wp-json\/wp\/v2\/product_tag?post=60241"}],"curies":[{"name":"wp","href":"https:\/\/api.w.org\/{rel}","templated":true}]}}