{"id":60317,"date":"2024-07-19T15:35:37","date_gmt":"2024-07-19T08:35:37","guid":{"rendered":"https:\/\/mouldking.store\/shop\/sembo-612214-spongebob-patrick-star-strawberry-milkshake-smoothie-with-187-pieces\/"},"modified":"2024-07-19T15:35:40","modified_gmt":"2024-07-19T08:35:40","slug":"sembo-612214-spongebob-patrick-star-strawberry-milkshake-smoothie-with-187-pieces","status":"publish","type":"product","link":"https:\/\/mouldking.store\/es\/shop\/sembo-612214-spongebob-patrick-star-strawberry-milkshake-smoothie-with-187-pieces\/","title":{"rendered":"SEMBO 612214 SpongeBob Patrick Star Strawberry Milkshake Smoothie with 187 Pieces"},"content":{"rendered":"<div>\u2705SEMBO 612214 SpongeBob Patrick Star Strawberry Milkshake Smoothie<\/p>\n<p>\u2705 SpongeBob and Patrick Star are best friends in the animated series &#8220;SpongeBob SquarePants.&#8221; SpongeBob is a yellow sea sponge who is optimistic, energetic, and often naive. He works as a fry cook at the Krusty Krab and is known for his love of jellyfishing and making Krabby Patties.&nbsp;<\/p>\n<p>\ud83d\udeab \u00a1IMPORTANTE!<\/p>\n<p>Product Name: SpongeBob Patrick Star Strawberry Milkshake Smoothie<\/p>\n<p>Categor\u00eda: Pel\u00edcula<\/p>\n<p>This Kit Contains: SEMBO 612214<\/p>\n<p>187 pcs Good Quality Bricks<\/p>\n<p>Size: 8 \u00d7 7.5 \u00d7 16 cm<\/p>\n<p>Instrucciones manuales<\/p>\n<p>\ud83d\udcccNaturaleza del protagonista<\/p>\n<p>Introducing our proud collection named \u201cSpongeBob Patrick Star Strawberry Milkshake Smoothie\u201d you should not miss.<\/p>\n<p>&nbsp;Patrick Star is SpongeBob&#8217;s best friend and neighbor, a pink starfish who is laid-back, friendly, and somewhat dim-witted. He enjoys napping, eating ice cream, and hanging out with SpongeBob. Despite his simple-mindedness, Patrick has a big heart and is fiercely loyal to SpongeBob and their other friends in Bikini Bottom.&nbsp;<\/p><\/div>","protected":false},"excerpt":{"rendered":"<p>Marca: SEMBO<br \/>\nG\u00e9nero: Unisex<br \/>\nRango de edad: &gt; 6 a\u00f1os<br \/>\nModel Number: 612214<br \/>\nClasificaci\u00f3n: Ensamblaje<br \/>\nForma de bloque de pl\u00e1stico: Ladrillos autoblocantes<br \/>\nMaterial: Pl\u00e1stico<br \/>\nTipo de pl\u00e1stico: ABS<br \/>\nBricks Blocks: 187 +<br \/>\nSin caja original<br \/>\nEl producto no incluye PEGATINA ni Piezas IMPRESAS. Todas las piezas impresas se reemplazar\u00e1n por piezas est\u00e1ndar y no se incluir\u00e1n en los accesorios de terceros.<\/p>","protected":false},"featured_media":60316,"comment_status":"open","ping_status":"closed","template":"","meta":{"_acf_changed":false},"product_cat":[1365,371,581,1408],"product_tag":[11072,8452,13439,434,11087,13090,11086],"class_list":["product","first","instock","shipping-taxable","purchasable","product-type-simple"],"acf":[],"_links":{"self":[{"href":"https:\/\/mouldking.store\/es\/wp-json\/wp\/v2\/product\/60317","targetHints":{"allow":["GET"]}}],"collection":[{"href":"https:\/\/mouldking.store\/es\/wp-json\/wp\/v2\/product"}],"about":[{"href":"https:\/\/mouldking.store\/es\/wp-json\/wp\/v2\/types\/product"}],"replies":[{"embeddable":true,"href":"https:\/\/mouldking.store\/es\/wp-json\/wp\/v2\/comments?post=60317"}],"wp:featuredmedia":[{"embeddable":true,"href":"https:\/\/mouldking.store\/es\/wp-json\/wp\/v2\/media\/60316"}],"wp:attachment":[{"href":"https:\/\/mouldking.store\/es\/wp-json\/wp\/v2\/media?parent=60317"}],"wp:term":[{"taxonomy":"product_cat","embeddable":true,"href":"https:\/\/mouldking.store\/es\/wp-json\/wp\/v2\/product_cat?post=60317"},{"taxonomy":"product_tag","embeddable":true,"href":"https:\/\/mouldking.store\/es\/wp-json\/wp\/v2\/product_tag?post=60317"}],"curies":[{"name":"wp","href":"https:\/\/api.w.org\/{rel}","templated":true}]}}