{"id":60383,"date":"2024-07-30T18:25:41","date_gmt":"2024-07-30T11:25:41","guid":{"rendered":"https:\/\/mouldking.store\/shop\/zhegao-663010-music-paris-tower-with-720-pieces\/"},"modified":"2024-07-30T18:25:44","modified_gmt":"2024-07-30T11:25:44","slug":"zhegao-663010-music-paris-tower-with-720-pieces","status":"publish","type":"product","link":"https:\/\/mouldking.store\/es\/shop\/zhegao-663010-music-paris-tower-with-720-pieces\/","title":{"rendered":"ZHEGAO 663010 Music Paris Tower with 720 Pieces"},"content":{"rendered":"<div>\u2705ZHEGAO 663010 Music Paris Tower<\/p>\n<p>\u2705The Eiffel Tower is one of the most iconic landmarks in the world, located in Paris, France.&nbsp; The tower was constructed as the entrance arch for the 1889 World&#8217;s Fair, which celebrated the 100th anniversary of the French Revolution.&nbsp; Originally 300 meters tall, the Eiffel Tower now stands at 324 meters (1,063 feet) with its antennas.&nbsp;<\/p>\n<p>\ud83d\udeab \u00a1IMPORTANTE!<\/p>\n<p>Product Name: Music Paris Tower<\/p>\n<p>Categor\u00eda: Creador<\/p>\n<p>This Kit Contains: ZHEGAO 663010<\/p>\n<p>720 pcs Good Quality Bricks<\/p>\n<p>Size: 20 \u00d7 18 \u00d7 28 cm<\/p>\n<p>Instrucciones manuales<\/p>\n<p>\ud83d\udcccNaturaleza del protagonista<\/p>\n<p>Introducing our proud collection named \u201cMusic Paris Tower\u201d you should not miss.<\/p>\n<p>&nbsp;The Eiffel Tower is a global cultural icon of France and one of the most recognizable structures in the world. &nbsp; It attracts millions of visitors each year, making it one of the most visited paid monuments globally. &nbsp; The tower is often illuminated and used as a backdrop for various events, celebrations, and light shows.&nbsp;<\/p><\/div>","protected":false},"excerpt":{"rendered":"<p>Marca: ZHEGAO<br \/>\nG\u00e9nero: Unisex<br \/>\nRango de edad: &gt; 6 a\u00f1os<br \/>\nModel Number: 663010<br \/>\nClasificaci\u00f3n: Ensamblaje<br \/>\nForma de bloque de pl\u00e1stico: Ladrillos autoblocantes<br \/>\nMaterial: Pl\u00e1stico<br \/>\nTipo de pl\u00e1stico: ABS<br \/>\nBricks Blocks: 720 +<br \/>\nSin caja original<br \/>\nEl producto no incluye PEGATINA ni Piezas IMPRESAS. Todas las piezas impresas se reemplazar\u00e1n por piezas est\u00e1ndar y no se incluir\u00e1n en los accesorios de terceros.<\/p>","protected":false},"featured_media":60382,"comment_status":"open","ping_status":"closed","template":"","meta":{"_acf_changed":false},"product_cat":[1365,371],"product_tag":[11072,8452,12582,12583,1465,1370,10833,2302,13539],"class_list":["product","first","instock","shipping-taxable","purchasable","product-type-simple"],"acf":[],"_links":{"self":[{"href":"https:\/\/mouldking.store\/es\/wp-json\/wp\/v2\/product\/60383","targetHints":{"allow":["GET"]}}],"collection":[{"href":"https:\/\/mouldking.store\/es\/wp-json\/wp\/v2\/product"}],"about":[{"href":"https:\/\/mouldking.store\/es\/wp-json\/wp\/v2\/types\/product"}],"replies":[{"embeddable":true,"href":"https:\/\/mouldking.store\/es\/wp-json\/wp\/v2\/comments?post=60383"}],"wp:featuredmedia":[{"embeddable":true,"href":"https:\/\/mouldking.store\/es\/wp-json\/wp\/v2\/media\/60382"}],"wp:attachment":[{"href":"https:\/\/mouldking.store\/es\/wp-json\/wp\/v2\/media?parent=60383"}],"wp:term":[{"taxonomy":"product_cat","embeddable":true,"href":"https:\/\/mouldking.store\/es\/wp-json\/wp\/v2\/product_cat?post=60383"},{"taxonomy":"product_tag","embeddable":true,"href":"https:\/\/mouldking.store\/es\/wp-json\/wp\/v2\/product_tag?post=60383"}],"curies":[{"name":"wp","href":"https:\/\/api.w.org\/{rel}","templated":true}]}}