{"id":60396,"date":"2024-07-30T18:26:55","date_gmt":"2024-07-30T11:26:55","guid":{"rendered":"https:\/\/mouldking.store\/shop\/balody-21278-the-warm-sunshine-of-shenbulun-with-909-pieces\/"},"modified":"2024-07-30T18:26:57","modified_gmt":"2024-07-30T11:26:57","slug":"balody-21278-the-warm-sunshine-of-shenbulun-with-909-pieces","status":"publish","type":"product","link":"https:\/\/mouldking.store\/es\/shop\/balody-21278-the-warm-sunshine-of-shenbulun-with-909-pieces\/","title":{"rendered":"BALODY 21278 The Warm Sunshine Of Shenbulun with 909 Pieces"},"content":{"rendered":"<div>\u2705BALODY 21278 The Warm Sunshine Of Shenbulun<\/p>\n<p>\u2705 &#8220;The Warm Sunshine of Shenbulun&#8221; is a heartwarming tale that transports readers to a serene and beautiful village, offering a glimpse into a way of life that is deeply connected to nature and community.&nbsp;<\/p>\n<p>\ud83d\udeab \u00a1IMPORTANTE!<\/p>\n<p>Product Name: The Warm Sunshine Of Shenbulun<\/p>\n<p>Categor\u00eda: Creador<\/p>\n<p>This Kit Contains: BALODY 21278&nbsp;<\/p>\n<p>909 pcs Good Quality Bricks<\/p>\n<p>Instrucciones manuales<\/p>\n<p>\ud83d\udcccNaturaleza del protagonista<\/p>\n<p>Introducing our proud collection named \u201cThe Warm Sunshine Of Shenbulun\u201d you should not miss.<\/p>\n<p>&nbsp;The Warm Sunshine of Shenbulun Guitar Toy is designed to bring the joy and warmth of Shenbulun into the hands of young children. It offers a blend of musical education, imaginative play, and interactive fun, making it an ideal toy for aspiring young musicians.&nbsp;<\/p><\/div>","protected":false},"excerpt":{"rendered":"<p>Marca: BALODY<br \/>\nG\u00e9nero: Unisex<br \/>\nRango de edad: &gt; 6 a\u00f1os<br \/>\nModel Number: 21278<br \/>\nClasificaci\u00f3n: Ensamblaje<br \/>\nForma de bloque de pl\u00e1stico: Ladrillos autoblocantes<br \/>\nMaterial: Pl\u00e1stico<br \/>\nTipo de pl\u00e1stico: ABS<br \/>\nBricks Blocks: 909 +<br \/>\nSin caja original<br \/>\nEl producto no incluye PEGATINA ni Piezas IMPRESAS. Todas las piezas impresas se reemplazar\u00e1n por piezas est\u00e1ndar y no se incluir\u00e1n en los accesorios de terceros.<\/p>","protected":false},"featured_media":60395,"comment_status":"open","ping_status":"closed","template":"","meta":{"_acf_changed":false},"product_cat":[1365,371],"product_tag":[11072,8452,11601,10827,13541],"class_list":["product","first","instock","shipping-taxable","purchasable","product-type-simple"],"acf":[],"_links":{"self":[{"href":"https:\/\/mouldking.store\/es\/wp-json\/wp\/v2\/product\/60396","targetHints":{"allow":["GET"]}}],"collection":[{"href":"https:\/\/mouldking.store\/es\/wp-json\/wp\/v2\/product"}],"about":[{"href":"https:\/\/mouldking.store\/es\/wp-json\/wp\/v2\/types\/product"}],"replies":[{"embeddable":true,"href":"https:\/\/mouldking.store\/es\/wp-json\/wp\/v2\/comments?post=60396"}],"wp:featuredmedia":[{"embeddable":true,"href":"https:\/\/mouldking.store\/es\/wp-json\/wp\/v2\/media\/60395"}],"wp:attachment":[{"href":"https:\/\/mouldking.store\/es\/wp-json\/wp\/v2\/media?parent=60396"}],"wp:term":[{"taxonomy":"product_cat","embeddable":true,"href":"https:\/\/mouldking.store\/es\/wp-json\/wp\/v2\/product_cat?post=60396"},{"taxonomy":"product_tag","embeddable":true,"href":"https:\/\/mouldking.store\/es\/wp-json\/wp\/v2\/product_tag?post=60396"}],"curies":[{"name":"wp","href":"https:\/\/api.w.org\/{rel}","templated":true}]}}