{"id":60400,"date":"2024-07-30T18:29:18","date_gmt":"2024-07-30T11:29:18","guid":{"rendered":"https:\/\/mouldking.store\/shop\/moc-factory-101613-battletech-flea-battlemech-with-995-pieces\/"},"modified":"2025-12-16T20:59:04","modified_gmt":"2025-12-16T13:59:04","slug":"moc-factory-101613-battletech-flea-battlemech-with-995-pieces","status":"publish","type":"product","link":"https:\/\/mouldking.store\/es\/shop\/moc-factory-101613-battletech-flea-battlemech-with-995-pieces\/","title":{"rendered":"MOC Factory 101613 BattleTech Flea BattleMech con 995 piezas"},"content":{"rendered":"<div>\u2705 MOC-101613 BattleTech Flea BattleMech<\/p>\n<p>\u2705 The Flea is a light BattleMech from the BattleTech universe. It&#8217;s known for its speed and agility, designed to be a fast scout and reconnaissance unit.&nbsp;<\/p>\n<p>\ud83d\udeab \u00a1IMPORTANTE!<\/p>\n<p>Product Name: BattleTech Flea BattleMech<\/p>\n<p>Categor\u00eda: Pel\u00edcula<\/p>\n<p>This Kit Contains: C10072<\/p>\n<p>&nbsp;995&nbsp; pcs Good Quality Bricks<\/p>\n<p>Size: 14 x 7 x 27 cm<\/p>\n<p>Peso: 0,36 kg<\/p>\n<p>Instrucciones en PDF<\/p>\n<p>\ud83d\udcccNaturaleza del protagonista<\/p>\n<p>Introducing our proud collection named \u201cBattleTech Flea BattleMech\u201d you should not miss.<\/p>\n<p>The Flea is often used to harass enemy units, gather intelligence, or disrupt supply lines. Its small size and speed make it difficult to hit, but it\u2019s not very effective in direct combat.<\/p><\/div>","protected":false},"excerpt":{"rendered":"<p>Marca: MOC Factory<br \/>\nG\u00e9nero: Unisex<br \/>\nRango de edad: &gt; 6 a\u00f1os<br \/>\nModel Number: 101613<br \/>\nClasificaci\u00f3n: Ensamblaje<br \/>\nForma de bloque de pl\u00e1stico: Ladrillos autoblocantes<br \/>\nMaterial: Pl\u00e1stico<br \/>\nTipo de pl\u00e1stico: ABS<br \/>\nBricks Blocks: 995 +<br \/>\nSin caja original<br \/>\nEl producto no incluye PEGATINA ni Piezas IMPRESAS. Todas las piezas impresas se reemplazar\u00e1n por piezas est\u00e1ndar y no se incluir\u00e1n en los accesorios de terceros.<\/p>","protected":false},"featured_media":60399,"comment_status":"open","ping_status":"closed","template":"","meta":{"_acf_changed":false},"product_cat":[1365,371,581,1408],"product_tag":[13322,12488,11072,8452,13542,434,590],"class_list":["product","first","instock","shipping-taxable","purchasable","product-type-simple"],"acf":[],"_links":{"self":[{"href":"https:\/\/mouldking.store\/es\/wp-json\/wp\/v2\/product\/60400","targetHints":{"allow":["GET"]}}],"collection":[{"href":"https:\/\/mouldking.store\/es\/wp-json\/wp\/v2\/product"}],"about":[{"href":"https:\/\/mouldking.store\/es\/wp-json\/wp\/v2\/types\/product"}],"replies":[{"embeddable":true,"href":"https:\/\/mouldking.store\/es\/wp-json\/wp\/v2\/comments?post=60400"}],"wp:featuredmedia":[{"embeddable":true,"href":"https:\/\/mouldking.store\/es\/wp-json\/wp\/v2\/media\/60399"}],"wp:attachment":[{"href":"https:\/\/mouldking.store\/es\/wp-json\/wp\/v2\/media?parent=60400"}],"wp:term":[{"taxonomy":"product_cat","embeddable":true,"href":"https:\/\/mouldking.store\/es\/wp-json\/wp\/v2\/product_cat?post=60400"},{"taxonomy":"product_tag","embeddable":true,"href":"https:\/\/mouldking.store\/es\/wp-json\/wp\/v2\/product_tag?post=60400"}],"curies":[{"name":"wp","href":"https:\/\/api.w.org\/{rel}","templated":true}]}}