{"id":60406,"date":"2024-07-30T18:29:47","date_gmt":"2024-07-30T11:29:47","guid":{"rendered":"https:\/\/mouldking.store\/shop\/moc-factory-167803-iron-man-suit-up-gantry-with-1944-pieces\/"},"modified":"2025-12-16T20:59:04","modified_gmt":"2025-12-16T13:59:04","slug":"moc-factory-167803-iron-man-suit-up-gantry-with-1944-pieces","status":"publish","type":"product","link":"https:\/\/mouldking.store\/es\/shop\/moc-factory-167803-iron-man-suit-up-gantry-with-1944-pieces\/","title":{"rendered":"MOC Factory 167803 Iron Man Suit Up Gantry with 1944 Pieces"},"content":{"rendered":"<div>\u2705 MOC-167803 Iron Man Suit Up Gantry<\/p>\n<p>\u2705 The Iron Man Suit-Up Gantry is a fictional piece of technology from the Marvel Comics and Marvel Cinematic Universe. It&#8217;s used by Tony Stark (Iron Man) to assist him in putting on or removing his Iron Man armor.&nbsp;<\/p>\n<p>\ud83d\udeab \u00a1IMPORTANTE!<\/p>\n<p>Product Name: Iron Man Suit Up Gantry<\/p>\n<p>Categor\u00eda: Pel\u00edcula<\/p>\n<p>This Kit Contains: C10075<\/p>\n<p>1944 pcs Good Quality Bricks<\/p>\n<p>Size: 25 x 15 x 13 cm<\/p>\n<p>Weight: 1.16 kg<\/p>\n<p>Instrucciones en PDF<\/p>\n<p>\ud83d\udcccNaturaleza del protagonista<\/p>\n<p>Introducing our proud collection named \u201cIron Man Suit Up Gantry\u201d you should not miss.<\/p>\n<p>&nbsp;The gantry is a high-tech mechanical structure that holds and supports the Iron Man suit. It often has robotic arms and systems that help in the precise assembly and disassembly of the armor.&nbsp; It can automatically assist Tony Stark in donning the armor or taking it off, often featuring advanced diagnostics and repair tools. It\u2019s shown as a sophisticated, automated system that streamlines the process of gearing up. &nbsp; In the movies, it\u2019s depicted as a sleek, futuristic setup with numerous mechanical arms and panels that help Tony Stark put on his suit with impressive speed and efficiency.&nbsp;<\/p><\/div>","protected":false},"excerpt":{"rendered":"<p>Marca: MOC Factory<br \/>\nG\u00e9nero: Unisex<br \/>\nRango de edad: &gt; 6 a\u00f1os<br \/>\nModel Number: 167803<br \/>\nClasificaci\u00f3n: Ensamblaje<br \/>\nForma de bloque de pl\u00e1stico: Ladrillos autoblocantes<br \/>\nMaterial: Pl\u00e1stico<br \/>\nTipo de pl\u00e1stico: ABS<br \/>\nBricks Blocks: 1944 +<br \/>\nSin caja original<br \/>\nEl producto no incluye PEGATINA ni Piezas IMPRESAS. Todas las piezas impresas se reemplazar\u00e1n por piezas est\u00e1ndar y no se incluir\u00e1n en los accesorios de terceros.<\/p>","protected":false},"featured_media":60405,"comment_status":"open","ping_status":"closed","template":"","meta":{"_acf_changed":false},"product_cat":[1365,371,581,1408],"product_tag":[11072,8452,13544,8789,1856,434,8564,13543],"class_list":["product","first","instock","shipping-taxable","purchasable","product-type-simple"],"acf":[],"_links":{"self":[{"href":"https:\/\/mouldking.store\/es\/wp-json\/wp\/v2\/product\/60406","targetHints":{"allow":["GET"]}}],"collection":[{"href":"https:\/\/mouldking.store\/es\/wp-json\/wp\/v2\/product"}],"about":[{"href":"https:\/\/mouldking.store\/es\/wp-json\/wp\/v2\/types\/product"}],"replies":[{"embeddable":true,"href":"https:\/\/mouldking.store\/es\/wp-json\/wp\/v2\/comments?post=60406"}],"wp:featuredmedia":[{"embeddable":true,"href":"https:\/\/mouldking.store\/es\/wp-json\/wp\/v2\/media\/60405"}],"wp:attachment":[{"href":"https:\/\/mouldking.store\/es\/wp-json\/wp\/v2\/media?parent=60406"}],"wp:term":[{"taxonomy":"product_cat","embeddable":true,"href":"https:\/\/mouldking.store\/es\/wp-json\/wp\/v2\/product_cat?post=60406"},{"taxonomy":"product_tag","embeddable":true,"href":"https:\/\/mouldking.store\/es\/wp-json\/wp\/v2\/product_tag?post=60406"}],"curies":[{"name":"wp","href":"https:\/\/api.w.org\/{rel}","templated":true}]}}