{"id":60432,"date":"2024-07-30T18:33:32","date_gmt":"2024-07-30T11:33:32","guid":{"rendered":"https:\/\/mouldking.store\/shop\/moc-factory-170937-tales-of-the-space-age-voyager-over-the-rings-of-saturn-space-shuttle-launch-with-731-pieces\/"},"modified":"2025-12-16T20:59:03","modified_gmt":"2025-12-16T13:59:03","slug":"moc-factory-170937-tales-of-the-space-age-voyager-over-the-rings-of-saturn-space-shuttle-launch-with-731-pieces","status":"publish","type":"product","link":"https:\/\/mouldking.store\/es\/shop\/moc-factory-170937-tales-of-the-space-age-voyager-over-the-rings-of-saturn-space-shuttle-launch-with-731-pieces\/","title":{"rendered":"MOC Factory 170937 Tales of the Space Age Voyager over the Rings of Saturn Space Shuttle Launch with 731 Pieces"},"content":{"rendered":"<div>\u2705 MOC-170937 Tales of the Space Age Voyager over the Rings of Saturn Space Shuttle Launch<\/p>\n<p>\u2705 &#8220;Tales of the Space Age&#8221; is a popular concept that often involves fictional or speculative space travel stories, blending elements of science fiction with imaginative scenarios. The &#8220;Voyager over the Rings of Saturn&#8221; might refer to a narrative or visual representation of space exploration and discovery.&nbsp;<\/p>\n<p>\ud83d\udeab \u00a1IMPORTANTE!<\/p>\n<p>Product Name: Tales of the Space Age Voyager over the Rings of Saturn Space Shuttle Launch<\/p>\n<p>Categor\u00eda: Espacio<\/p>\n<p>This Kit Contains: C10087<\/p>\n<p>731&nbsp; pcs Good Quality Bricks<\/p>\n<p>Size:&nbsp; 10 x 3 x 17 cm<\/p>\n<p>Weight: 0.56 kg<\/p>\n<p>Instrucciones en PDF<\/p>\n<p>\ud83d\udcccNaturaleza del protagonista<\/p>\n<p>Introducing our proud collection named \u201cTales of the Space Age Voyager over the Rings of Saturn Space Shuttle Launch\u201d you should not miss.<\/p>\n<p>&nbsp;Saturn, one of the gas giants in our solar system, renowned for its stunning ring system.&nbsp; The story might involve the Voyager\u2019s mission to explore Saturn\u2019s rings, collect data, or search for potential signs of life or resources.&nbsp; The overall tone of such a tale would blend awe-inspiring visuals with the thrill of space exploration, capturing the majesty of Saturn and the excitement of venturing into the unknown.&nbsp;<\/p><\/div>","protected":false},"excerpt":{"rendered":"<p>Marca: MOC Factory<br \/>\nG\u00e9nero: Unisex<br \/>\nRango de edad: &gt; 6 a\u00f1os<br \/>\nModel Number: 170937<br \/>\nClasificaci\u00f3n: Ensamblaje<br \/>\nForma de bloque de pl\u00e1stico: Ladrillos autoblocantes<br \/>\nMaterial: Pl\u00e1stico<br \/>\nTipo de pl\u00e1stico: ABS<br \/>\nBricks Blocks: 731 +<br \/>\nSin caja original<br \/>\nEl producto no incluye PEGATINA ni Piezas IMPRESAS. Todas las piezas impresas se reemplazar\u00e1n por piezas est\u00e1ndar y no se incluir\u00e1n en los accesorios de terceros.<\/p>","protected":false},"featured_media":60431,"comment_status":"open","ping_status":"closed","template":"","meta":{"_acf_changed":false},"product_cat":[1365,371,6016],"product_tag":[13229,11072,8452,11481,11438,13547,9235,2276],"class_list":["product","first","instock","shipping-taxable","purchasable","product-type-simple"],"acf":[],"_links":{"self":[{"href":"https:\/\/mouldking.store\/es\/wp-json\/wp\/v2\/product\/60432","targetHints":{"allow":["GET"]}}],"collection":[{"href":"https:\/\/mouldking.store\/es\/wp-json\/wp\/v2\/product"}],"about":[{"href":"https:\/\/mouldking.store\/es\/wp-json\/wp\/v2\/types\/product"}],"replies":[{"embeddable":true,"href":"https:\/\/mouldking.store\/es\/wp-json\/wp\/v2\/comments?post=60432"}],"wp:featuredmedia":[{"embeddable":true,"href":"https:\/\/mouldking.store\/es\/wp-json\/wp\/v2\/media\/60431"}],"wp:attachment":[{"href":"https:\/\/mouldking.store\/es\/wp-json\/wp\/v2\/media?parent=60432"}],"wp:term":[{"taxonomy":"product_cat","embeddable":true,"href":"https:\/\/mouldking.store\/es\/wp-json\/wp\/v2\/product_cat?post=60432"},{"taxonomy":"product_tag","embeddable":true,"href":"https:\/\/mouldking.store\/es\/wp-json\/wp\/v2\/product_tag?post=60432"}],"curies":[{"name":"wp","href":"https:\/\/api.w.org\/{rel}","templated":true}]}}