{"id":60457,"date":"2024-07-30T18:34:58","date_gmt":"2024-07-30T11:34:58","guid":{"rendered":"https:\/\/mouldking.store\/shop\/moc-factory-89109-exotic-parrot-with-636-pieces\/"},"modified":"2025-12-16T20:59:02","modified_gmt":"2025-12-16T13:59:02","slug":"moc-factory-89109-exotic-parrot-with-636-pieces","status":"publish","type":"product","link":"https:\/\/mouldking.store\/es\/shop\/moc-factory-89109-exotic-parrot-with-636-pieces\/","title":{"rendered":"MOC Factory 89109 Exotic Parrot with 636 Pieces"},"content":{"rendered":"<div>\u2705 MOC-89109 Exotic Parrot<\/p>\n<p>\u2705 Exotic parrots are a diverse group of colorful and intelligent birds known for their vibrant plumage, vocal abilities, and engaging personalities.&nbsp;<\/p>\n<p>\ud83d\udeab \u00a1IMPORTANTE!<\/p>\n<p>Product Name: Exotic Parrot<\/p>\n<p>Categor\u00eda: Creador<\/p>\n<p>This Kit Contains: C10151Y05-CB<\/p>\n<p>636 pcs Good Quality Bricks<\/p>\n<p>Size: 16 x 15 x 28 cm<\/p>\n<p>Weight: 0.6 kg<\/p>\n<p>Instrucciones en PDF<\/p>\n<p>\ud83d\udcccNaturaleza del protagonista<\/p>\n<p>Introducing our proud collection named \u201cExotic Parrot\u201d you should not miss.<\/p>\n<p>&nbsp;Exotic parrots make fascinating pets due to their intelligence, colorful appearances, and complex behaviors, but they also require significant time and care to thrive in captivity.&nbsp;<\/p><\/div>","protected":false},"excerpt":{"rendered":"<p>Marca: MOC Factory<br \/>\nG\u00e9nero: Unisex<br \/>\nRango de edad: &gt; 6 a\u00f1os<br \/>\nModel Number: 89109<br \/>\nClasificaci\u00f3n: Ensamblaje<br \/>\nForma de bloque de pl\u00e1stico: Ladrillos autoblocantes<br \/>\nMaterial: Pl\u00e1stico<br \/>\nTipo de pl\u00e1stico: ABS<br \/>\nBricks Blocks: 636 +<br \/>\nSin caja original<br \/>\nEl producto no incluye PEGATINA ni Piezas IMPRESAS. Todas las piezas impresas se reemplazar\u00e1n por piezas est\u00e1ndar y no se incluir\u00e1n en los accesorios de terceros.<\/p>","protected":false},"featured_media":60456,"comment_status":"open","ping_status":"closed","template":"","meta":{"_acf_changed":false},"product_cat":[1365,371],"product_tag":[13508,11110,11072,8452,7027],"class_list":["product","first","instock","shipping-taxable","purchasable","product-type-simple"],"acf":[],"_links":{"self":[{"href":"https:\/\/mouldking.store\/es\/wp-json\/wp\/v2\/product\/60457","targetHints":{"allow":["GET"]}}],"collection":[{"href":"https:\/\/mouldking.store\/es\/wp-json\/wp\/v2\/product"}],"about":[{"href":"https:\/\/mouldking.store\/es\/wp-json\/wp\/v2\/types\/product"}],"replies":[{"embeddable":true,"href":"https:\/\/mouldking.store\/es\/wp-json\/wp\/v2\/comments?post=60457"}],"wp:featuredmedia":[{"embeddable":true,"href":"https:\/\/mouldking.store\/es\/wp-json\/wp\/v2\/media\/60456"}],"wp:attachment":[{"href":"https:\/\/mouldking.store\/es\/wp-json\/wp\/v2\/media?parent=60457"}],"wp:term":[{"taxonomy":"product_cat","embeddable":true,"href":"https:\/\/mouldking.store\/es\/wp-json\/wp\/v2\/product_cat?post=60457"},{"taxonomy":"product_tag","embeddable":true,"href":"https:\/\/mouldking.store\/es\/wp-json\/wp\/v2\/product_tag?post=60457"}],"curies":[{"name":"wp","href":"https:\/\/api.w.org\/{rel}","templated":true}]}}