{"id":60465,"date":"2024-07-30T18:35:08","date_gmt":"2024-07-30T11:35:08","guid":{"rendered":"https:\/\/mouldking.store\/shop\/moc-factory-89112-dragon-ball-shenron-with-1826-pieces\/"},"modified":"2025-12-16T20:59:02","modified_gmt":"2025-12-16T13:59:02","slug":"moc-factory-89112-dragon-ball-shenron-with-1826-pieces","status":"publish","type":"product","link":"https:\/\/mouldking.store\/es\/shop\/moc-factory-89112-dragon-ball-shenron-with-1826-pieces\/","title":{"rendered":"MOC Factory 89112 Dragon Ball Shenron with 1826 Pieces"},"content":{"rendered":"<div>\u2705 MOC-89112 Dragon Ball Shenron<\/p>\n<p>\u2705 Shenron is a prominent character in the <em>Dragon Ball<\/em> series created by Akira Toriyama.&nbsp; Shenron is a long, serpentine dragon with a green, scaly body and bright red eyes. He has a beard and antler-like horns, which give him a majestic and fearsome appearance.&nbsp; Shenron is depicted as enormous, capable of wrapping around the entire Earth when summoned.<\/p>\n<p>\ud83d\udeab \u00a1IMPORTANTE!<\/p>\n<p>Product Name: Dragon Ball Shenron<\/p>\n<p>Categor\u00eda: Pel\u00edcula<\/p>\n<p>This Kit Contains: C10151Y02-CB<\/p>\n<p>1826 pcs Good Quality Bricks<\/p>\n<p>Size: 33 x 23.6 x 37.9 cm<\/p>\n<p>Peso: 1,74 kg<\/p>\n<p>Instrucciones en PDF<\/p>\n<p>\ud83d\udcccNaturaleza del protagonista<\/p>\n<p>Introducing our proud collection named \u201cDragon Ball Shenron\u201d you should not miss.<\/p>\n<p>Shenron&#8217;s primary power is to grant wishes. When the Dragon Balls (seven magical orbs) are gathered and the correct incantation is spoken, Shenron appears and can grant virtually any wish, with a few limitations.&nbsp; Shenron plays a crucial role in several story arcs of <em>Dragon Ball<\/em>. The dragon is central to the plot, as characters often seek out the Dragon Balls to make wishes that can aid in their quests, solve problems, or overcome obstacles.&nbsp;<\/div>","protected":false},"excerpt":{"rendered":"<p>Marca: MOC Factory<br \/>\nG\u00e9nero: Unisex<br \/>\nRango de edad: &gt; 6 a\u00f1os<br \/>\nModel Number: 89112<br \/>\nClasificaci\u00f3n: Ensamblaje<br \/>\nForma de bloque de pl\u00e1stico: Ladrillos autoblocantes<br \/>\nMaterial: Pl\u00e1stico<br \/>\nTipo de pl\u00e1stico: ABS<br \/>\nBricks Blocks: 1826 +<br \/>\nSin caja original<br \/>\nEl producto no incluye PEGATINA ni Piezas IMPRESAS. Todas las piezas impresas se reemplazar\u00e1n por piezas est\u00e1ndar y no se incluir\u00e1n en los accesorios de terceros.<\/p>","protected":false},"featured_media":60464,"comment_status":"open","ping_status":"closed","template":"","meta":{"_acf_changed":false},"product_cat":[1365,371,581,1408],"product_tag":[11072,11775,8452,12197,13406,434,13550],"class_list":["product","first","outofstock","shipping-taxable","purchasable","product-type-simple"],"acf":[],"_links":{"self":[{"href":"https:\/\/mouldking.store\/es\/wp-json\/wp\/v2\/product\/60465","targetHints":{"allow":["GET"]}}],"collection":[{"href":"https:\/\/mouldking.store\/es\/wp-json\/wp\/v2\/product"}],"about":[{"href":"https:\/\/mouldking.store\/es\/wp-json\/wp\/v2\/types\/product"}],"replies":[{"embeddable":true,"href":"https:\/\/mouldking.store\/es\/wp-json\/wp\/v2\/comments?post=60465"}],"wp:featuredmedia":[{"embeddable":true,"href":"https:\/\/mouldking.store\/es\/wp-json\/wp\/v2\/media\/60464"}],"wp:attachment":[{"href":"https:\/\/mouldking.store\/es\/wp-json\/wp\/v2\/media?parent=60465"}],"wp:term":[{"taxonomy":"product_cat","embeddable":true,"href":"https:\/\/mouldking.store\/es\/wp-json\/wp\/v2\/product_cat?post=60465"},{"taxonomy":"product_tag","embeddable":true,"href":"https:\/\/mouldking.store\/es\/wp-json\/wp\/v2\/product_tag?post=60465"}],"curies":[{"name":"wp","href":"https:\/\/api.w.org\/{rel}","templated":true}]}}