{"id":60478,"date":"2024-07-30T18:35:24","date_gmt":"2024-07-30T11:35:24","guid":{"rendered":"https:\/\/mouldking.store\/shop\/moc-factory-89110-a380-with-1945-pieces\/"},"modified":"2025-12-16T20:59:02","modified_gmt":"2025-12-16T13:59:02","slug":"moc-factory-89110-a380-with-1945-pieces","status":"publish","type":"product","link":"https:\/\/mouldking.store\/es\/shop\/moc-factory-89110-a380-with-1945-pieces\/","title":{"rendered":"F\u00e1brica MOC 89110 A380 con 1945 piezas"},"content":{"rendered":"<div>\u2705 MOC-89110 A380<\/p>\n<p>El Airbus A380 es un avi\u00f3n de pasajeros de dos pisos, fuselaje ancho y cuatro motores, desarrollado y producido por Airbus. Es conocido por ser el avi\u00f3n de pasajeros m\u00e1s grande del mundo.&nbsp;<\/p>\n<p>\ud83d\udeab \u00a1IMPORTANTE!<\/p>\n<p>Nombre del producto: A380<\/p>\n<p>Categor\u00eda: T\u00e9cnica<\/p>\n<p>Este kit contiene: C10151Y04-CB<\/p>\n<p>1945 piezas de ladrillos de buena calidad<\/p>\n<p>Tama\u00f1o: 48 x 8 x 38 cm<\/p>\n<p>Peso: 2,3 kg<\/p>\n<p>Instrucciones en PDF<\/p>\n<p>\ud83d\udcccNaturaleza del protagonista<\/p>\n<p>Presentamos nuestra orgullosa colecci\u00f3n llamada \u201cA380\u201d que no debes perderte.<\/p>\n<p>&nbsp;Airbus anunci\u00f3 el fin de la producci\u00f3n del A380 en 2021 debido a un cambio en la demanda hacia aviones m\u00e1s peque\u00f1os y de mayor eficiencia de combustible. A pesar de su fin de producci\u00f3n, el A380 sigue siendo un s\u00edmbolo de la ingenier\u00eda aeron\u00e1utica y es reconocido por su capacidad y lujo. Su tama\u00f1o y caracter\u00edsticas lo convierten en una notable proeza de la ingenier\u00eda y una parte importante de la historia de la aviaci\u00f3n moderna.&nbsp;<\/p><\/div>","protected":false},"excerpt":{"rendered":"<p>Marca: MOC Factory<br \/>\nG\u00e9nero: Unisex<br \/>\nRango de edad: &gt; 6 a\u00f1os<br \/>\nN\u00famero de modelo: 89110<br \/>\nClasificaci\u00f3n: Ensamblaje<br \/>\nForma de bloque de pl\u00e1stico: Ladrillos autoblocantes<br \/>\nMaterial: Pl\u00e1stico<br \/>\nTipo de pl\u00e1stico: ABS<br \/>\nBloques de ladrillos: 1945 +<br \/>\nSin caja original<br \/>\nEl producto no incluye PEGATINA ni Piezas IMPRESAS. Todas las piezas impresas se reemplazar\u00e1n por piezas est\u00e1ndar y no se incluir\u00e1n en los accesorios de terceros.<\/p>","protected":false},"featured_media":60477,"comment_status":"open","ping_status":"closed","template":"","meta":{"_acf_changed":false},"product_cat":[1357,364],"product_tag":[12773,12774,389,11080],"class_list":["product","first","instock","shipping-taxable","purchasable","product-type-simple"],"acf":[],"_links":{"self":[{"href":"https:\/\/mouldking.store\/es\/wp-json\/wp\/v2\/product\/60478","targetHints":{"allow":["GET"]}}],"collection":[{"href":"https:\/\/mouldking.store\/es\/wp-json\/wp\/v2\/product"}],"about":[{"href":"https:\/\/mouldking.store\/es\/wp-json\/wp\/v2\/types\/product"}],"replies":[{"embeddable":true,"href":"https:\/\/mouldking.store\/es\/wp-json\/wp\/v2\/comments?post=60478"}],"wp:featuredmedia":[{"embeddable":true,"href":"https:\/\/mouldking.store\/es\/wp-json\/wp\/v2\/media\/60477"}],"wp:attachment":[{"href":"https:\/\/mouldking.store\/es\/wp-json\/wp\/v2\/media?parent=60478"}],"wp:term":[{"taxonomy":"product_cat","embeddable":true,"href":"https:\/\/mouldking.store\/es\/wp-json\/wp\/v2\/product_cat?post=60478"},{"taxonomy":"product_tag","embeddable":true,"href":"https:\/\/mouldking.store\/es\/wp-json\/wp\/v2\/product_tag?post=60478"}],"curies":[{"name":"wp","href":"https:\/\/api.w.org\/{rel}","templated":true}]}}