{"id":60486,"date":"2024-07-30T18:35:40","date_gmt":"2024-07-30T11:35:40","guid":{"rendered":"https:\/\/mouldking.store\/shop\/moc-factory-89108-big-boy-steam-locomotive-with-1186-pieces\/"},"modified":"2025-12-16T20:59:02","modified_gmt":"2025-12-16T13:59:02","slug":"moc-factory-89108-big-boy-steam-locomotive-with-1186-pieces","status":"publish","type":"product","link":"https:\/\/mouldking.store\/es\/shop\/moc-factory-89108-big-boy-steam-locomotive-with-1186-pieces\/","title":{"rendered":"Locomotora de vapor MOC Factory 89108 Big Boy con 1186 piezas"},"content":{"rendered":"<div>\u2705 MOC-89108 Big Boy Steam Locomotive<\/p>\n<p>\u2705 The Big Boy is a type of steam locomotive built by the American Locomotive Company (ALCO) for the Union Pacific Railroad.&nbsp;<\/p>\n<p>\ud83d\udeab \u00a1IMPORTANTE!<\/p>\n<p>Product Name: Big Boy Steam Locomotive<\/p>\n<p>Categor\u00eda: T\u00e9cnica<\/p>\n<p>This Kit Contains: C10151Y06-CB<\/p>\n<p>1186&nbsp; pcs Good Quality Bricks<\/p>\n<p>Size: 48 x 38 x 9 cm<\/p>\n<p>Weight: 1.67 kg<\/p>\n<p>Instrucciones en PDF<\/p>\n<p>\ud83d\udcccNaturaleza del protagonista<\/p>\n<p>Introducing our proud collection named \u201cBig Boy Steam Locomotive\u201d you should not miss.<\/p>\n<p>&nbsp;A few Big Boys have been preserved and are on display or in operational condition. For example, Big Boy No. 4014 was restored to operational condition by the Union Pacific Railroad and is used for special excursions and public events.&nbsp; The Big Boy locomotives are celebrated for their impressive size and power, representing a pinnacle of steam locomotive engineering.&nbsp;<\/p><\/div>","protected":false},"excerpt":{"rendered":"<p>Marca: MOC Factory<br \/>\nG\u00e9nero: Unisex<br \/>\nRango de edad: &gt; 6 a\u00f1os<br \/>\nModel Number: 89108<br \/>\nClasificaci\u00f3n: Ensamblaje<br \/>\nForma de bloque de pl\u00e1stico: Ladrillos autoblocantes<br \/>\nMaterial: Pl\u00e1stico<br \/>\nTipo de pl\u00e1stico: ABS<br \/>\nBricks Blocks: 1186 +<br \/>\nSin caja original<br \/>\nEl producto no incluye PEGATINA ni Piezas IMPRESAS. Todas las piezas impresas se reemplazar\u00e1n por piezas est\u00e1ndar y no se incluir\u00e1n en los accesorios de terceros.<\/p>","protected":false},"featured_media":60485,"comment_status":"open","ping_status":"closed","template":"","meta":{"_acf_changed":false},"product_cat":[1357,364],"product_tag":[12776,2635,1006,2340,389,11080,300],"class_list":["product","first","instock","shipping-taxable","purchasable","product-type-simple"],"acf":[],"_links":{"self":[{"href":"https:\/\/mouldking.store\/es\/wp-json\/wp\/v2\/product\/60486","targetHints":{"allow":["GET"]}}],"collection":[{"href":"https:\/\/mouldking.store\/es\/wp-json\/wp\/v2\/product"}],"about":[{"href":"https:\/\/mouldking.store\/es\/wp-json\/wp\/v2\/types\/product"}],"replies":[{"embeddable":true,"href":"https:\/\/mouldking.store\/es\/wp-json\/wp\/v2\/comments?post=60486"}],"wp:featuredmedia":[{"embeddable":true,"href":"https:\/\/mouldking.store\/es\/wp-json\/wp\/v2\/media\/60485"}],"wp:attachment":[{"href":"https:\/\/mouldking.store\/es\/wp-json\/wp\/v2\/media?parent=60486"}],"wp:term":[{"taxonomy":"product_cat","embeddable":true,"href":"https:\/\/mouldking.store\/es\/wp-json\/wp\/v2\/product_cat?post=60486"},{"taxonomy":"product_tag","embeddable":true,"href":"https:\/\/mouldking.store\/es\/wp-json\/wp\/v2\/product_tag?post=60486"}],"curies":[{"name":"wp","href":"https:\/\/api.w.org\/{rel}","templated":true}]}}