{"id":60597,"date":"2024-08-22T18:34:22","date_gmt":"2024-08-22T11:34:22","guid":{"rendered":"https:\/\/mouldking.store\/shop\/moc-factory-89105-the-legend-of-zelda-tears-of-the-kingdom-red-bokoblin-with-419-pieces\/"},"modified":"2025-12-16T20:59:02","modified_gmt":"2025-12-16T13:59:02","slug":"moc-factory-89105-the-legend-of-zelda-tears-of-the-kingdom-red-bokoblin-with-419-pieces","status":"publish","type":"product","link":"https:\/\/mouldking.store\/es\/shop\/moc-factory-89105-the-legend-of-zelda-tears-of-the-kingdom-red-bokoblin-with-419-pieces\/","title":{"rendered":"MOC Factory 89105 The Legend of Zelda Tears of the Kingdom Red Bokoblin with 419 Pieces"},"content":{"rendered":"<div>\u2705 MOC-89105 The Legend of Zelda Tears of the Kingdom Red Bokoblin<\/p>\n<p>\u2705 En <em>The Legend of Zelda: Tears of the Kingdom<\/em>, Red Bokoblins are a type of enemy encountered in the game. They are typically one of the more common types of Bokoblins you&#8217;ll face, known for their relatively low health and basic attack patterns compared to their more powerful variants.&nbsp;<\/p>\n<p>\ud83d\udeab \u00a1IMPORTANTE!<\/p>\n<p>Product Name: The Legend of Zelda Tears of the Kingdom Red Bokoblin<\/p>\n<p>Categor\u00eda: Pel\u00edcula<\/p>\n<p>This Kit Contains: C9950<\/p>\n<p>419 piezas de ladrillos de buena calidad<\/p>\n<p>Size: 30.8 x 13.7 x 27.1 cm<\/p>\n<p>Instrucciones en PDF<\/p>\n<p>\ud83d\udcccNaturaleza del protagonista<\/p>\n<p>Introducing our proud collection named \u201cThe Legend of Zelda Tears of the Kingdom Red Bokoblin\u201d you should not miss.<\/p>\n<p>Red Bokoblins usually wield simple weapons like clubs or basic swords and are often found in groups. Despite their lower difficulty, they can still pose a challenge, especially if you&#8217;re not prepared. They often appear in early-game areas, providing players with an opportunity to practice combat mechanics and resource management.&nbsp;<\/p><\/div>","protected":false},"excerpt":{"rendered":"<p>Marca: MOC Factory<br \/>\nG\u00e9nero: Unisex<br \/>\nRango de edad: &gt; 6 a\u00f1os<br \/>\nModel Number: 89105<br \/>\nClasificaci\u00f3n: Ensamblaje<br \/>\nForma de bloque de pl\u00e1stico: Ladrillos autoblocantes<br \/>\nMaterial: Pl\u00e1stico<br \/>\nTipo de pl\u00e1stico: ABS<br \/>\nLadrillos Bloques: 419 +<br \/>\nSin caja original<br \/>\nEl producto no incluye PEGATINA ni Piezas IMPRESAS. Todas las piezas impresas se reemplazar\u00e1n por piezas est\u00e1ndar y no se incluir\u00e1n en los accesorios de terceros.<\/p>","protected":false},"featured_media":60596,"comment_status":"open","ping_status":"closed","template":"","meta":{"_acf_changed":false},"product_cat":[1365,371,581,1408],"product_tag":[11072,8452,11216,11082,11083,434,12204,5773],"class_list":["product","first","instock","shipping-taxable","purchasable","product-type-simple"],"acf":[],"_links":{"self":[{"href":"https:\/\/mouldking.store\/es\/wp-json\/wp\/v2\/product\/60597","targetHints":{"allow":["GET"]}}],"collection":[{"href":"https:\/\/mouldking.store\/es\/wp-json\/wp\/v2\/product"}],"about":[{"href":"https:\/\/mouldking.store\/es\/wp-json\/wp\/v2\/types\/product"}],"replies":[{"embeddable":true,"href":"https:\/\/mouldking.store\/es\/wp-json\/wp\/v2\/comments?post=60597"}],"wp:featuredmedia":[{"embeddable":true,"href":"https:\/\/mouldking.store\/es\/wp-json\/wp\/v2\/media\/60596"}],"wp:attachment":[{"href":"https:\/\/mouldking.store\/es\/wp-json\/wp\/v2\/media?parent=60597"}],"wp:term":[{"taxonomy":"product_cat","embeddable":true,"href":"https:\/\/mouldking.store\/es\/wp-json\/wp\/v2\/product_cat?post=60597"},{"taxonomy":"product_tag","embeddable":true,"href":"https:\/\/mouldking.store\/es\/wp-json\/wp\/v2\/product_tag?post=60597"}],"curies":[{"name":"wp","href":"https:\/\/api.w.org\/{rel}","templated":true}]}}