{"id":60606,"date":"2024-08-22T18:34:58","date_gmt":"2024-08-22T11:34:58","guid":{"rendered":"https:\/\/mouldking.store\/shop\/moc-factory-89104-duck-troop-transport-mtt-with-1286-pieces\/"},"modified":"2025-12-16T20:59:02","modified_gmt":"2025-12-16T13:59:02","slug":"moc-factory-89104-duck-troop-transport-mtt-with-1286-pieces","status":"publish","type":"product","link":"https:\/\/mouldking.store\/es\/shop\/moc-factory-89104-duck-troop-transport-mtt-with-1286-pieces\/","title":{"rendered":"MOC Factory 89104 Duck Troop Transport &#8211; MTT with 1286 Pieces"},"content":{"rendered":"<div>\u2705 MOC-89104 Duck Troop Transport &#8211; MTT<\/p>\n<p>\u2705 The Duck Troop Transport (MTT) is a versatile and often used transport vehicle in the <em>Guerra de las Galaxias<\/em> universe, particularly within the context of the <em>Star Wars Battlefront<\/em> games and various other media. It is also referred to as the MTT (Multi-Troop Transport).<\/p>\n<p>\ud83d\udeab \u00a1IMPORTANTE!<\/p>\n<p>Product Name: Duck Troop Transport &#8211; MTT<\/p>\n<p>Categor\u00eda: Guerra de las Galaxias<\/p>\n<p>This Kit Contains: F-C2301Y03<\/p>\n<p>1286 pcs Good Quality Bricks<\/p>\n<p>Weight: 2.4 kg<\/p>\n<p>Instrucciones en PDF<\/p>\n<p>\ud83d\udcccNaturaleza del protagonista<\/p>\n<p>Introducing our proud collection named \u201cDuck Troop Transport &#8211; MTT\u201d you should not miss.<\/p>\n<p>In <em>Star Wars Battlefront II<\/em>, the MTT is used by the Separatists (or Trade Federation) and is designed to transport battle droids into combat zones. It features heavy armor, a troop bay that can carry multiple droids, and powerful blaster cannons for defense. The MTT is notable for its ability to support large-scale battles by delivering a significant number of troops to the front lines.&nbsp;<\/div>","protected":false},"excerpt":{"rendered":"<p>Marca: MOC Factory<br \/>\nG\u00e9nero: Unisex<br \/>\nRango de edad: &gt; 6 a\u00f1os<br \/>\nModel Number: 89104<br \/>\nClasificaci\u00f3n: Ensamblaje<br \/>\nForma de bloque de pl\u00e1stico: Ladrillos autoblocantes<br \/>\nMaterial: Pl\u00e1stico<br \/>\nTipo de pl\u00e1stico: ABS<br \/>\nBricks Blocks: 1286 +<br \/>\nSin caja original<br \/>\nEl producto no incluye PEGATINA ni Piezas IMPRESAS. Todas las piezas impresas se reemplazar\u00e1n por piezas est\u00e1ndar y no se incluir\u00e1n en los accesorios de terceros.<\/p>","protected":false},"featured_media":60605,"comment_status":"open","ping_status":"closed","template":"","meta":{"_acf_changed":false},"product_cat":[1357,581,6016,415,364,1408],"product_tag":[11282,434,2276,436,389,11222,11187],"class_list":["product","first","instock","shipping-taxable","purchasable","product-type-simple"],"acf":[],"_links":{"self":[{"href":"https:\/\/mouldking.store\/es\/wp-json\/wp\/v2\/product\/60606","targetHints":{"allow":["GET"]}}],"collection":[{"href":"https:\/\/mouldking.store\/es\/wp-json\/wp\/v2\/product"}],"about":[{"href":"https:\/\/mouldking.store\/es\/wp-json\/wp\/v2\/types\/product"}],"replies":[{"embeddable":true,"href":"https:\/\/mouldking.store\/es\/wp-json\/wp\/v2\/comments?post=60606"}],"wp:featuredmedia":[{"embeddable":true,"href":"https:\/\/mouldking.store\/es\/wp-json\/wp\/v2\/media\/60605"}],"wp:attachment":[{"href":"https:\/\/mouldking.store\/es\/wp-json\/wp\/v2\/media?parent=60606"}],"wp:term":[{"taxonomy":"product_cat","embeddable":true,"href":"https:\/\/mouldking.store\/es\/wp-json\/wp\/v2\/product_cat?post=60606"},{"taxonomy":"product_tag","embeddable":true,"href":"https:\/\/mouldking.store\/es\/wp-json\/wp\/v2\/product_tag?post=60606"}],"curies":[{"name":"wp","href":"https:\/\/api.w.org\/{rel}","templated":true}]}}