{"id":60619,"date":"2024-08-22T18:35:11","date_gmt":"2024-08-22T11:35:11","guid":{"rendered":"https:\/\/mouldking.store\/shop\/moc-factory-89102-twilight-city-the-cullen-house-with-864-pieces\/"},"modified":"2025-12-16T20:59:01","modified_gmt":"2025-12-16T13:59:01","slug":"moc-factory-89102-twilight-city-the-cullen-house-with-864-pieces","status":"publish","type":"product","link":"https:\/\/mouldking.store\/es\/shop\/moc-factory-89102-twilight-city-the-cullen-house-with-864-pieces\/","title":{"rendered":"MOC Factory 89102 Twilight City The Cullen House with 864 Pieces"},"content":{"rendered":"<div>\u2705 MOC-89102 Twilight City The Cullen House<\/p>\n<p>\u2705 The Cullen House in <em>Twilight<\/em> is the fictional home of the Cullen family, the vampire clan central to the series. Located in the town of Forks, Washington, the house is described as a large, modern mansion with an expansive design, reflecting the Cullen family&#8217;s wealth and their preference for a contemporary aesthetic.&nbsp;<\/p>\n<p>\ud83d\udeab \u00a1IMPORTANTE!<\/p>\n<p>Product Name: Twilight City The Cullen House<\/p>\n<p>Categor\u00eda: Edificio Modular<\/p>\n<p>This Kit Contains: F-C9771<\/p>\n<p>864 pcs Good Quality Bricks<\/p>\n<p>Weight: 1.92 kg<\/p>\n<p>Instrucciones en PDF<\/p>\n<p>\ud83d\udcccNaturaleza del protagonista<\/p>\n<p>Introducing our proud collection named \u201cTwilight City The Cullen House\u201d you should not miss.<\/p>\n<p>In the films, the Cullen House is portrayed by a real house located in the town of Hillsboro, Oregon, which was used for exterior shots.&nbsp; The house is known for its extensive use of glass, providing panoramic views of the surrounding forest and landscape.&nbsp; The interior is spacious, with an open floor plan and modern furnishings.&nbsp;<\/p><\/div>","protected":false},"excerpt":{"rendered":"<p>Marca: MOC Factory<br \/>\nG\u00e9nero: Unisex<br \/>\nRango de edad: &gt; 6 a\u00f1os<br \/>\nModel Number: 89102<br \/>\nClasificaci\u00f3n: Ensamblaje<br \/>\nForma de bloque de pl\u00e1stico: Ladrillos autoblocantes<br \/>\nMaterial: Pl\u00e1stico<br \/>\nTipo de pl\u00e1stico: ABS<br \/>\nBricks Blocks: 864 +<br \/>\nSin caja original<br \/>\nEl producto no incluye PEGATINA ni Piezas IMPRESAS. Todas las piezas impresas se reemplazar\u00e1n por piezas est\u00e1ndar y no se incluir\u00e1n en los accesorios de terceros.<\/p>","protected":false},"featured_media":60618,"comment_status":"open","ping_status":"closed","template":"","meta":{"_acf_changed":false},"product_cat":[1395,1502,390,581,1408],"product_tag":[4883,13554,2318,392,434,12966],"class_list":["product","first","instock","shipping-taxable","purchasable","product-type-simple"],"acf":[],"_links":{"self":[{"href":"https:\/\/mouldking.store\/es\/wp-json\/wp\/v2\/product\/60619","targetHints":{"allow":["GET"]}}],"collection":[{"href":"https:\/\/mouldking.store\/es\/wp-json\/wp\/v2\/product"}],"about":[{"href":"https:\/\/mouldking.store\/es\/wp-json\/wp\/v2\/types\/product"}],"replies":[{"embeddable":true,"href":"https:\/\/mouldking.store\/es\/wp-json\/wp\/v2\/comments?post=60619"}],"wp:featuredmedia":[{"embeddable":true,"href":"https:\/\/mouldking.store\/es\/wp-json\/wp\/v2\/media\/60618"}],"wp:attachment":[{"href":"https:\/\/mouldking.store\/es\/wp-json\/wp\/v2\/media?parent=60619"}],"wp:term":[{"taxonomy":"product_cat","embeddable":true,"href":"https:\/\/mouldking.store\/es\/wp-json\/wp\/v2\/product_cat?post=60619"},{"taxonomy":"product_tag","embeddable":true,"href":"https:\/\/mouldking.store\/es\/wp-json\/wp\/v2\/product_tag?post=60619"}],"curies":[{"name":"wp","href":"https:\/\/api.w.org\/{rel}","templated":true}]}}