{"id":60634,"date":"2024-08-22T18:43:10","date_gmt":"2024-08-22T11:43:10","guid":{"rendered":"https:\/\/mouldking.store\/shop\/moc-factory-89101-scooby-doo-the-mystery-machine-with-320-pieces\/"},"modified":"2025-12-16T20:59:01","modified_gmt":"2025-12-16T13:59:01","slug":"moc-factory-89101-scooby-doo-the-mystery-machine-with-320-pieces","status":"publish","type":"product","link":"https:\/\/mouldking.store\/es\/shop\/moc-factory-89101-scooby-doo-the-mystery-machine-with-320-pieces\/","title":{"rendered":"MOC Factory 89101 Scooby-Doo \u2013 La M\u00e1quina Misteriosa con 320 piezas"},"content":{"rendered":"<div>\u2705 MOC-89101 Scooby-Doo &#8211; The Mystery Machine<\/p>\n<p>\u2705 The Mystery Machine is an iconic vehicle from the <em>Scooby-Doo<\/em> franchise. It&#8217;s the van used by Scooby-Doo and the gang\u2014Fred, Daphne, Velma, and Shaggy\u2014as they travel around solving mysteries.<\/p>\n<p>\ud83d\udeab \u00a1IMPORTANTE!<\/p>\n<p>Product Name: Scooby-Doo &#8211; The Mystery Machine<\/p>\n<p>Categor\u00eda: Pel\u00edcula<\/p>\n<p>This Kit Contains: F-C9807<\/p>\n<p>320 pcs Good Quality Bricks<\/p>\n<p>Weight: 0.35 kg<\/p>\n<p>Instrucciones en PDF<\/p>\n<p>\ud83d\udcccNaturaleza del protagonista<\/p>\n<p>Introducing our proud collection named \u201cScooby-Doo &#8211; The Mystery Machine\u201d you should not miss.<\/p>\n<p>The van is typically painted with a bright, colorful paint job featuring a psychedelic design with flowers and a distinctive &#8220;Mystery Machine&#8221; logo. It&#8217;s usually depicted in shades of blue and green with orange accents.&nbsp; The Mystery Machine is a beloved symbol of the <em>Scooby-Doo<\/em> series and has become a classic icon in pop culture.&nbsp;<\/div>","protected":false},"excerpt":{"rendered":"<p>Marca: MOC Factory<br \/>\nG\u00e9nero: Unisex<br \/>\nRango de edad: &gt; 6 a\u00f1os<br \/>\nModel Number: 89101<br \/>\nClasificaci\u00f3n: Ensamblaje<br \/>\nForma de bloque de pl\u00e1stico: Ladrillos autoblocantes<br \/>\nMaterial: Pl\u00e1stico<br \/>\nTipo de pl\u00e1stico: ABS<br \/>\nBricks Blocks: 320 +<br \/>\nSin caja original<br \/>\nEl producto no incluye PEGATINA ni Piezas IMPRESAS. Todas las piezas impresas se reemplazar\u00e1n por piezas est\u00e1ndar y no se incluir\u00e1n en los accesorios de terceros.<\/p>","protected":false},"featured_media":60633,"comment_status":"open","ping_status":"closed","template":"","meta":{"_acf_changed":false},"product_cat":[1357,581,364,1408],"product_tag":[7793,434,13557,13555,13556,389],"class_list":["product","first","outofstock","shipping-taxable","purchasable","product-type-simple"],"acf":[],"_links":{"self":[{"href":"https:\/\/mouldking.store\/es\/wp-json\/wp\/v2\/product\/60634","targetHints":{"allow":["GET"]}}],"collection":[{"href":"https:\/\/mouldking.store\/es\/wp-json\/wp\/v2\/product"}],"about":[{"href":"https:\/\/mouldking.store\/es\/wp-json\/wp\/v2\/types\/product"}],"replies":[{"embeddable":true,"href":"https:\/\/mouldking.store\/es\/wp-json\/wp\/v2\/comments?post=60634"}],"wp:featuredmedia":[{"embeddable":true,"href":"https:\/\/mouldking.store\/es\/wp-json\/wp\/v2\/media\/60633"}],"wp:attachment":[{"href":"https:\/\/mouldking.store\/es\/wp-json\/wp\/v2\/media?parent=60634"}],"wp:term":[{"taxonomy":"product_cat","embeddable":true,"href":"https:\/\/mouldking.store\/es\/wp-json\/wp\/v2\/product_cat?post=60634"},{"taxonomy":"product_tag","embeddable":true,"href":"https:\/\/mouldking.store\/es\/wp-json\/wp\/v2\/product_tag?post=60634"}],"curies":[{"name":"wp","href":"https:\/\/api.w.org\/{rel}","templated":true}]}}