{"id":60647,"date":"2024-08-22T18:43:55","date_gmt":"2024-08-22T11:43:55","guid":{"rendered":"https:\/\/mouldking.store\/shop\/moc-factory-89099-attack-on-titan-blockhead-with-532-pieces\/"},"modified":"2025-12-16T20:59:01","modified_gmt":"2025-12-16T13:59:01","slug":"moc-factory-89099-attack-on-titan-blockhead-with-532-pieces","status":"publish","type":"product","link":"https:\/\/mouldking.store\/es\/shop\/moc-factory-89099-attack-on-titan-blockhead-with-532-pieces\/","title":{"rendered":"MOC Factory 89099 Attack on Titan Blockhead with 532 Pieces"},"content":{"rendered":"<div>\u2705 MOC-89099 Attack on Titan Blockhead<\/p>\n<p>\u2705 In a fan or informal context, &#8220;Blockhead&#8221; might refer to the Colossal Titan, known for its enormous size and blocky head. The Colossal Titan is one of the largest Titans, towering over structures and other Titans.&nbsp;<\/p>\n<p>\ud83d\udeab \u00a1IMPORTANTE!<\/p>\n<p>Product Name: Attack on Titan Blockhead<\/p>\n<p>Categor\u00eda: Pel\u00edcula<\/p>\n<p>This Kit Contains: F-C9860<\/p>\n<p>532 pcs Good Quality Bricks<\/p>\n<p>Size: 23 x 15 x 6 cm<\/p>\n<p>Peso: 0,44 kg<\/p>\n<p>Instrucciones en PDF<\/p>\n<p>\ud83d\udcccNaturaleza del protagonista<\/p>\n<p>Introducing our proud collection named \u201cAttack on Titan Blockhead\u201d you should not miss.<\/p>\n<p>&nbsp;It has a massive, somewhat rectangular head that could be described as &#8220;blocky&#8221; compared to other Titans with more human-like or irregularly shaped heads. The Colossal Titan&#8217;s appearance is characterized by its lack of skin, exposing the muscles and bones beneath, which might contribute to the &#8220;blockhead&#8221; nickname due to its imposing, geometric form.&nbsp;<\/p><\/div>","protected":false},"excerpt":{"rendered":"<p>Marca: MOC Factory<br \/>\nG\u00e9nero: Unisex<br \/>\nRango de edad: &gt; 6 a\u00f1os<br \/>\nModel Number: 89099<br \/>\nClasificaci\u00f3n: Ensamblaje<br \/>\nForma de bloque de pl\u00e1stico: Ladrillos autoblocantes<br \/>\nMaterial: Pl\u00e1stico<br \/>\nTipo de pl\u00e1stico: ABS<br \/>\nBricks Blocks: 532 +<br \/>\nSin caja original<br \/>\nEl producto no incluye PEGATINA ni Piezas IMPRESAS. Todas las piezas impresas se reemplazar\u00e1n por piezas est\u00e1ndar y no se incluir\u00e1n en los accesorios de terceros.<\/p>","protected":false},"featured_media":60646,"comment_status":"open","ping_status":"closed","template":"","meta":{"_acf_changed":false},"product_cat":[1365,371,581,1408],"product_tag":[11328,12370,13562,11072,8452,434,13320,8220],"class_list":["product","first","instock","shipping-taxable","purchasable","product-type-simple"],"acf":[],"_links":{"self":[{"href":"https:\/\/mouldking.store\/es\/wp-json\/wp\/v2\/product\/60647","targetHints":{"allow":["GET"]}}],"collection":[{"href":"https:\/\/mouldking.store\/es\/wp-json\/wp\/v2\/product"}],"about":[{"href":"https:\/\/mouldking.store\/es\/wp-json\/wp\/v2\/types\/product"}],"replies":[{"embeddable":true,"href":"https:\/\/mouldking.store\/es\/wp-json\/wp\/v2\/comments?post=60647"}],"wp:featuredmedia":[{"embeddable":true,"href":"https:\/\/mouldking.store\/es\/wp-json\/wp\/v2\/media\/60646"}],"wp:attachment":[{"href":"https:\/\/mouldking.store\/es\/wp-json\/wp\/v2\/media?parent=60647"}],"wp:term":[{"taxonomy":"product_cat","embeddable":true,"href":"https:\/\/mouldking.store\/es\/wp-json\/wp\/v2\/product_cat?post=60647"},{"taxonomy":"product_tag","embeddable":true,"href":"https:\/\/mouldking.store\/es\/wp-json\/wp\/v2\/product_tag?post=60647"}],"curies":[{"name":"wp","href":"https:\/\/api.w.org\/{rel}","templated":true}]}}