{"id":60653,"date":"2024-08-22T18:44:09","date_gmt":"2024-08-22T11:44:09","guid":{"rendered":"https:\/\/mouldking.store\/shop\/mould-king-20032-m18-hellcat-tank-destroyer-with-motor-with-971-pieces\/"},"modified":"2024-08-22T18:44:16","modified_gmt":"2024-08-22T11:44:16","slug":"mould-king-20032-m18-hellcat-tank-destroyer-with-motor-with-971-pieces","status":"publish","type":"product","link":"https:\/\/mouldking.store\/es\/shop\/mould-king-20032-m18-hellcat-tank-destroyer-with-motor-with-971-pieces\/","title":{"rendered":"MOULD KING 20032 M18 Hellcat Tank Destroyer With Motor with 971 Pieces"},"content":{"rendered":"<div>\u2705MouldKing 20032 M18 Hellcat Tank Destroyer With Motor<\/p>\n<p>\u2705 The M18 Hellcat is a famous American tank destroyer from World War II. Known for its speed and firepower, it was one of the fastest tracked vehicles of the war.&nbsp;<\/p>\n<p>\ud83d\udeab \u00a1IMPORTANTE!<\/p>\n<p>Product Name: M18 Hellcat Tank Destroyer With Motor<\/p>\n<p>Categor\u00eda: Militar<\/p>\n<p>This Kit Contains: MouldKing 20032<\/p>\n<p>971 pcs Good Quality Bricks<\/p>\n<p>Size: 31.2 \u00d7 13.5 \u00d7 15 cm<\/p>\n<p>Instrucciones manuales<\/p>\n<p>\ud83d\udcccNaturaleza del protagonista<\/p>\n<p>Introducing our proud collection named \u201cM18 Hellcat Tank Destroyer With Motor\u201d you should not miss.<\/p>\n<p>&nbsp;The Hellcat saw significant action in the European Theater and was appreciated for its ability to hit hard and fast while being relatively easy to maneuver.&nbsp;<\/p><\/div>","protected":false},"excerpt":{"rendered":"<p>Marca: MOLD KING<br \/>\nG\u00e9nero: Unisex<br \/>\nRango de edad: &gt; 6 a\u00f1os<br \/>\nModel Number: 20032<br \/>\nClasificaci\u00f3n: Ensamblaje<br \/>\nForma de bloque de pl\u00e1stico: Ladrillos autoblocantes<br \/>\nMaterial: Pl\u00e1stico<br \/>\nTipo de pl\u00e1stico: ABS<br \/>\nBricks Blocks: 971 +<br \/>\nSin caja original<br \/>\nEl producto no incluye PEGATINA ni Piezas IMPRESAS. Todas las piezas impresas se reemplazar\u00e1n por piezas est\u00e1ndar y no se incluir\u00e1n en los accesorios de terceros.<\/p>","protected":false},"featured_media":60652,"comment_status":"open","ping_status":"closed","template":"","meta":{"_acf_changed":false},"product_cat":[1350,1357,372,364],"product_tag":[682,11973,13564,374,485,389],"class_list":["product","first","instock","shipping-taxable","purchasable","product-type-simple"],"acf":[],"_links":{"self":[{"href":"https:\/\/mouldking.store\/es\/wp-json\/wp\/v2\/product\/60653","targetHints":{"allow":["GET"]}}],"collection":[{"href":"https:\/\/mouldking.store\/es\/wp-json\/wp\/v2\/product"}],"about":[{"href":"https:\/\/mouldking.store\/es\/wp-json\/wp\/v2\/types\/product"}],"replies":[{"embeddable":true,"href":"https:\/\/mouldking.store\/es\/wp-json\/wp\/v2\/comments?post=60653"}],"wp:featuredmedia":[{"embeddable":true,"href":"https:\/\/mouldking.store\/es\/wp-json\/wp\/v2\/media\/60652"}],"wp:attachment":[{"href":"https:\/\/mouldking.store\/es\/wp-json\/wp\/v2\/media?parent=60653"}],"wp:term":[{"taxonomy":"product_cat","embeddable":true,"href":"https:\/\/mouldking.store\/es\/wp-json\/wp\/v2\/product_cat?post=60653"},{"taxonomy":"product_tag","embeddable":true,"href":"https:\/\/mouldking.store\/es\/wp-json\/wp\/v2\/product_tag?post=60653"}],"curies":[{"name":"wp","href":"https:\/\/api.w.org\/{rel}","templated":true}]}}