{"id":60674,"date":"2024-08-22T18:44:42","date_gmt":"2024-08-22T11:44:42","guid":{"rendered":"https:\/\/mouldking.store\/shop\/mould-king-10117-lykan-with-1311-pieces\/"},"modified":"2024-08-22T18:44:49","modified_gmt":"2024-08-22T11:44:49","slug":"mould-king-10117-lykan-with-1311-pieces","status":"publish","type":"product","link":"https:\/\/mouldking.store\/es\/shop\/mould-king-10117-lykan-with-1311-pieces\/","title":{"rendered":"MOULD KING 10117 Lykan with 1311 Pieces"},"content":{"rendered":"<div>\u2705MouldKing 10117 Lykan<\/p>\n<p>\u2705 The Lykan Hypersport is a high-performance sports car manufactured by the Lebanese company W Motors. It&#8217;s known for its striking design, luxurious features, and impressive performance.&nbsp;<\/p>\n<p>\ud83d\udeab \u00a1IMPORTANTE!<\/p>\n<p>Product Name: Lykan<\/p>\n<p>Categor\u00eda: T\u00e9cnica<\/p>\n<p>This Kit Contains: MouldKing 10117<\/p>\n<p>1311 pcs Good Quality Bricks<\/p>\n<p>Size: 29.6 \u00d7 13.8 \u00d7 7.3 cm<\/p>\n<p>Instrucciones manuales<\/p>\n<p>\ud83d\udcccNaturaleza del protagonista<\/p>\n<p>Introducing our proud collection named \u201cLykan\u201d you should not miss.<\/p>\n<p>&nbsp;The car is equipped with a twin-turbocharged 3.8-liter flat-six engine that produces around 780 horsepower, allowing it to accelerate from 0 to 60 mph in just 2.8 seconds. The Lykan Hypersport also features diamond-encrusted headlights and a high-tech interior with a holographic display. It\u2019s a rare and exclusive vehicle, making it quite the standout in the world of exotic cars.&nbsp;<\/p><\/div>","protected":false},"excerpt":{"rendered":"<p>Marca: MOLD KING<br \/>\nG\u00e9nero: Unisex<br \/>\nRango de edad: &gt; 6 a\u00f1os<br \/>\nModel Number: 10117<br \/>\nClasificaci\u00f3n: Ensamblaje<br \/>\nForma de bloque de pl\u00e1stico: Ladrillos autoblocantes<br \/>\nMaterial: Pl\u00e1stico<br \/>\nTipo de pl\u00e1stico: ABS<br \/>\nBricks Blocks: 1311 +<br \/>\nSin caja original<br \/>\nEl producto no incluye PEGATINA ni Piezas IMPRESAS. Todas las piezas impresas se reemplazar\u00e1n por piezas est\u00e1ndar y no se incluir\u00e1n en los accesorios de terceros.<\/p>","protected":false},"featured_media":60673,"comment_status":"open","ping_status":"closed","template":"","meta":{"_acf_changed":false},"product_cat":[1357,371,372,390,581,6016,415,364],"product_tag":[13565,13566,366,389,11080],"class_list":["product","first","instock","shipping-taxable","purchasable","product-type-simple"],"acf":[],"_links":{"self":[{"href":"https:\/\/mouldking.store\/es\/wp-json\/wp\/v2\/product\/60674","targetHints":{"allow":["GET"]}}],"collection":[{"href":"https:\/\/mouldking.store\/es\/wp-json\/wp\/v2\/product"}],"about":[{"href":"https:\/\/mouldking.store\/es\/wp-json\/wp\/v2\/types\/product"}],"replies":[{"embeddable":true,"href":"https:\/\/mouldking.store\/es\/wp-json\/wp\/v2\/comments?post=60674"}],"wp:featuredmedia":[{"embeddable":true,"href":"https:\/\/mouldking.store\/es\/wp-json\/wp\/v2\/media\/60673"}],"wp:attachment":[{"href":"https:\/\/mouldking.store\/es\/wp-json\/wp\/v2\/media?parent=60674"}],"wp:term":[{"taxonomy":"product_cat","embeddable":true,"href":"https:\/\/mouldking.store\/es\/wp-json\/wp\/v2\/product_cat?post=60674"},{"taxonomy":"product_tag","embeddable":true,"href":"https:\/\/mouldking.store\/es\/wp-json\/wp\/v2\/product_tag?post=60674"}],"curies":[{"name":"wp","href":"https:\/\/api.w.org\/{rel}","templated":true}]}}