{"id":60682,"date":"2024-08-22T18:45:01","date_gmt":"2024-08-22T11:45:01","guid":{"rendered":"https:\/\/mouldking.store\/shop\/mould-king-10113-nissan-skyline-gtr-r34-with-1471-pieces\/"},"modified":"2024-08-22T18:45:07","modified_gmt":"2024-08-22T11:45:07","slug":"mould-king-10113-nissan-skyline-gtr-r34-with-1471-pieces","status":"publish","type":"product","link":"https:\/\/mouldking.store\/es\/shop\/mould-king-10113-nissan-skyline-gtr-r34-with-1471-pieces\/","title":{"rendered":"MOULD KING 10113 Nissan Skyline GTR R34 with 1471 Pieces"},"content":{"rendered":"<div>\u2705MouldKing 10113 Nissan Skyline GTR R34<\/p>\n<p>\u2705 The Nissan Skyline GT-R R34 is a legendary sports car that has earned a reputation for its performance and tuning potential. Produced from 1999 to 2002, it features a 2.6-liter inline-six engine (RB26DETT) with twin turbochargers, producing around 280 horsepower.&nbsp;<\/p>\n<p>\ud83d\udeab \u00a1IMPORTANTE!<\/p>\n<p>Product Name: Nissan Skyline GTR R34<\/p>\n<p>Categor\u00eda: T\u00e9cnica<\/p>\n<p>This Kit Contains: MouldKing 10113&nbsp;<\/p>\n<p>1471 pcs Good Quality Bricks<\/p>\n<p>Size: 33.7 \u00d7 16.6 \u00d7 9.6 cm<\/p>\n<p>Instrucciones manuales<\/p>\n<p>\ud83d\udcccNaturaleza del protagonista<\/p>\n<p>Introducing our proud collection named \u201cNissan Skyline GTR R34\u201d you should not miss.<\/p>\n<p>&nbsp;The R34 GT-R is well-known for its advanced technology, including the ATTESA E-TS all-wheel-drive system and the Super-HICAS (High Capacity Actively Steered) system, which enhances handling and stability.&nbsp;<\/p><\/div>","protected":false},"excerpt":{"rendered":"<p>Marca: MOLD KING<br \/>\nG\u00e9nero: Unisex<br \/>\nRango de edad: &gt; 6 a\u00f1os<br \/>\nModel Number: 10113<br \/>\nClasificaci\u00f3n: Ensamblaje<br \/>\nForma de bloque de pl\u00e1stico: Ladrillos autoblocantes<br \/>\nMaterial: Pl\u00e1stico<br \/>\nTipo de pl\u00e1stico: ABS<br \/>\nBricks Blocks: 1471 +<br \/>\nSin caja original<br \/>\nEl producto no incluye PEGATINA ni Piezas IMPRESAS. Todas las piezas impresas se reemplazar\u00e1n por piezas est\u00e1ndar y no se incluir\u00e1n en los accesorios de terceros.<\/p>","protected":false},"featured_media":60681,"comment_status":"open","ping_status":"closed","template":"","meta":{"_acf_changed":false},"product_cat":[1360,1357,371,372,390,581,6016,415,364,1875],"product_tag":[457,2694,13569,366,2693,13567,10530,13568,389,11080],"class_list":["product","first","instock","shipping-taxable","purchasable","product-type-simple"],"acf":[],"_links":{"self":[{"href":"https:\/\/mouldking.store\/es\/wp-json\/wp\/v2\/product\/60682","targetHints":{"allow":["GET"]}}],"collection":[{"href":"https:\/\/mouldking.store\/es\/wp-json\/wp\/v2\/product"}],"about":[{"href":"https:\/\/mouldking.store\/es\/wp-json\/wp\/v2\/types\/product"}],"replies":[{"embeddable":true,"href":"https:\/\/mouldking.store\/es\/wp-json\/wp\/v2\/comments?post=60682"}],"wp:featuredmedia":[{"embeddable":true,"href":"https:\/\/mouldking.store\/es\/wp-json\/wp\/v2\/media\/60681"}],"wp:attachment":[{"href":"https:\/\/mouldking.store\/es\/wp-json\/wp\/v2\/media?parent=60682"}],"wp:term":[{"taxonomy":"product_cat","embeddable":true,"href":"https:\/\/mouldking.store\/es\/wp-json\/wp\/v2\/product_cat?post=60682"},{"taxonomy":"product_tag","embeddable":true,"href":"https:\/\/mouldking.store\/es\/wp-json\/wp\/v2\/product_tag?post=60682"}],"curies":[{"name":"wp","href":"https:\/\/api.w.org\/{rel}","templated":true}]}}