{"id":60697,"date":"2024-08-22T18:45:45","date_gmt":"2024-08-22T11:45:45","guid":{"rendered":"https:\/\/mouldking.store\/shop\/mould-king-10037-american-truck-with-1797-pieces\/"},"modified":"2024-08-22T18:45:52","modified_gmt":"2024-08-22T11:45:52","slug":"mould-king-10037-american-truck-with-1797-pieces","status":"publish","type":"product","link":"https:\/\/mouldking.store\/es\/shop\/mould-king-10037-american-truck-with-1797-pieces\/","title":{"rendered":"MOULD KING 10037 American Truck with 1797 Pieces"},"content":{"rendered":"<div>\u2705MouldKing 10037 American Truck<\/p>\n<p>\u2705 &#8220;American truck&#8221; typically refers to large, heavy-duty trucks used for long-haul transportation and commercial purposes in the U.S. These trucks are often characterized by their large size, powerful engines, and durability.&nbsp;<\/p>\n<p>\ud83d\udeab \u00a1IMPORTANTE!<\/p>\n<p>Product Name: American Truck<\/p>\n<p>Categor\u00eda: T\u00e9cnica<\/p>\n<p>This Kit Contains: MouldKing 10037<\/p>\n<p>1797 piezas de ladrillos de buena calidad<\/p>\n<p>Size: 44.4 \u00d7 16.5 \u00d7 18.9 cm<\/p>\n<p>Instrucciones manuales<\/p>\n<p>\ud83d\udcccNaturaleza del protagonista<\/p>\n<p>Introducing our proud collection named \u201cAmerican Truck\u201d you should not miss.<\/p>\n<p>&nbsp;These trucks are commonly used for freight transport and are known for their distinctive large cab and long trailer. Popular brands include Kenworth, Peterbilt, and Freightliner.&nbsp;<\/p><\/div>","protected":false},"excerpt":{"rendered":"<p>Marca: MOLD KING<br \/>\nG\u00e9nero: Unisex<br \/>\nRango de edad: &gt; 14 a\u00f1os<br \/>\nModel Number: 10037<br \/>\nClasificaci\u00f3n: Ensamblaje<br \/>\nForma de bloque de pl\u00e1stico: Ladrillos autoblocantes<br \/>\nMaterial: Pl\u00e1stico<br \/>\nTipo de pl\u00e1stico: ABS<br \/>\nLadrillos Bloques: 1797 +<br \/>\nSin caja original<br \/>\nEl producto no incluye PEGATINA ni Piezas IMPRESAS. Todas las piezas impresas se reemplazar\u00e1n por piezas est\u00e1ndar y no se incluir\u00e1n en los accesorios de terceros.<\/p>","protected":false},"featured_media":60696,"comment_status":"open","ping_status":"closed","template":"","meta":{"_acf_changed":false},"product_cat":[1357,371,372,390,581,6016,415,364],"product_tag":[2488,13570,366,389,11080,466],"class_list":["product","first","instock","shipping-taxable","purchasable","product-type-simple"],"acf":[],"_links":{"self":[{"href":"https:\/\/mouldking.store\/es\/wp-json\/wp\/v2\/product\/60697","targetHints":{"allow":["GET"]}}],"collection":[{"href":"https:\/\/mouldking.store\/es\/wp-json\/wp\/v2\/product"}],"about":[{"href":"https:\/\/mouldking.store\/es\/wp-json\/wp\/v2\/types\/product"}],"replies":[{"embeddable":true,"href":"https:\/\/mouldking.store\/es\/wp-json\/wp\/v2\/comments?post=60697"}],"wp:featuredmedia":[{"embeddable":true,"href":"https:\/\/mouldking.store\/es\/wp-json\/wp\/v2\/media\/60696"}],"wp:attachment":[{"href":"https:\/\/mouldking.store\/es\/wp-json\/wp\/v2\/media?parent=60697"}],"wp:term":[{"taxonomy":"product_cat","embeddable":true,"href":"https:\/\/mouldking.store\/es\/wp-json\/wp\/v2\/product_cat?post=60697"},{"taxonomy":"product_tag","embeddable":true,"href":"https:\/\/mouldking.store\/es\/wp-json\/wp\/v2\/product_tag?post=60697"}],"curies":[{"name":"wp","href":"https:\/\/api.w.org\/{rel}","templated":true}]}}