{"id":60721,"date":"2024-08-22T18:47:00","date_gmt":"2024-08-22T11:47:00","guid":{"rendered":"https:\/\/mouldking.store\/shop\/mould-king-10031-rolls-royce-wraith-with-1603-pieces\/"},"modified":"2024-08-22T18:47:07","modified_gmt":"2024-08-22T11:47:07","slug":"mould-king-10031-rolls-royce-wraith-with-1603-pieces","status":"publish","type":"product","link":"https:\/\/mouldking.store\/es\/shop\/mould-king-10031-rolls-royce-wraith-with-1603-pieces\/","title":{"rendered":"MOULD KING 10031 Rolls-Royce Wraith with 1603 Pieces"},"content":{"rendered":"<div>\u2705MouldKing 10031 Rolls-Royce Wraith<\/p>\n<p>\u2705 The Rolls-Royce Wraith is a luxury grand tourer known for its elegant design, powerful performance, and high level of craftsmanship. Introduced in 2013, the Wraith is part of Rolls-Royce\u2019s lineup and is recognized for its blend of classic luxury and modern technology.&nbsp;<\/p>\n<p>\ud83d\udeab \u00a1IMPORTANTE!<\/p>\n<p>Product Name: Rolls-Royce Wraith<\/p>\n<p>Categor\u00eda: T\u00e9cnica<\/p>\n<p>This Kit Contains: MouldKing 10031<\/p>\n<p>1603 pcs Good Quality Bricks<\/p>\n<p>Size: 35.3 \u00d7 17 \u00d7 9.8 cm<\/p>\n<p>Instrucciones manuales<\/p>\n<p>\ud83d\udcccNaturaleza del protagonista<\/p>\n<p>Introducing our proud collection named \u201cRolls-Royce Wraith\u201d you should not miss.<\/p>\n<p>&nbsp;The Wraith is celebrated for its luxurious ride and powerful performance, making it a standout in the luxury sports car segment.&nbsp;<\/p><\/div>","protected":false},"excerpt":{"rendered":"<p>Marca: MOLD KING<br \/>\nG\u00e9nero: Unisex<br \/>\nRango de edad: &gt; 14 a\u00f1os<br \/>\nModel Number: 10031<br \/>\nClasificaci\u00f3n: Ensamblaje<br \/>\nForma de bloque de pl\u00e1stico: Ladrillos autoblocantes<br \/>\nMaterial: Pl\u00e1stico<br \/>\nTipo de pl\u00e1stico: ABS<br \/>\nBricks Blocks: 1603 +<br \/>\nSin caja original<br \/>\nEl producto no incluye PEGATINA ni Piezas IMPRESAS. Todas las piezas impresas se reemplazar\u00e1n por piezas est\u00e1ndar y no se incluir\u00e1n en los accesorios de terceros.<\/p>","protected":false},"featured_media":60720,"comment_status":"open","ping_status":"closed","template":"","meta":{"_acf_changed":false},"product_cat":[1360,1357,364,1875],"product_tag":[457,3472,389,11080,9468],"class_list":["product","first","instock","shipping-taxable","purchasable","product-type-simple"],"acf":[],"_links":{"self":[{"href":"https:\/\/mouldking.store\/es\/wp-json\/wp\/v2\/product\/60721","targetHints":{"allow":["GET"]}}],"collection":[{"href":"https:\/\/mouldking.store\/es\/wp-json\/wp\/v2\/product"}],"about":[{"href":"https:\/\/mouldking.store\/es\/wp-json\/wp\/v2\/types\/product"}],"replies":[{"embeddable":true,"href":"https:\/\/mouldking.store\/es\/wp-json\/wp\/v2\/comments?post=60721"}],"wp:featuredmedia":[{"embeddable":true,"href":"https:\/\/mouldking.store\/es\/wp-json\/wp\/v2\/media\/60720"}],"wp:attachment":[{"href":"https:\/\/mouldking.store\/es\/wp-json\/wp\/v2\/media?parent=60721"}],"wp:term":[{"taxonomy":"product_cat","embeddable":true,"href":"https:\/\/mouldking.store\/es\/wp-json\/wp\/v2\/product_cat?post=60721"},{"taxonomy":"product_tag","embeddable":true,"href":"https:\/\/mouldking.store\/es\/wp-json\/wp\/v2\/product_tag?post=60721"}],"curies":[{"name":"wp","href":"https:\/\/api.w.org\/{rel}","templated":true}]}}