{"id":60729,"date":"2024-08-22T18:47:07","date_gmt":"2024-08-22T11:47:07","guid":{"rendered":"https:\/\/mouldking.store\/shop\/mould-king-13190-lykan-hypersport-with-motor-with-4070-pieces\/"},"modified":"2024-08-22T18:47:13","modified_gmt":"2024-08-22T11:47:13","slug":"mould-king-13190-lykan-hypersport-with-motor-with-4070-pieces","status":"publish","type":"product","link":"https:\/\/mouldking.store\/es\/shop\/mould-king-13190-lykan-hypersport-with-motor-with-4070-pieces\/","title":{"rendered":"MOULD KING 13190 Lykan Hypersport With Motor with 4070 Pieces"},"content":{"rendered":"<div>\u2705MouldKing 13190 Lykan Hypersport With Motor<\/p>\n<p>\u2705 The Lykan Hypersport is an exclusive hypercar manufactured by W Motors, a Lebanese automotive company. It gained international fame for its luxurious features and striking design.&nbsp;<\/p>\n<p>\ud83d\udeab \u00a1IMPORTANTE!<\/p>\n<p>Product Name: Lykan Hypersport With Motor<\/p>\n<p>Categor\u00eda: T\u00e9cnica<\/p>\n<p>This Kit Contains: MouldKing 13190<\/p>\n<p>4070 pcs Good Quality Bricks<\/p>\n<p>Size: 52.3 \u00d7 24.4 \u00d7 13.5 cm<\/p>\n<p>Instrucciones manuales<\/p>\n<p>\ud83d\udcccNaturaleza del protagonista<\/p>\n<p>Introducing our proud collection named \u201cLykan Hypersport With Motor\u201d you should not miss.<\/p>\n<p>&nbsp;It is equipped with a 3.8-liter twin-turbocharged flat-six engine, producing around 780 horsepower. This allows it to accelerate from 0 to 60 mph in approximately 2.8 seconds, with a top speed of around 245 mph (394 km\/h).&nbsp; It gained additional fame from its appearance in the &#8220;Fast &amp; Furious 7&#8221; movie, where it was showcased in an action sequence.&nbsp;<\/p><\/div>","protected":false},"excerpt":{"rendered":"<p>Marca: MOLD KING<br \/>\nG\u00e9nero: Unisex<br \/>\nRango de edad: &gt; 14 a\u00f1os<br \/>\nModel Number: 13190<br \/>\nClasificaci\u00f3n: Ensamblaje<br \/>\nForma de bloque de pl\u00e1stico: Ladrillos autoblocantes<br \/>\nMaterial: Pl\u00e1stico<br \/>\nTipo de pl\u00e1stico: ABS<br \/>\nBricks Blocks: 4070 +<br \/>\nSin caja original<br \/>\nEl producto no incluye PEGATINA ni Piezas IMPRESAS. Todas las piezas impresas se reemplazar\u00e1n por piezas est\u00e1ndar y no se incluir\u00e1n en los accesorios de terceros.<\/p>","protected":false},"featured_media":60728,"comment_status":"open","ping_status":"closed","template":"","meta":{"_acf_changed":false},"product_cat":[1360,1357,364,1875],"product_tag":[457,13572,13565,13566,389,11080],"class_list":["product","first","instock","shipping-taxable","purchasable","product-type-simple"],"acf":[],"_links":{"self":[{"href":"https:\/\/mouldking.store\/es\/wp-json\/wp\/v2\/product\/60729","targetHints":{"allow":["GET"]}}],"collection":[{"href":"https:\/\/mouldking.store\/es\/wp-json\/wp\/v2\/product"}],"about":[{"href":"https:\/\/mouldking.store\/es\/wp-json\/wp\/v2\/types\/product"}],"replies":[{"embeddable":true,"href":"https:\/\/mouldking.store\/es\/wp-json\/wp\/v2\/comments?post=60729"}],"wp:featuredmedia":[{"embeddable":true,"href":"https:\/\/mouldking.store\/es\/wp-json\/wp\/v2\/media\/60728"}],"wp:attachment":[{"href":"https:\/\/mouldking.store\/es\/wp-json\/wp\/v2\/media?parent=60729"}],"wp:term":[{"taxonomy":"product_cat","embeddable":true,"href":"https:\/\/mouldking.store\/es\/wp-json\/wp\/v2\/product_cat?post=60729"},{"taxonomy":"product_tag","embeddable":true,"href":"https:\/\/mouldking.store\/es\/wp-json\/wp\/v2\/product_tag?post=60729"}],"curies":[{"name":"wp","href":"https:\/\/api.w.org\/{rel}","templated":true}]}}