{"id":60742,"date":"2024-08-23T18:23:57","date_gmt":"2024-08-23T11:23:57","guid":{"rendered":"https:\/\/mouldking.store\/shop\/mould-king-10109-loading-and-unloading-dock-with-821-pieces\/"},"modified":"2024-08-23T18:24:29","modified_gmt":"2024-08-23T11:24:29","slug":"mould-king-10109-loading-and-unloading-dock-with-821-pieces","status":"publish","type":"product","link":"https:\/\/mouldking.store\/es\/shop\/mould-king-10109-loading-and-unloading-dock-with-821-pieces\/","title":{"rendered":"MOULD KING 10109 Loading And Unloading Dock with 821 Pieces"},"content":{"rendered":"<div>\u2705Mould King 10109 Loading And Unloading Dock<\/p>\n<p>\u2705 A loading and unloading dock is a critical area in warehouses, distribution centers, or manufacturing plants where goods are transferred between vehicles and storage or processing areas.&nbsp;<\/p>\n<p>\ud83d\udeab \u00a1IMPORTANTE!<\/p>\n<p>Product Name: Loading And Unloading Dock<\/p>\n<p>Categor\u00eda: Edificio Modular<\/p>\n<p>This Kit Contains: Mould King 10109<\/p>\n<p>821 pcs Good Quality Bricks<\/p>\n<p>Size: 28.8 \u00d7 25.7 \u00d7 14.5 cm<\/p>\n<p>Instrucciones manuales<\/p>\n<p>\ud83d\udcccNaturaleza del protagonista<\/p>\n<p>Introducing our proud collection named \u201cLoading And Unloading Dock\u201d you should not miss.<\/p>\n<p>&nbsp;A well-designed loading and unloading dock is crucial for the smooth operation of supply chains and logistics, contributing significantly to a company&#8217;s overall efficiency.&nbsp;<\/p><\/div>","protected":false},"excerpt":{"rendered":"<p>Marca: MOLD KING<br \/>\nG\u00e9nero: Unisex<br \/>\nRango de edad: &gt; 8 a\u00f1os<br \/>\nModel Number: 10109<br \/>\nClasificaci\u00f3n: Ensamblaje<br \/>\nForma de bloque de pl\u00e1stico: Ladrillos autoblocantes<br \/>\nMaterial: Pl\u00e1stico<br \/>\nTipo de pl\u00e1stico: ABS<br \/>\nBricks Blocks: 821 +<br \/>\nSin caja original<br \/>\nEl producto no incluye PEGATINA ni Piezas IMPRESAS. Todas las piezas impresas se reemplazar\u00e1n por piezas est\u00e1ndar y no se incluir\u00e1n en los accesorios de terceros.<\/p>","protected":false},"featured_media":60741,"comment_status":"open","ping_status":"closed","template":"","meta":{"_acf_changed":false},"product_cat":[1365,1395,1502,390],"product_tag":[4883,11601,10552,12706,392,13573],"class_list":["product","first","instock","shipping-taxable","purchasable","product-type-simple"],"acf":[],"_links":{"self":[{"href":"https:\/\/mouldking.store\/es\/wp-json\/wp\/v2\/product\/60742","targetHints":{"allow":["GET"]}}],"collection":[{"href":"https:\/\/mouldking.store\/es\/wp-json\/wp\/v2\/product"}],"about":[{"href":"https:\/\/mouldking.store\/es\/wp-json\/wp\/v2\/types\/product"}],"replies":[{"embeddable":true,"href":"https:\/\/mouldking.store\/es\/wp-json\/wp\/v2\/comments?post=60742"}],"wp:featuredmedia":[{"embeddable":true,"href":"https:\/\/mouldking.store\/es\/wp-json\/wp\/v2\/media\/60741"}],"wp:attachment":[{"href":"https:\/\/mouldking.store\/es\/wp-json\/wp\/v2\/media?parent=60742"}],"wp:term":[{"taxonomy":"product_cat","embeddable":true,"href":"https:\/\/mouldking.store\/es\/wp-json\/wp\/v2\/product_cat?post=60742"},{"taxonomy":"product_tag","embeddable":true,"href":"https:\/\/mouldking.store\/es\/wp-json\/wp\/v2\/product_tag?post=60742"}],"curies":[{"name":"wp","href":"https:\/\/api.w.org\/{rel}","templated":true}]}}