{"id":60795,"date":"2024-08-28T18:15:04","date_gmt":"2024-08-28T11:15:04","guid":{"rendered":"https:\/\/mouldking.store\/shop\/mould-king-17071-liebherr-r-9800-excavator-with-motor-with-4767-pieces\/"},"modified":"2024-08-28T18:15:10","modified_gmt":"2024-08-28T11:15:10","slug":"mould-king-17071-liebherr-r-9800-excavator-with-motor-with-4767-pieces","status":"publish","type":"product","link":"https:\/\/mouldking.store\/es\/shop\/mould-king-17071-liebherr-r-9800-excavator-with-motor-with-4767-pieces\/","title":{"rendered":"MOULD KING 17071 Liebherr R 9800 Excavator With Motor with 4767 Pieces"},"content":{"rendered":"<div>\u2705MouldKing 17071 Liebherr R 9800 Excavator With Motor<\/p>\n<p>\u2705 The Liebherr R 9800 is one of the world&#8217;s largest and most powerful hydraulic mining excavators. Manufactured by Liebherr, a leading company in heavy machinery, the R 9800 is designed primarily for large-scale mining operations.&nbsp;<\/p>\n<p>\ud83d\udeab \u00a1IMPORTANTE!<\/p>\n<p>Product Name: Liebherr R 9800 Excavator With Motor<\/p>\n<p>Categor\u00eda: T\u00e9cnica<\/p>\n<p>This Kit Contains: MouldKing 17071<\/p>\n<p>4767 pcs Good Quality Bricks<\/p>\n<p>Size: 65.7 \u00d7 30.4 \u00d7 40 cm<\/p>\n<p>Instrucciones manuales<\/p>\n<p>\ud83d\udcccNaturaleza del protagonista<\/p>\n<p>Introducing our proud collection named \u201cLiebherr R 9800 Excavator With Motor\u201d you should not miss.<\/p>\n<p>&nbsp;The R 9800 is known for its robust construction, advanced hydraulic systems, and efficient power management, providing both high productivity and low fuel consumption.&nbsp; It is also equipped with modern safety features and technologies to enhance operator comfort and safety, including spacious cabins with advanced controls, air conditioning, and excellent visibility.&nbsp;<\/p><\/div>","protected":false},"excerpt":{"rendered":"<p>Marca: MOLD KING<br \/>\nG\u00e9nero: Unisex<br \/>\nRango de edad: &gt; 12 a\u00f1os<br \/>\nModel Number: 17071<br \/>\nClasificaci\u00f3n: Ensamblaje<br \/>\nForma de bloque de pl\u00e1stico: Ladrillos autoblocantes<br \/>\nMaterial: Pl\u00e1stico<br \/>\nTipo de pl\u00e1stico: ABS<br \/>\nBricks Blocks: 4767 +<br \/>\nSin caja original<br \/>\nEl producto no incluye PEGATINA ni Piezas IMPRESAS. Todas las piezas impresas se reemplazar\u00e1n por piezas est\u00e1ndar y no se incluir\u00e1n en los accesorios de terceros.<\/p>","protected":false},"featured_media":60794,"comment_status":"open","ping_status":"closed","template":"","meta":{"_acf_changed":false},"product_cat":[1357,371,372,390,581,6016,415,364],"product_tag":[755,11648,12647,12847,366,389,11080],"class_list":["product","first","instock","shipping-taxable","purchasable","product-type-simple"],"acf":[],"_links":{"self":[{"href":"https:\/\/mouldking.store\/es\/wp-json\/wp\/v2\/product\/60795","targetHints":{"allow":["GET"]}}],"collection":[{"href":"https:\/\/mouldking.store\/es\/wp-json\/wp\/v2\/product"}],"about":[{"href":"https:\/\/mouldking.store\/es\/wp-json\/wp\/v2\/types\/product"}],"replies":[{"embeddable":true,"href":"https:\/\/mouldking.store\/es\/wp-json\/wp\/v2\/comments?post=60795"}],"wp:featuredmedia":[{"embeddable":true,"href":"https:\/\/mouldking.store\/es\/wp-json\/wp\/v2\/media\/60794"}],"wp:attachment":[{"href":"https:\/\/mouldking.store\/es\/wp-json\/wp\/v2\/media?parent=60795"}],"wp:term":[{"taxonomy":"product_cat","embeddable":true,"href":"https:\/\/mouldking.store\/es\/wp-json\/wp\/v2\/product_cat?post=60795"},{"taxonomy":"product_tag","embeddable":true,"href":"https:\/\/mouldking.store\/es\/wp-json\/wp\/v2\/product_tag?post=60795"}],"curies":[{"name":"wp","href":"https:\/\/api.w.org\/{rel}","templated":true}]}}