{"id":60825,"date":"2024-08-28T18:16:47","date_gmt":"2024-08-28T11:16:47","guid":{"rendered":"https:\/\/mouldking.store\/shop\/mould-king-10003s-k500-vintage-car-with-952-pieces\/"},"modified":"2024-08-28T18:16:53","modified_gmt":"2024-08-28T11:16:53","slug":"mould-king-10003s-k500-vintage-car-with-952-pieces","status":"publish","type":"product","link":"https:\/\/mouldking.store\/es\/shop\/mould-king-10003s-k500-vintage-car-with-952-pieces\/","title":{"rendered":"MOULD KING 10003S K500 Vintage Car with 952 Pieces"},"content":{"rendered":"<div>\u2705MouldKing 10003S K500 Vintage Car<\/p>\n<p>\u2705 Nostalgic classic cars often have stories associated with them, such as being the choice of royalty, celebrities, or being part of significant historical events. These cars are celebrated not only for their design and engineering but also for the memories and emotions they invoke.&nbsp;<\/p>\n<p>\ud83d\udeab \u00a1IMPORTANTE!<\/p>\n<p>Product Name: K500 Vintage Car<\/p>\n<p>Categor\u00eda: T\u00e9cnica<\/p>\n<p>This Kit Contains: MouldKing 10003S<\/p>\n<p>952 pcs Good Quality Bricks<\/p>\n<p>Size: 31 \u00d7 12.5 \u00d7 9 cm<\/p>\n<p>Instrucciones manuales<\/p>\n<p>\ud83d\udcccNaturaleza del protagonista<\/p>\n<p>Introducing our proud collection named \u201cK500 Vintage Car\u201d you should not miss.<\/p>\n<p>&nbsp;Classic cars categorized as nostalgic often see high demand in the collector&#8217;s market. Their value is influenced by factors such as originality, rarity, condition, provenance, and the car&#8217;s historical significance.&nbsp; Platforms like K500 offer insight into the market dynamics, providing enthusiasts with valuable information on how these nostalgic classics perform at auctions and private sales.&nbsp;<\/p><\/div>","protected":false},"excerpt":{"rendered":"<p>Marca: MOLD KING<br \/>\nG\u00e9nero: Unisex<br \/>\nRango de edad: &gt; 8 a\u00f1os<br \/>\nModel Number: 10003S<br \/>\nClasificaci\u00f3n: Ensamblaje<br \/>\nForma de bloque de pl\u00e1stico: Ladrillos autoblocantes<br \/>\nMaterial: Pl\u00e1stico<br \/>\nTipo de pl\u00e1stico: ABS<br \/>\nBricks Blocks: 952 +<br \/>\nSin caja original<br \/>\nEl producto no incluye PEGATINA ni Piezas IMPRESAS. Todas las piezas impresas se reemplazar\u00e1n por piezas est\u00e1ndar y no se incluir\u00e1n en los accesorios de terceros.<\/p>","protected":false},"author":83,"featured_media":60824,"comment_status":"open","ping_status":"closed","template":"","meta":{"_acf_changed":false},"product_cat":[1360,1357,371,372,390,581,6016,415,364,1875],"product_tag":[457,11528,13583,366,12602,389,11080,7941,13119],"class_list":["product","first","instock","shipping-taxable","purchasable","product-type-simple"],"acf":[],"_links":{"self":[{"href":"https:\/\/mouldking.store\/es\/wp-json\/wp\/v2\/product\/60825","targetHints":{"allow":["GET"]}}],"collection":[{"href":"https:\/\/mouldking.store\/es\/wp-json\/wp\/v2\/product"}],"about":[{"href":"https:\/\/mouldking.store\/es\/wp-json\/wp\/v2\/types\/product"}],"author":[{"embeddable":true,"href":"https:\/\/mouldking.store\/es\/wp-json\/wp\/v2\/users\/83"}],"replies":[{"embeddable":true,"href":"https:\/\/mouldking.store\/es\/wp-json\/wp\/v2\/comments?post=60825"}],"wp:featuredmedia":[{"embeddable":true,"href":"https:\/\/mouldking.store\/es\/wp-json\/wp\/v2\/media\/60824"}],"wp:attachment":[{"href":"https:\/\/mouldking.store\/es\/wp-json\/wp\/v2\/media?parent=60825"}],"wp:term":[{"taxonomy":"product_cat","embeddable":true,"href":"https:\/\/mouldking.store\/es\/wp-json\/wp\/v2\/product_cat?post=60825"},{"taxonomy":"product_tag","embeddable":true,"href":"https:\/\/mouldking.store\/es\/wp-json\/wp\/v2\/product_tag?post=60825"}],"curies":[{"name":"wp","href":"https:\/\/api.w.org\/{rel}","templated":true}]}}